{"id":9778,"date":"2016-06-22T16:06:05","date_gmt":"2016-06-22T16:06:05","guid":{"rendered":"http:\/\/www.dravillanueva.com\/medicinaestetica\/?page_id=9778"},"modified":"2020-02-05T13:32:02","modified_gmt":"2020-02-05T11:32:02","slug":"trato-personalizado","status":"publish","type":"page","link":"https:\/\/dravillanueva.com\/medicina-estetica\/trato-personalizado\/","title":{"rendered":"Trato personalizado"},"content":{"rendered":"\n  <div class=\"banner has-hover\" id=\"banner-243988733\">\n          <div class=\"banner-inner fill\">\n        <div class=\"banner-bg fill\" >\n            <div class=\"bg fill bg-fill \"><\/div>\n                                    \n                    <\/div>\n\t\t\n        <div class=\"banner-layers container\">\n            <div class=\"fill banner-link\"><\/div>            \n   <div id=\"text-box-541345060\" class=\"text-box banner-layer x50 md-x50 lg-x50 y85 md-y85 lg-y85 res-text\">\n                                <div class=\"text-box-content text dark\">\n              \n              <div class=\"text-inner text-center\">\n                  \n<h2 class=\"uppercase\"><strong>TRATO PERSONALIZADO<\/strong><\/h2>\n<p>Lorem ipsum dolor sit amet, consectetuer adipiscing elit, sed diam nonummy nibh euismod tincidunt ut.<\/p>\n              <\/div>\n           <\/div>\n                            \n<style>\n#text-box-541345060 {\n  width: 60%;\n}\n#text-box-541345060 .text-box-content {\n  font-size: 100%;\n}\n<\/style>\n    <\/div>\n \n        <\/div>\n      <\/div>\n\n            \n<style>\n#banner-243988733 {\n  padding-top: 350px;\n  background-color: rgba(210, 110, 75, 0.5);\n}\n#banner-243988733 .ux-shape-divider--top svg {\n  height: 150px;\n  --divider-top-width: 100%;\n}\n#banner-243988733 .ux-shape-divider--bottom svg {\n  height: 150px;\n  --divider-width: 100%;\n}\n<\/style>\n  <\/div>\n\n\n\t<section class=\"section\" id=\"section_1044644603\">\n\t\t<div class=\"bg section-bg fill bg-fill  bg-loaded\" >\n\n\t\t\t\n\t\t\t\n\t\t\t\n\n\t\t<\/div>\n\n\t\t\n\n\t\t<div class=\"section-content relative\">\n\t\t\t\n\t<div id=\"gap-1781653701\" class=\"gap-element clearfix\" style=\"display:block; height:auto;\">\n\t\t\n<style>\n#gap-1781653701 {\n  padding-top: 70px;\n}\n<\/style>\n\t<\/div>\n\t\n<div class=\"row row-collapse align-center\"  id=\"row-1496958161\">\n\n\t<div id=\"col-732551207\" class=\"col medium-6 small-12 large-6\"  >\n\t\t\t\t<div class=\"col-inner text-left\"  >\n\t\t\t\n\t\t\t\n<p>Como en todas las ramas de la medicina, el diagn\u00f3stico es imprescindible para indicar un tratamiento. El hecho de comprender las necesidades est\u00e9ticas de los pacientes, y de determinar aquellos tratamientos que pueden cubrir dichas necesidades es un factor clave para<strong>\u00a0obtener un excelente resultado, y la completa satisfacci\u00f3n del paciente<\/strong>.<\/p>\n<p>Como responsable de la\u00a0<strong>Cl\u00ednica Dra. Villanueva me vuelco en ese primer diagn\u00f3stico<\/strong>, analizando las necesidades est\u00e9ticas de cada uno de nuestros pacientes bas\u00e1ndome en las \u00faltimas t\u00e9cnicas disponibles en Medicina Est\u00e9tica.<\/p>\n<p>Por lo tanto, en nuestra Cl\u00ednica Dra. Villanueva utilizamos el tiempo que sea necesario en la primera visita informativa, puesto que ser\u00e1 en base a ese primer diagn\u00f3stico que se comience con el tratamiento est\u00e9tico.<\/p>\n<p>Del mismo modo, adem\u00e1s de esta primera visita informativa,\u00a0<strong>mi equipo de trabajo les brindar\u00e1 un trato inmejorable<\/strong>\u00a0desde la atenci\u00f3n telef\u00f3nica de la llamada, hasta el seguimiento post-tratamiento, pasando por la recepci\u00f3n en la Cl\u00ednica.<\/p>\n<p>Por todo ello, me gustar\u00eda explicarte que\u00a0<strong>para nosotros eres una persona \u00fanica<\/strong>, con un nombre, unas necesidades est\u00e9ticas, y un deseo de verte y sentirte mucho mejor.<\/p>\n\t\t<\/div>\n\t\t\t\t\t<\/div>\n\n\t\n\n\t<div id=\"col-1685164560\" class=\"col medium-6 small-12 large-6\"  >\n\t\t\t\t<div class=\"col-inner text-left\"  >\n\t\t\t\n\t\t\t\n\t<div class=\"img has-hover x md-x lg-x y md-y lg-y\" id=\"image_793107590\">\n\t\t\t\t\t\t\t\t<div class=\"img-inner image-cover dark\" style=\"padding-top:62%;margin:0px 0px 0px 20px;\">\n\t\t\t<img loading=\"lazy\" decoding=\"async\" width=\"1020\" height=\"669\" src=\"https:\/\/dravillanueva.com\/medicina-estetica\/wp-content\/uploads\/Diagnostico-1024x672.jpg\" class=\"attachment-large size-large\" alt=\"Trato personalizado\" srcset=\"https:\/\/dravillanueva.com\/medicina-estetica\/wp-content\/uploads\/Diagnostico-1024x672.jpg 1024w, https:\/\/dravillanueva.com\/medicina-estetica\/wp-content\/uploads\/Diagnostico-300x197.jpg 300w, https:\/\/dravillanueva.com\/medicina-estetica\/wp-content\/uploads\/Diagnostico-768x504.jpg 768w, https:\/\/dravillanueva.com\/medicina-estetica\/wp-content\/uploads\/Diagnostico-600x394.jpg 600w, https:\/\/dravillanueva.com\/medicina-estetica\/wp-content\/uploads\/Diagnostico-330x216.jpg 330w, https:\/\/dravillanueva.com\/medicina-estetica\/wp-content\/uploads\/Diagnostico.jpg 1250w\" sizes=\"auto, (max-width: 1020px) 100vw, 1020px\" \/>\t\t\t\t\t\t\n\t\t\t\t\t<\/div>\n\t\t\t\t\t\t\t\t\n<style>\n#image_793107590 {\n  width: 100%;\n}\n<\/style>\n\t<\/div>\n\t\n\t\t<\/div>\n\t\t\t\t\t<\/div>\n\n\t\n\n\t<div id=\"col-1466827201\" class=\"col small-12 large-12\"  >\n\t\t\t\t<div class=\"col-inner text-left\"  >\n\t\t\t\n\t\t\t\n<p>Por \u00faltimo, me gustar\u00eda indicarte que adem\u00e1s del trato exclusivo e individualizado que recibir\u00e1s en la Cl\u00ednica Dra. Villanueva,\u00a0<strong>la intimidad de nuestros pacientes es un eje fundamental de nuestro trabajo diario<\/strong>, trabajando todos los d\u00edas en lograr la mayor privacidad posible.<\/p>\n\t<div id=\"gap-926830914\" class=\"gap-element clearfix\" style=\"display:block; height:auto;\">\n\t\t\n<style>\n#gap-926830914 {\n  padding-top: 30px;\n}\n<\/style>\n\t<\/div>\n\t\n\t\t<\/div>\n\t\t\t\t\t<\/div>\n\n\t\n<\/div>\n\t\t<\/div>\n\n\t\t\n<style>\n#section_1044644603 {\n  padding-top: 30px;\n  padding-bottom: 30px;\n}\n#section_1044644603 .ux-shape-divider--top svg {\n  height: 150px;\n  --divider-top-width: 100%;\n}\n#section_1044644603 .ux-shape-divider--bottom svg {\n  height: 150px;\n  --divider-width: 100%;\n}\n<\/style>\n\t<\/section>\n\t\n\t<section class=\"section\" id=\"section_1010227674\">\n\t\t<div class=\"bg section-bg fill bg-fill  bg-loaded\" >\n\n\t\t\t\n\t\t\t\n\t\t\t\n\n\t\t<\/div>\n\n\t\t\n\n\t\t<div class=\"section-content relative\">\n\t\t\t\n<div class=\"row align-center\"  id=\"row-514510905\">\n\n\t<div id=\"col-103188272\" class=\"col small-12 large-12\"  >\n\t\t\t\t<div class=\"col-inner text-left\"  >\n\t\t\t\n\t\t\t\n\t<div id=\"gap-2123222129\" class=\"gap-element clearfix\" style=\"display:block; height:auto;\">\n\t\t\n<style>\n#gap-2123222129 {\n  padding-top: 30px;\n}\n<\/style>\n\t<\/div>\n\t\n<h3><span style=\"font-size: 100%;\"><strong>Otras claves para tener unos excelentes resultados<br \/><\/strong><\/span><\/h3>\n\t\t<\/div>\n\t\t\t\t\t<\/div>\n\n\t\n\n\t<div id=\"col-1022859315\" class=\"col medium-3 small-12 large-3\"  >\n\t\t\t\t<div class=\"col-inner text-left\"  >\n\t\t\t\n\t\t\t\n\t<div class=\"img has-hover x md-x lg-x y md-y lg-y\" id=\"image_1267710225\">\n\t\t\t\t\t\t\t\t<div class=\"img-inner image-cover dark\" style=\"padding-top:75%;\">\n\t\t\t<img loading=\"lazy\" decoding=\"async\" width=\"1020\" height=\"402\" src=\"https:\/\/dravillanueva.com\/medicina-estetica\/wp-content\/uploads\/Ponencia-sobre-rejuvenecimiento-de-la-mirada-1-1024x404.jpg\" class=\"attachment-large size-large\" alt=\"Ponencia sobre rejuvenecimiento de la mirada 1\" srcset=\"https:\/\/dravillanueva.com\/medicina-estetica\/wp-content\/uploads\/Ponencia-sobre-rejuvenecimiento-de-la-mirada-1-1024x404.jpg 1024w, https:\/\/dravillanueva.com\/medicina-estetica\/wp-content\/uploads\/Ponencia-sobre-rejuvenecimiento-de-la-mirada-1-300x118.jpg 300w, https:\/\/dravillanueva.com\/medicina-estetica\/wp-content\/uploads\/Ponencia-sobre-rejuvenecimiento-de-la-mirada-1-768x303.jpg 768w, https:\/\/dravillanueva.com\/medicina-estetica\/wp-content\/uploads\/Ponencia-sobre-rejuvenecimiento-de-la-mirada-1-600x237.jpg 600w, https:\/\/dravillanueva.com\/medicina-estetica\/wp-content\/uploads\/Ponencia-sobre-rejuvenecimiento-de-la-mirada-1-330x130.jpg 330w, https:\/\/dravillanueva.com\/medicina-estetica\/wp-content\/uploads\/Ponencia-sobre-rejuvenecimiento-de-la-mirada-1.jpg 1200w\" sizes=\"auto, (max-width: 1020px) 100vw, 1020px\" \/>\t\t\t\t\t\t\n\t\t\t\t\t<\/div>\n\t\t\t\t\t\t\t\t\n<style>\n#image_1267710225 {\n  width: 100%;\n}\n<\/style>\n\t<\/div>\n\t\n\t\t<\/div>\n\t\t\t\t\t<\/div>\n\n\t\n\n\t<div id=\"col-954814003\" class=\"col medium-3 small-12 large-3\"  >\n\t\t\t\t<div class=\"col-inner text-left\"  >\n\t\t\t\n\t\t\t\n\t<div id=\"gap-1728000076\" class=\"gap-element clearfix\" style=\"display:block; height:auto;\">\n\t\t\n<style>\n#gap-1728000076 {\n  padding-top: 20px;\n}\n<\/style>\n\t<\/div>\n\t\n<h4>Experiencia y formaci\u00f3n<\/h4>\n<p>M\u00e1s de 25 a\u00f1os de experiencia dedicados en exclusiva a la Medicina Est\u00e9tica, junto con una formaci\u00f3n constante para ofrecer los mejores tratamientos a nuestros pacientes.<\/p>\n\t<div id=\"gap-8797123\" class=\"gap-element clearfix\" style=\"display:block; height:auto;\">\n\t\t\n<style>\n#gap-8797123 {\n  padding-top: 20px;\n}\n<\/style>\n\t<\/div>\n\t\n<a href=\"http:\/\/dravillanueva.com\/medicina-estetica\/experiencia-y-formacion\/\" target=\"_self\" class=\"button secondary is-outline lowercase\"  style=\"border-radius:99px;\">\n    <span>Leer m\u00e1s<\/span>\n  <\/a>\n\n\t\t<\/div>\n\t\t\t\t\t<\/div>\n\n\t\n\n\t<div id=\"col-10613283\" class=\"col medium-3 small-12 large-3\"  >\n\t\t\t\t<div class=\"col-inner text-left\"  >\n\t\t\t\n\t\t\t\n\t<div class=\"img has-hover x md-x lg-x y md-y lg-y\" id=\"image_1154974428\">\n\t\t\t\t\t\t\t\t<div class=\"img-inner image-cover dark\" style=\"padding-top:75%;\">\n\t\t\t<img loading=\"lazy\" decoding=\"async\" width=\"1020\" height=\"571\" src=\"https:\/\/dravillanueva.com\/medicina-estetica\/wp-content\/uploads\/resultados-naturales-1024x573.jpg\" class=\"attachment-large size-large\" alt=\"resultados naturales\" srcset=\"https:\/\/dravillanueva.com\/medicina-estetica\/wp-content\/uploads\/resultados-naturales-1024x573.jpg 1024w, https:\/\/dravillanueva.com\/medicina-estetica\/wp-content\/uploads\/resultados-naturales-300x168.jpg 300w, https:\/\/dravillanueva.com\/medicina-estetica\/wp-content\/uploads\/resultados-naturales-768x429.jpg 768w, https:\/\/dravillanueva.com\/medicina-estetica\/wp-content\/uploads\/resultados-naturales-600x336.jpg 600w, https:\/\/dravillanueva.com\/medicina-estetica\/wp-content\/uploads\/resultados-naturales-330x185.jpg 330w, https:\/\/dravillanueva.com\/medicina-estetica\/wp-content\/uploads\/resultados-naturales.jpg 1250w\" sizes=\"auto, (max-width: 1020px) 100vw, 1020px\" \/>\t\t\t\t\t\t\n\t\t\t\t\t<\/div>\n\t\t\t\t\t\t\t\t\n<style>\n#image_1154974428 {\n  width: 100%;\n}\n<\/style>\n\t<\/div>\n\t\n\t\t<\/div>\n\t\t\t\t\t<\/div>\n\n\t\n\n\t<div id=\"col-317986776\" class=\"col medium-3 small-12 large-3\"  >\n\t\t\t\t<div class=\"col-inner text-left\"  >\n\t\t\t\n\t\t\t\n\t<div id=\"gap-1207568115\" class=\"gap-element clearfix\" style=\"display:block; height:auto;\">\n\t\t\n<style>\n#gap-1207568115 {\n  padding-top: 20px;\n}\n<\/style>\n\t<\/div>\n\t\n<h4>Resultados Naturales<\/h4>\n<p>Para que los resultados sean excelentes, deben ser naturales; aspecto que siempre tenemos en cuenta, y que nuestros pacientes valoran.<\/p>\n\t<div id=\"gap-1160396028\" class=\"gap-element clearfix\" style=\"display:block; height:auto;\">\n\t\t\n<style>\n#gap-1160396028 {\n  padding-top: 20px;\n}\n<\/style>\n\t<\/div>\n\t\n<a href=\"http:\/\/dravillanueva.com\/medicina-estetica\/resultados-naturales\/\" target=\"_self\" class=\"button secondary is-outline lowercase\"  style=\"border-radius:99px;\">\n    <span>Leer m\u00e1s<\/span>\n  <\/a>\n\n\t\t<\/div>\n\t\t\t\t\t<\/div>\n\n\t\n<\/div>\n\t<div id=\"gap-1734767180\" class=\"gap-element clearfix\" style=\"display:block; height:auto;\">\n\t\t\n<style>\n#gap-1734767180 {\n  padding-top: 30px;\n}\n<\/style>\n\t<\/div>\n\t\n\t\t<\/div>\n\n\t\t\n<style>\n#section_1010227674 {\n  padding-top: 30px;\n  padding-bottom: 30px;\n  background-color: rgba(174, 174, 174, 0.1);\n}\n#section_1010227674 .ux-shape-divider--top svg {\n  height: 150px;\n  --divider-top-width: 100%;\n}\n#section_1010227674 .ux-shape-divider--bottom svg {\n  height: 150px;\n  --divider-width: 100%;\n}\n<\/style>\n\t<\/section>\n\t\n\n  <div class=\"banner has-hover\" id=\"banner-1163044621\">\n          <div class=\"banner-inner fill\">\n        <div class=\"banner-bg fill\" >\n            <div class=\"bg fill bg-fill \"><\/div>\n                                    \n                    <\/div>\n\t\t\n        <div class=\"banner-layers container\">\n            <div class=\"fill banner-link\"><\/div>            \n   <div id=\"text-box-1447728491\" class=\"text-box banner-layer x50 md-x50 lg-x50 y50 md-y50 lg-y50 res-text\">\n                                <div class=\"text-box-content text dark\">\n              \n              <div class=\"text-inner text-center\">\n                  \n<h3><span style=\"font-size: 80%;\"><strong>P\u00eddenos cita llamando al +34 933 622 565<\/strong><\/span><\/h3>\n<h3><span style=\"font-size: 80%;\"><strong>o si lo prefieres d\u00e9janos un mensaje <\/strong><\/span><\/h3>\n\t<div id=\"gap-1805337986\" class=\"gap-element clearfix\" style=\"display:block; height:auto;\">\n\t\t\n<style>\n#gap-1805337986 {\n  padding-top: 30px;\n}\n<\/style>\n\t<\/div>\n\t\n<a href=\"http:\/\/dravillanueva.com\/medicina-estetica\/contactar\/\" target=\"_self\" class=\"button white is-outline\"  style=\"border-radius:99px;\">\n  <i class=\"icon-envelop\" ><\/i>  <span>Contactar<\/span>\n  <\/a>\n\n              <\/div>\n           <\/div>\n                            \n<style>\n#text-box-1447728491 {\n  width: 90%;\n}\n#text-box-1447728491 .text-box-content {\n  font-size: 120%;\n}\n@media (min-width:550px) {\n  #text-box-1447728491 .text-box-content {\n    font-size: 100%;\n  }\n}\n<\/style>\n    <\/div>\n \n        <\/div>\n      <\/div>\n\n            \n<style>\n#banner-1163044621 {\n  padding-top: 300px;\n  background-color: rgb(174, 174, 174);\n}\n#banner-1163044621 .ux-shape-divider--top svg {\n  height: 150px;\n  --divider-top-width: 100%;\n}\n#banner-1163044621 .ux-shape-divider--bottom svg {\n  height: 150px;\n  --divider-width: 100%;\n}\n<\/style>\n  <\/div>\n\n\n","protected":false},"excerpt":{"rendered":"TRATO PERSONALIZADO Lorem ipsum dolor sit amet, consectetuer adipiscing elit, sed diam nonummy nibh euismod tincidunt ut. #text-box-1976456719 { width: 60%; } #text-box-1976456719 .text-box-content { font-size: 100%; } #banner-275860711 { padding-top: 350px; background-color: rgba(210, 110, 75, 0.5); } #banner-275860711 .ux-shape-divider--top svg { height: 150px; --divider-top-width: 100%; } #banner-275860711 .ux-shape-divider--bottom svg { height: 150px; --divider-width: 100%; [...]","protected":false},"author":4,"featured_media":11119,"parent":0,"menu_order":0,"comment_status":"closed","ping_status":"closed","template":"","meta":{"h5ap_radio_sources":[],"footnotes":""},"class_list":["post-9778","page","type-page","status-publish","has-post-thumbnail","hentry"],"yoast_head":"<!-- This site is optimized with the Yoast SEO plugin v27.3 - https:\/\/yoast.com\/product\/yoast-seo-wordpress\/ -->\n<title>Trato personalizado - Dravillanueva.com<\/title>\n<meta name=\"description\" content=\"Como responsable de la Cl\u00ednica Dra. Villanueva me vuelco en ese primer diagn\u00f3stico, analizando las necesidades est\u00e9ticas de cada uno...\" \/>\n<meta name=\"robots\" content=\"index, follow, max-snippet:-1, max-image-preview:large, max-video-preview:-1\" \/>\n<link rel=\"canonical\" href=\"https:\/\/dravillanueva.com\/medicina-estetica\/trato-personalizado\/\" \/>\n<meta property=\"og:locale\" content=\"es_ES\" \/>\n<meta property=\"og:type\" content=\"article\" \/>\n<meta property=\"og:title\" content=\"Trato personalizado - Dravillanueva.com\" \/>\n<meta property=\"og:description\" content=\"Como responsable de la Cl\u00ednica Dra. Villanueva me vuelco en ese primer diagn\u00f3stico, analizando las necesidades est\u00e9ticas de cada uno...\" \/>\n<meta property=\"og:url\" content=\"https:\/\/dravillanueva.com\/medicina-estetica\/trato-personalizado\/\" \/>\n<meta property=\"og:site_name\" content=\"Dravillanueva.com\" \/>\n<meta property=\"article:modified_time\" content=\"2020-02-05T11:32:02+00:00\" \/>\n<meta property=\"og:image\" content=\"https:\/\/dravillanueva.com\/medicina-estetica\/wp-content\/uploads\/Diagnostico.jpg\" \/>\n\t<meta property=\"og:image:width\" content=\"1250\" \/>\n\t<meta property=\"og:image:height\" content=\"820\" \/>\n\t<meta property=\"og:image:type\" content=\"image\/jpeg\" \/>\n<meta name=\"twitter:card\" content=\"summary_large_image\" \/>\n<meta name=\"twitter:label1\" content=\"Tiempo de lectura\" \/>\n\t<meta name=\"twitter:data1\" content=\"3 minutos\" \/>\n<script type=\"application\/ld+json\" class=\"yoast-schema-graph\">{\"@context\":\"https:\\\/\\\/schema.org\",\"@graph\":[{\"@type\":\"WebPage\",\"@id\":\"https:\\\/\\\/dravillanueva.com\\\/medicina-estetica\\\/trato-personalizado\\\/\",\"url\":\"https:\\\/\\\/dravillanueva.com\\\/medicina-estetica\\\/trato-personalizado\\\/\",\"name\":\"Trato personalizado - Dravillanueva.com\",\"isPartOf\":{\"@id\":\"https:\\\/\\\/dravillanueva.com\\\/medicina-estetica\\\/#website\"},\"primaryImageOfPage\":{\"@id\":\"https:\\\/\\\/dravillanueva.com\\\/medicina-estetica\\\/trato-personalizado\\\/#primaryimage\"},\"image\":{\"@id\":\"https:\\\/\\\/dravillanueva.com\\\/medicina-estetica\\\/trato-personalizado\\\/#primaryimage\"},\"thumbnailUrl\":\"https:\\\/\\\/dravillanueva.com\\\/medicina-estetica\\\/wp-content\\\/uploads\\\/Diagnostico.jpg\",\"datePublished\":\"2016-06-22T16:06:05+00:00\",\"dateModified\":\"2020-02-05T11:32:02+00:00\",\"description\":\"Como responsable de la Cl\u00ednica Dra. Villanueva me vuelco en ese primer diagn\u00f3stico, analizando las necesidades est\u00e9ticas de cada uno...\",\"breadcrumb\":{\"@id\":\"https:\\\/\\\/dravillanueva.com\\\/medicina-estetica\\\/trato-personalizado\\\/#breadcrumb\"},\"inLanguage\":\"es\",\"potentialAction\":[{\"@type\":\"ReadAction\",\"target\":[\"https:\\\/\\\/dravillanueva.com\\\/medicina-estetica\\\/trato-personalizado\\\/\"]}]},{\"@type\":\"ImageObject\",\"inLanguage\":\"es\",\"@id\":\"https:\\\/\\\/dravillanueva.com\\\/medicina-estetica\\\/trato-personalizado\\\/#primaryimage\",\"url\":\"https:\\\/\\\/dravillanueva.com\\\/medicina-estetica\\\/wp-content\\\/uploads\\\/Diagnostico.jpg\",\"contentUrl\":\"https:\\\/\\\/dravillanueva.com\\\/medicina-estetica\\\/wp-content\\\/uploads\\\/Diagnostico.jpg\",\"width\":1250,\"height\":820,\"caption\":\"Trato personalizado\"},{\"@type\":\"BreadcrumbList\",\"@id\":\"https:\\\/\\\/dravillanueva.com\\\/medicina-estetica\\\/trato-personalizado\\\/#breadcrumb\",\"itemListElement\":[{\"@type\":\"ListItem\",\"position\":1,\"name\":\"Portada\",\"item\":\"https:\\\/\\\/dravillanueva.com\\\/medicina-estetica\\\/\"},{\"@type\":\"ListItem\",\"position\":2,\"name\":\"Trato personalizado\"}]},{\"@type\":\"WebSite\",\"@id\":\"https:\\\/\\\/dravillanueva.com\\\/medicina-estetica\\\/#website\",\"url\":\"https:\\\/\\\/dravillanueva.com\\\/medicina-estetica\\\/\",\"name\":\"Dravillanueva.com\",\"description\":\"Especialista en Medicina Est\u00e9tica\",\"potentialAction\":[{\"@type\":\"SearchAction\",\"target\":{\"@type\":\"EntryPoint\",\"urlTemplate\":\"https:\\\/\\\/dravillanueva.com\\\/medicina-estetica\\\/?s={search_term_string}\"},\"query-input\":{\"@type\":\"PropertyValueSpecification\",\"valueRequired\":true,\"valueName\":\"search_term_string\"}}],\"inLanguage\":\"es\"}]}<\/script>\n<!-- \/ Yoast SEO plugin. -->","yoast_head_json":{"title":"Trato personalizado - Dravillanueva.com","description":"Como responsable de la Cl\u00ednica Dra. Villanueva me vuelco en ese primer diagn\u00f3stico, analizando las necesidades est\u00e9ticas de cada uno...","robots":{"index":"index","follow":"follow","max-snippet":"max-snippet:-1","max-image-preview":"max-image-preview:large","max-video-preview":"max-video-preview:-1"},"canonical":"https:\/\/dravillanueva.com\/medicina-estetica\/trato-personalizado\/","og_locale":"es_ES","og_type":"article","og_title":"Trato personalizado - Dravillanueva.com","og_description":"Como responsable de la Cl\u00ednica Dra. Villanueva me vuelco en ese primer diagn\u00f3stico, analizando las necesidades est\u00e9ticas de cada uno...","og_url":"https:\/\/dravillanueva.com\/medicina-estetica\/trato-personalizado\/","og_site_name":"Dravillanueva.com","article_modified_time":"2020-02-05T11:32:02+00:00","og_image":[{"width":1250,"height":820,"url":"https:\/\/dravillanueva.com\/medicina-estetica\/wp-content\/uploads\/Diagnostico.jpg","type":"image\/jpeg"}],"twitter_card":"summary_large_image","twitter_misc":{"Tiempo de lectura":"3 minutos"},"schema":{"@context":"https:\/\/schema.org","@graph":[{"@type":"WebPage","@id":"https:\/\/dravillanueva.com\/medicina-estetica\/trato-personalizado\/","url":"https:\/\/dravillanueva.com\/medicina-estetica\/trato-personalizado\/","name":"Trato personalizado - Dravillanueva.com","isPartOf":{"@id":"https:\/\/dravillanueva.com\/medicina-estetica\/#website"},"primaryImageOfPage":{"@id":"https:\/\/dravillanueva.com\/medicina-estetica\/trato-personalizado\/#primaryimage"},"image":{"@id":"https:\/\/dravillanueva.com\/medicina-estetica\/trato-personalizado\/#primaryimage"},"thumbnailUrl":"https:\/\/dravillanueva.com\/medicina-estetica\/wp-content\/uploads\/Diagnostico.jpg","datePublished":"2016-06-22T16:06:05+00:00","dateModified":"2020-02-05T11:32:02+00:00","description":"Como responsable de la Cl\u00ednica Dra. Villanueva me vuelco en ese primer diagn\u00f3stico, analizando las necesidades est\u00e9ticas de cada uno...","breadcrumb":{"@id":"https:\/\/dravillanueva.com\/medicina-estetica\/trato-personalizado\/#breadcrumb"},"inLanguage":"es","potentialAction":[{"@type":"ReadAction","target":["https:\/\/dravillanueva.com\/medicina-estetica\/trato-personalizado\/"]}]},{"@type":"ImageObject","inLanguage":"es","@id":"https:\/\/dravillanueva.com\/medicina-estetica\/trato-personalizado\/#primaryimage","url":"https:\/\/dravillanueva.com\/medicina-estetica\/wp-content\/uploads\/Diagnostico.jpg","contentUrl":"https:\/\/dravillanueva.com\/medicina-estetica\/wp-content\/uploads\/Diagnostico.jpg","width":1250,"height":820,"caption":"Trato personalizado"},{"@type":"BreadcrumbList","@id":"https:\/\/dravillanueva.com\/medicina-estetica\/trato-personalizado\/#breadcrumb","itemListElement":[{"@type":"ListItem","position":1,"name":"Portada","item":"https:\/\/dravillanueva.com\/medicina-estetica\/"},{"@type":"ListItem","position":2,"name":"Trato personalizado"}]},{"@type":"WebSite","@id":"https:\/\/dravillanueva.com\/medicina-estetica\/#website","url":"https:\/\/dravillanueva.com\/medicina-estetica\/","name":"Dravillanueva.com","description":"Especialista en Medicina Est\u00e9tica","potentialAction":[{"@type":"SearchAction","target":{"@type":"EntryPoint","urlTemplate":"https:\/\/dravillanueva.com\/medicina-estetica\/?s={search_term_string}"},"query-input":{"@type":"PropertyValueSpecification","valueRequired":true,"valueName":"search_term_string"}}],"inLanguage":"es"}]}},"amp_enabled":true,"_links":{"self":[{"href":"https:\/\/dravillanueva.com\/medicina-estetica\/wp-json\/wp\/v2\/pages\/9778","targetHints":{"allow":["GET"]}}],"collection":[{"href":"https:\/\/dravillanueva.com\/medicina-estetica\/wp-json\/wp\/v2\/pages"}],"about":[{"href":"https:\/\/dravillanueva.com\/medicina-estetica\/wp-json\/wp\/v2\/types\/page"}],"author":[{"embeddable":true,"href":"https:\/\/dravillanueva.com\/medicina-estetica\/wp-json\/wp\/v2\/users\/4"}],"replies":[{"embeddable":true,"href":"https:\/\/dravillanueva.com\/medicina-estetica\/wp-json\/wp\/v2\/comments?post=9778"}],"version-history":[{"count":3,"href":"https:\/\/dravillanueva.com\/medicina-estetica\/wp-json\/wp\/v2\/pages\/9778\/revisions"}],"predecessor-version":[{"id":14527,"href":"https:\/\/dravillanueva.com\/medicina-estetica\/wp-json\/wp\/v2\/pages\/9778\/revisions\/14527"}],"wp:featuredmedia":[{"embeddable":true,"href":"https:\/\/dravillanueva.com\/medicina-estetica\/wp-json\/wp\/v2\/media\/11119"}],"wp:attachment":[{"href":"https:\/\/dravillanueva.com\/medicina-estetica\/wp-json\/wp\/v2\/media?parent=9778"}],"curies":[{"name":"wp","href":"https:\/\/api.w.org\/{rel}","templated":true}]}}