{"id":9775,"date":"2016-06-22T15:58:04","date_gmt":"2016-06-22T15:58:04","guid":{"rendered":"http:\/\/www.dravillanueva.com\/medicinaestetica\/?page_id=9775"},"modified":"2022-11-16T14:43:53","modified_gmt":"2022-11-16T12:43:53","slug":"resultados-naturales","status":"publish","type":"page","link":"https:\/\/dravillanueva.com\/medicina-estetica\/resultados-naturales\/","title":{"rendered":"Resultados naturales"},"content":{"rendered":"\n  <div class=\"banner has-hover\" id=\"banner-70425320\">\n          <div class=\"banner-inner fill\">\n        <div class=\"banner-bg fill\" >\n            <div class=\"bg fill bg-fill \"><\/div>\n                                    \n                    <\/div>\n\t\t\n        <div class=\"banner-layers container\">\n            <div class=\"fill banner-link\"><\/div>            \n   <div id=\"text-box-931239785\" class=\"text-box banner-layer x50 md-x50 lg-x50 y85 md-y85 lg-y85 res-text\">\n                                <div class=\"text-box-content text dark\">\n              \n              <div class=\"text-inner text-center\">\n                  \n<h2 class=\"uppercase\"><strong>RESULTADOS NATURALES<\/strong><\/h2>\n<p>Lorem ipsum dolor sit amet, consectetuer adipiscing elit, sed diam nonummy nibh euismod tincidunt ut.<\/p>\n              <\/div>\n           <\/div>\n                            \n<style>\n#text-box-931239785 {\n  width: 60%;\n}\n#text-box-931239785 .text-box-content {\n  font-size: 100%;\n}\n<\/style>\n    <\/div>\n \n        <\/div>\n      <\/div>\n\n            \n<style>\n#banner-70425320 {\n  padding-top: 350px;\n  background-color: rgba(210, 110, 75, 0.5);\n}\n#banner-70425320 .ux-shape-divider--top svg {\n  height: 150px;\n  --divider-top-width: 100%;\n}\n#banner-70425320 .ux-shape-divider--bottom svg {\n  height: 150px;\n  --divider-width: 100%;\n}\n<\/style>\n  <\/div>\n\n\n\t<section class=\"section\" id=\"section_38584222\">\n\t\t<div class=\"bg section-bg fill bg-fill  bg-loaded\" >\n\n\t\t\t\n\t\t\t\n\t\t\t\n\n\t\t<\/div>\n\n\t\t\n\n\t\t<div class=\"section-content relative\">\n\t\t\t\n\t<div id=\"gap-524964427\" class=\"gap-element clearfix\" style=\"display:block; height:auto;\">\n\t\t\n<style>\n#gap-524964427 {\n  padding-top: 70px;\n}\n<\/style>\n\t<\/div>\n\t\n<div class=\"row row-collapse align-center\"  id=\"row-1514604304\">\n\n\t<div id=\"col-941727847\" class=\"col medium-6 small-12 large-6\"  >\n\t\t\t\t<div class=\"col-inner text-left\"  >\n\t\t\t\n\t\t\t\n<p>En la actualidad, la vanguardia en la Medicina Est\u00e9tica no est\u00e1 en quitarse a\u00f1os de golpe con resultados antiest\u00e9ticos, si no en lo que llamamos \u201cenvejecer bien\u201d, o \u201c<strong>retrasar los signos de envejecimiento<\/strong>\u201d, de una manera natural.<\/p>\n<p>Atr\u00e1s quedaron los a\u00f1os en los que pod\u00eda identificarse f\u00e1cilmente qui\u00e9nes se hab\u00edan realizado alg\u00fan tratamiento de Medicina Est\u00e9tica; en la actualidad los resultados pueden ser tan naturales, que\u00a0<strong>el entorno del paciente notar\u00e1 una considerable mejor\u00eda en el aspecto est\u00e9tico del paciente<\/strong>, pero lo asociar\u00e1 a que el paciente \u201c<strong>haya descansado m\u00e1s<\/strong>\u201d, \u201c<strong>tenga menos estr\u00e9s<\/strong>\u201d, o simplemente \u201c<strong>estar mejor<\/strong>\u201d.<\/p>\n<p>Obtener unos\u00a0<strong>resultados est\u00e9ticos excelentes, sin por ello renunciar a la naturalidad est\u00e9tica de los pacientes<\/strong>, es uno de los principales objetivos que nos esforzamos en cumplir en nuestra Cl\u00ednica Dra. Villanueva, vernos bien nos ayuda a sentirnos bien y ello contribuye a mejorar nuestra calidad de vida.<\/p>\n<p>Por este motivo, y como he comentado en el apartado de <a href=\"https:\/\/dravillanueva.com\/medicina-estetica\/trato-personalizado\/\">trato personalizado<\/a>, el diagn\u00f3stico individualizado requiere de toda nuestra atenci\u00f3n para <strong>superar las expectativas est\u00e9ticas del paciente obteniendo resultados naturales<\/strong>.<\/p>\n\t\t<\/div>\n\t\t\t\t\t<\/div>\n\n\t\n\n\t<div id=\"col-10209821\" class=\"col medium-6 small-12 large-6\"  >\n\t\t\t\t<div class=\"col-inner text-left\"  >\n\t\t\t\n\t\t\t\n\t<div class=\"img has-hover x md-x lg-x y md-y lg-y\" id=\"image_1314132410\">\n\t\t\t\t\t\t\t\t<div class=\"img-inner image-cover dark\" style=\"padding-top:62%;margin:0px 0px 10px 20px;\">\n\t\t\t<img loading=\"lazy\" decoding=\"async\" width=\"1020\" height=\"571\" src=\"https:\/\/dravillanueva.com\/medicina-estetica\/wp-content\/uploads\/resultados-naturales-1024x573.jpg\" class=\"attachment-large size-large\" alt=\"resultados naturales\" srcset=\"https:\/\/dravillanueva.com\/medicina-estetica\/wp-content\/uploads\/resultados-naturales-1024x573.jpg 1024w, https:\/\/dravillanueva.com\/medicina-estetica\/wp-content\/uploads\/resultados-naturales-300x168.jpg 300w, https:\/\/dravillanueva.com\/medicina-estetica\/wp-content\/uploads\/resultados-naturales-768x429.jpg 768w, https:\/\/dravillanueva.com\/medicina-estetica\/wp-content\/uploads\/resultados-naturales-600x336.jpg 600w, https:\/\/dravillanueva.com\/medicina-estetica\/wp-content\/uploads\/resultados-naturales-330x185.jpg 330w, https:\/\/dravillanueva.com\/medicina-estetica\/wp-content\/uploads\/resultados-naturales.jpg 1250w\" sizes=\"auto, (max-width: 1020px) 100vw, 1020px\" \/>\t\t\t\t\t\t\n\t\t\t\t\t<\/div>\n\t\t\t\t\t\t\t\t\n<style>\n#image_1314132410 {\n  width: 100%;\n}\n<\/style>\n\t<\/div>\n\t\n\t\t<\/div>\n\t\t\t\t\t<\/div>\n\n\t\n\n\t<div id=\"col-1825424163\" class=\"col small-12 large-12\"  >\n\t\t\t\t<div class=\"col-inner text-left\"  >\n\t\t\t\n\t\t\t\n<p>Para la obtenci\u00f3n de estos resultados naturales, tenemos como aliados los tratamientos y productos innovadores (siempre con marcaje de calidad CE) disponibles en el mercado est\u00e9tico, que facilitan nuestra tarea para ofrecer dichos resultados; y, por supuesto, el equipo cl\u00ednico extremadamente competente del que disponemos en la Cl\u00ednica Dra. Villanueva.<\/p>\n<p>Por lo tanto, si todav\u00eda no nos has visitado,\u00a0<strong>no pierdas la oportunidad de descubrir todo lo que podemos hacer por ti<\/strong>\u00a0en la Cl\u00ednica Dra. Villanueva.<\/p>\n\t<div id=\"gap-607277057\" class=\"gap-element clearfix\" style=\"display:block; height:auto;\">\n\t\t\n<style>\n#gap-607277057 {\n  padding-top: 30px;\n}\n<\/style>\n\t<\/div>\n\t\n\t\t<\/div>\n\t\t\t\t\t<\/div>\n\n\t\n<\/div>\n\t\t<\/div>\n\n\t\t\n<style>\n#section_38584222 {\n  padding-top: 30px;\n  padding-bottom: 30px;\n}\n#section_38584222 .ux-shape-divider--top svg {\n  height: 150px;\n  --divider-top-width: 100%;\n}\n#section_38584222 .ux-shape-divider--bottom svg {\n  height: 150px;\n  --divider-width: 100%;\n}\n<\/style>\n\t<\/section>\n\t\n\t<section class=\"section\" id=\"section_866569066\">\n\t\t<div class=\"bg section-bg fill bg-fill  bg-loaded\" >\n\n\t\t\t\n\t\t\t\n\t\t\t\n\n\t\t<\/div>\n\n\t\t\n\n\t\t<div class=\"section-content relative\">\n\t\t\t\n<div class=\"row align-center\"  id=\"row-1734926784\">\n\n\t<div id=\"col-1521833677\" class=\"col small-12 large-12\"  >\n\t\t\t\t<div class=\"col-inner text-left\"  >\n\t\t\t\n\t\t\t\n\t<div id=\"gap-1155974389\" class=\"gap-element clearfix\" style=\"display:block; height:auto;\">\n\t\t\n<style>\n#gap-1155974389 {\n  padding-top: 30px;\n}\n<\/style>\n\t<\/div>\n\t\n<h3><span style=\"font-size: 100%;\"><strong>Otras claves para tener unos excelentes resultados<br \/>\n<\/strong><\/span><\/h3>\n\t\t<\/div>\n\t\t\t\t\t<\/div>\n\n\t\n\n\t<div id=\"col-1949256903\" class=\"col medium-3 small-12 large-3\"  >\n\t\t\t\t<div class=\"col-inner text-left\"  >\n\t\t\t\n\t\t\t\n\t<div class=\"img has-hover x md-x lg-x y md-y lg-y\" id=\"image_2141585448\">\n\t\t\t\t\t\t\t\t<div class=\"img-inner image-cover dark\" style=\"padding-top:75%;\">\n\t\t\t<img loading=\"lazy\" decoding=\"async\" width=\"1020\" height=\"402\" src=\"https:\/\/dravillanueva.com\/medicina-estetica\/wp-content\/uploads\/Ponencia-sobre-rejuvenecimiento-de-la-mirada-1-1024x404.jpg\" class=\"attachment-large size-large\" alt=\"Ponencia sobre rejuvenecimiento de la mirada 1\" srcset=\"https:\/\/dravillanueva.com\/medicina-estetica\/wp-content\/uploads\/Ponencia-sobre-rejuvenecimiento-de-la-mirada-1-1024x404.jpg 1024w, https:\/\/dravillanueva.com\/medicina-estetica\/wp-content\/uploads\/Ponencia-sobre-rejuvenecimiento-de-la-mirada-1-300x118.jpg 300w, https:\/\/dravillanueva.com\/medicina-estetica\/wp-content\/uploads\/Ponencia-sobre-rejuvenecimiento-de-la-mirada-1-768x303.jpg 768w, https:\/\/dravillanueva.com\/medicina-estetica\/wp-content\/uploads\/Ponencia-sobre-rejuvenecimiento-de-la-mirada-1-600x237.jpg 600w, https:\/\/dravillanueva.com\/medicina-estetica\/wp-content\/uploads\/Ponencia-sobre-rejuvenecimiento-de-la-mirada-1-330x130.jpg 330w, https:\/\/dravillanueva.com\/medicina-estetica\/wp-content\/uploads\/Ponencia-sobre-rejuvenecimiento-de-la-mirada-1.jpg 1200w\" sizes=\"auto, (max-width: 1020px) 100vw, 1020px\" \/>\t\t\t\t\t\t\n\t\t\t\t\t<\/div>\n\t\t\t\t\t\t\t\t\n<style>\n#image_2141585448 {\n  width: 100%;\n}\n<\/style>\n\t<\/div>\n\t\n\t\t<\/div>\n\t\t\t\t\t<\/div>\n\n\t\n\n\t<div id=\"col-1987705007\" class=\"col medium-3 small-12 large-3\"  >\n\t\t\t\t<div class=\"col-inner text-left\"  >\n\t\t\t\n\t\t\t\n\t<div id=\"gap-1112981229\" class=\"gap-element clearfix\" style=\"display:block; height:auto;\">\n\t\t\n<style>\n#gap-1112981229 {\n  padding-top: 20px;\n}\n<\/style>\n\t<\/div>\n\t\n<h4>Experiencia y formaci\u00f3n<\/h4>\n<p>M\u00e1s de 25 a\u00f1os de experiencia dedicados en exclusiva a la Medicina Est\u00e9tica, junto con una formaci\u00f3n constante para ofrecer los mejores tratamientos a nuestros pacientes.<\/p>\n\t<div id=\"gap-1100621741\" class=\"gap-element clearfix\" style=\"display:block; height:auto;\">\n\t\t\n<style>\n#gap-1100621741 {\n  padding-top: 20px;\n}\n<\/style>\n\t<\/div>\n\t\n<a href=\"http:\/\/dravillanueva.com\/medicina-estetica\/experiencia-y-formacion\/\" target=\"_self\" class=\"button secondary is-outline lowercase\"  style=\"border-radius:99px;\">\n    <span>Leer m\u00e1s<\/span>\n  <\/a>\n\n\t\t<\/div>\n\t\t\t\t\t<\/div>\n\n\t\n\n\t<div id=\"col-1725812259\" class=\"col medium-3 small-12 large-3\"  >\n\t\t\t\t<div class=\"col-inner text-left\"  >\n\t\t\t\n\t\t\t\n\t<div class=\"img has-hover x md-x lg-x y md-y lg-y\" id=\"image_1690136077\">\n\t\t\t\t\t\t\t\t<div class=\"img-inner image-cover dark\" style=\"padding-top:75%;\">\n\t\t\t<img loading=\"lazy\" decoding=\"async\" width=\"1020\" height=\"669\" src=\"https:\/\/dravillanueva.com\/medicina-estetica\/wp-content\/uploads\/Diagnostico-1024x672.jpg\" class=\"attachment-large size-large\" alt=\"Trato personalizado\" srcset=\"https:\/\/dravillanueva.com\/medicina-estetica\/wp-content\/uploads\/Diagnostico-1024x672.jpg 1024w, https:\/\/dravillanueva.com\/medicina-estetica\/wp-content\/uploads\/Diagnostico-300x197.jpg 300w, https:\/\/dravillanueva.com\/medicina-estetica\/wp-content\/uploads\/Diagnostico-768x504.jpg 768w, https:\/\/dravillanueva.com\/medicina-estetica\/wp-content\/uploads\/Diagnostico-600x394.jpg 600w, https:\/\/dravillanueva.com\/medicina-estetica\/wp-content\/uploads\/Diagnostico-330x216.jpg 330w, https:\/\/dravillanueva.com\/medicina-estetica\/wp-content\/uploads\/Diagnostico.jpg 1250w\" sizes=\"auto, (max-width: 1020px) 100vw, 1020px\" \/>\t\t\t\t\t\t\n\t\t\t\t\t<\/div>\n\t\t\t\t\t\t\t\t\n<style>\n#image_1690136077 {\n  width: 100%;\n}\n<\/style>\n\t<\/div>\n\t\n\t\t<\/div>\n\t\t\t\t\t<\/div>\n\n\t\n\n\t<div id=\"col-1334539671\" class=\"col medium-3 small-12 large-3\"  >\n\t\t\t\t<div class=\"col-inner text-left\"  >\n\t\t\t\n\t\t\t\n\t<div id=\"gap-1319148675\" class=\"gap-element clearfix\" style=\"display:block; height:auto;\">\n\t\t\n<style>\n#gap-1319148675 {\n  padding-top: 20px;\n}\n<\/style>\n\t<\/div>\n\t\n<h4>Trato Personalizado<\/h4>\n<p>Realizar un diagn\u00f3stico adecuado y comprender las necesidades de cada uno de nuestros pacientes es clave para garantizar el \u00e9xito y la satisfacci\u00f3n.<\/p>\n\t<div id=\"gap-1321226846\" class=\"gap-element clearfix\" style=\"display:block; height:auto;\">\n\t\t\n<style>\n#gap-1321226846 {\n  padding-top: 20px;\n}\n<\/style>\n\t<\/div>\n\t\n<a href=\"http:\/\/dravillanueva.com\/medicina-estetica\/trato-personalizado\/\" target=\"_self\" class=\"button secondary is-outline lowercase\"  style=\"border-radius:99px;\">\n    <span>Leer m\u00e1s<\/span>\n  <\/a>\n\n\t\t<\/div>\n\t\t\t\t\t<\/div>\n\n\t\n<\/div>\n\t<div id=\"gap-821416957\" class=\"gap-element clearfix\" style=\"display:block; height:auto;\">\n\t\t\n<style>\n#gap-821416957 {\n  padding-top: 30px;\n}\n<\/style>\n\t<\/div>\n\t\n\t\t<\/div>\n\n\t\t\n<style>\n#section_866569066 {\n  padding-top: 30px;\n  padding-bottom: 30px;\n  background-color: rgba(174, 174, 174, 0.1);\n}\n#section_866569066 .ux-shape-divider--top svg {\n  height: 150px;\n  --divider-top-width: 100%;\n}\n#section_866569066 .ux-shape-divider--bottom svg {\n  height: 150px;\n  --divider-width: 100%;\n}\n<\/style>\n\t<\/section>\n\t\n\n  <div class=\"banner has-hover\" id=\"banner-522791947\">\n          <div class=\"banner-inner fill\">\n        <div class=\"banner-bg fill\" >\n            <div class=\"bg fill bg-fill \"><\/div>\n                                    \n                    <\/div>\n\t\t\n        <div class=\"banner-layers container\">\n            <div class=\"fill banner-link\"><\/div>            \n   <div id=\"text-box-2108154711\" class=\"text-box banner-layer x50 md-x50 lg-x50 y50 md-y50 lg-y50 res-text\">\n                                <div class=\"text-box-content text dark\">\n              \n              <div class=\"text-inner text-center\">\n                  \n<h3><span style=\"font-size: 80%;\"><strong>P\u00eddenos cita llamando al +34 933 622 565<\/strong><\/span><\/h3>\n<h3><span style=\"font-size: 80%;\"><strong>o si lo prefieres d\u00e9janos un mensaje <\/strong><\/span><\/h3>\n\t<div id=\"gap-2002697907\" class=\"gap-element clearfix\" style=\"display:block; height:auto;\">\n\t\t\n<style>\n#gap-2002697907 {\n  padding-top: 30px;\n}\n<\/style>\n\t<\/div>\n\t\n<a href=\"http:\/\/dravillanueva.com\/medicina-estetica\/contactar\/\" target=\"_self\" class=\"button white is-outline\"  style=\"border-radius:99px;\">\n  <i class=\"icon-envelop\" ><\/i>  <span>Contactar<\/span>\n  <\/a>\n\n              <\/div>\n           <\/div>\n                            \n<style>\n#text-box-2108154711 {\n  width: 90%;\n}\n#text-box-2108154711 .text-box-content {\n  font-size: 120%;\n}\n@media (min-width:550px) {\n  #text-box-2108154711 .text-box-content {\n    font-size: 100%;\n  }\n}\n<\/style>\n    <\/div>\n \n        <\/div>\n      <\/div>\n\n            \n<style>\n#banner-522791947 {\n  padding-top: 300px;\n  background-color: rgb(174, 174, 174);\n}\n#banner-522791947 .ux-shape-divider--top svg {\n  height: 150px;\n  --divider-top-width: 100%;\n}\n#banner-522791947 .ux-shape-divider--bottom svg {\n  height: 150px;\n  --divider-width: 100%;\n}\n<\/style>\n  <\/div>\n\n\n","protected":false},"excerpt":{"rendered":"RESULTADOS NATURALES Lorem ipsum dolor sit amet, consectetuer adipiscing elit, sed diam nonummy nibh euismod tincidunt ut. #text-box-959861439 { width: 60%; } #text-box-959861439 .text-box-content { font-size: 100%; } #banner-930748133 { padding-top: 350px; background-color: rgba(210, 110, 75, 0.5); } #banner-930748133 .ux-shape-divider--top svg { height: 150px; --divider-top-width: 100%; } #banner-930748133 .ux-shape-divider--bottom svg { height: 150px; --divider-width: 100%; [...]","protected":false},"author":4,"featured_media":11132,"parent":0,"menu_order":0,"comment_status":"closed","ping_status":"closed","template":"","meta":{"h5ap_radio_sources":[],"footnotes":""},"class_list":["post-9775","page","type-page","status-publish","has-post-thumbnail","hentry"],"yoast_head":"<!-- This site is optimized with the Yoast SEO plugin v27.3 - https:\/\/yoast.com\/product\/yoast-seo-wordpress\/ -->\n<title>Resultados naturales - Dravillanueva.com<\/title>\n<meta name=\"description\" content=\"El diagn\u00f3stico individualizado requiere de toda nuestra atenci\u00f3n para superar las expectativas est\u00e9ticas del paciente obteniendo resultados naturales.\" \/>\n<meta name=\"robots\" content=\"index, follow, max-snippet:-1, max-image-preview:large, max-video-preview:-1\" \/>\n<link rel=\"canonical\" href=\"https:\/\/dravillanueva.com\/medicina-estetica\/resultados-naturales\/\" \/>\n<meta property=\"og:locale\" content=\"es_ES\" \/>\n<meta property=\"og:type\" content=\"article\" \/>\n<meta property=\"og:title\" content=\"Resultados naturales - Dravillanueva.com\" \/>\n<meta property=\"og:description\" content=\"El diagn\u00f3stico individualizado requiere de toda nuestra atenci\u00f3n para superar las expectativas est\u00e9ticas del paciente obteniendo resultados naturales.\" \/>\n<meta property=\"og:url\" content=\"https:\/\/dravillanueva.com\/medicina-estetica\/resultados-naturales\/\" \/>\n<meta property=\"og:site_name\" content=\"Dravillanueva.com\" \/>\n<meta property=\"article:modified_time\" content=\"2022-11-16T12:43:53+00:00\" \/>\n<meta property=\"og:image\" content=\"https:\/\/dravillanueva.com\/medicina-estetica\/wp-content\/uploads\/resultados-naturales.jpg\" \/>\n\t<meta property=\"og:image:width\" content=\"1250\" \/>\n\t<meta property=\"og:image:height\" content=\"699\" \/>\n\t<meta property=\"og:image:type\" content=\"image\/jpeg\" \/>\n<meta name=\"twitter:card\" content=\"summary_large_image\" \/>\n<meta name=\"twitter:label1\" content=\"Tiempo de lectura\" \/>\n\t<meta name=\"twitter:data1\" content=\"3 minutos\" \/>\n<script type=\"application\/ld+json\" class=\"yoast-schema-graph\">{\"@context\":\"https:\\\/\\\/schema.org\",\"@graph\":[{\"@type\":\"WebPage\",\"@id\":\"https:\\\/\\\/dravillanueva.com\\\/medicina-estetica\\\/resultados-naturales\\\/\",\"url\":\"https:\\\/\\\/dravillanueva.com\\\/medicina-estetica\\\/resultados-naturales\\\/\",\"name\":\"Resultados naturales - Dravillanueva.com\",\"isPartOf\":{\"@id\":\"https:\\\/\\\/dravillanueva.com\\\/medicina-estetica\\\/#website\"},\"primaryImageOfPage\":{\"@id\":\"https:\\\/\\\/dravillanueva.com\\\/medicina-estetica\\\/resultados-naturales\\\/#primaryimage\"},\"image\":{\"@id\":\"https:\\\/\\\/dravillanueva.com\\\/medicina-estetica\\\/resultados-naturales\\\/#primaryimage\"},\"thumbnailUrl\":\"https:\\\/\\\/dravillanueva.com\\\/medicina-estetica\\\/wp-content\\\/uploads\\\/resultados-naturales.jpg\",\"datePublished\":\"2016-06-22T15:58:04+00:00\",\"dateModified\":\"2022-11-16T12:43:53+00:00\",\"description\":\"El diagn\u00f3stico individualizado requiere de toda nuestra atenci\u00f3n para superar las expectativas est\u00e9ticas del paciente obteniendo resultados naturales.\",\"breadcrumb\":{\"@id\":\"https:\\\/\\\/dravillanueva.com\\\/medicina-estetica\\\/resultados-naturales\\\/#breadcrumb\"},\"inLanguage\":\"es\",\"potentialAction\":[{\"@type\":\"ReadAction\",\"target\":[\"https:\\\/\\\/dravillanueva.com\\\/medicina-estetica\\\/resultados-naturales\\\/\"]}]},{\"@type\":\"ImageObject\",\"inLanguage\":\"es\",\"@id\":\"https:\\\/\\\/dravillanueva.com\\\/medicina-estetica\\\/resultados-naturales\\\/#primaryimage\",\"url\":\"https:\\\/\\\/dravillanueva.com\\\/medicina-estetica\\\/wp-content\\\/uploads\\\/resultados-naturales.jpg\",\"contentUrl\":\"https:\\\/\\\/dravillanueva.com\\\/medicina-estetica\\\/wp-content\\\/uploads\\\/resultados-naturales.jpg\",\"width\":1250,\"height\":699,\"caption\":\"resultados naturales\"},{\"@type\":\"BreadcrumbList\",\"@id\":\"https:\\\/\\\/dravillanueva.com\\\/medicina-estetica\\\/resultados-naturales\\\/#breadcrumb\",\"itemListElement\":[{\"@type\":\"ListItem\",\"position\":1,\"name\":\"Portada\",\"item\":\"https:\\\/\\\/dravillanueva.com\\\/medicina-estetica\\\/\"},{\"@type\":\"ListItem\",\"position\":2,\"name\":\"Resultados naturales\"}]},{\"@type\":\"WebSite\",\"@id\":\"https:\\\/\\\/dravillanueva.com\\\/medicina-estetica\\\/#website\",\"url\":\"https:\\\/\\\/dravillanueva.com\\\/medicina-estetica\\\/\",\"name\":\"Dravillanueva.com\",\"description\":\"Especialista en Medicina Est\u00e9tica\",\"potentialAction\":[{\"@type\":\"SearchAction\",\"target\":{\"@type\":\"EntryPoint\",\"urlTemplate\":\"https:\\\/\\\/dravillanueva.com\\\/medicina-estetica\\\/?s={search_term_string}\"},\"query-input\":{\"@type\":\"PropertyValueSpecification\",\"valueRequired\":true,\"valueName\":\"search_term_string\"}}],\"inLanguage\":\"es\"}]}<\/script>\n<!-- \/ Yoast SEO plugin. -->","yoast_head_json":{"title":"Resultados naturales - Dravillanueva.com","description":"El diagn\u00f3stico individualizado requiere de toda nuestra atenci\u00f3n para superar las expectativas est\u00e9ticas del paciente obteniendo resultados naturales.","robots":{"index":"index","follow":"follow","max-snippet":"max-snippet:-1","max-image-preview":"max-image-preview:large","max-video-preview":"max-video-preview:-1"},"canonical":"https:\/\/dravillanueva.com\/medicina-estetica\/resultados-naturales\/","og_locale":"es_ES","og_type":"article","og_title":"Resultados naturales - Dravillanueva.com","og_description":"El diagn\u00f3stico individualizado requiere de toda nuestra atenci\u00f3n para superar las expectativas est\u00e9ticas del paciente obteniendo resultados naturales.","og_url":"https:\/\/dravillanueva.com\/medicina-estetica\/resultados-naturales\/","og_site_name":"Dravillanueva.com","article_modified_time":"2022-11-16T12:43:53+00:00","og_image":[{"width":1250,"height":699,"url":"https:\/\/dravillanueva.com\/medicina-estetica\/wp-content\/uploads\/resultados-naturales.jpg","type":"image\/jpeg"}],"twitter_card":"summary_large_image","twitter_misc":{"Tiempo de lectura":"3 minutos"},"schema":{"@context":"https:\/\/schema.org","@graph":[{"@type":"WebPage","@id":"https:\/\/dravillanueva.com\/medicina-estetica\/resultados-naturales\/","url":"https:\/\/dravillanueva.com\/medicina-estetica\/resultados-naturales\/","name":"Resultados naturales - Dravillanueva.com","isPartOf":{"@id":"https:\/\/dravillanueva.com\/medicina-estetica\/#website"},"primaryImageOfPage":{"@id":"https:\/\/dravillanueva.com\/medicina-estetica\/resultados-naturales\/#primaryimage"},"image":{"@id":"https:\/\/dravillanueva.com\/medicina-estetica\/resultados-naturales\/#primaryimage"},"thumbnailUrl":"https:\/\/dravillanueva.com\/medicina-estetica\/wp-content\/uploads\/resultados-naturales.jpg","datePublished":"2016-06-22T15:58:04+00:00","dateModified":"2022-11-16T12:43:53+00:00","description":"El diagn\u00f3stico individualizado requiere de toda nuestra atenci\u00f3n para superar las expectativas est\u00e9ticas del paciente obteniendo resultados naturales.","breadcrumb":{"@id":"https:\/\/dravillanueva.com\/medicina-estetica\/resultados-naturales\/#breadcrumb"},"inLanguage":"es","potentialAction":[{"@type":"ReadAction","target":["https:\/\/dravillanueva.com\/medicina-estetica\/resultados-naturales\/"]}]},{"@type":"ImageObject","inLanguage":"es","@id":"https:\/\/dravillanueva.com\/medicina-estetica\/resultados-naturales\/#primaryimage","url":"https:\/\/dravillanueva.com\/medicina-estetica\/wp-content\/uploads\/resultados-naturales.jpg","contentUrl":"https:\/\/dravillanueva.com\/medicina-estetica\/wp-content\/uploads\/resultados-naturales.jpg","width":1250,"height":699,"caption":"resultados naturales"},{"@type":"BreadcrumbList","@id":"https:\/\/dravillanueva.com\/medicina-estetica\/resultados-naturales\/#breadcrumb","itemListElement":[{"@type":"ListItem","position":1,"name":"Portada","item":"https:\/\/dravillanueva.com\/medicina-estetica\/"},{"@type":"ListItem","position":2,"name":"Resultados naturales"}]},{"@type":"WebSite","@id":"https:\/\/dravillanueva.com\/medicina-estetica\/#website","url":"https:\/\/dravillanueva.com\/medicina-estetica\/","name":"Dravillanueva.com","description":"Especialista en Medicina Est\u00e9tica","potentialAction":[{"@type":"SearchAction","target":{"@type":"EntryPoint","urlTemplate":"https:\/\/dravillanueva.com\/medicina-estetica\/?s={search_term_string}"},"query-input":{"@type":"PropertyValueSpecification","valueRequired":true,"valueName":"search_term_string"}}],"inLanguage":"es"}]}},"amp_enabled":true,"_links":{"self":[{"href":"https:\/\/dravillanueva.com\/medicina-estetica\/wp-json\/wp\/v2\/pages\/9775","targetHints":{"allow":["GET"]}}],"collection":[{"href":"https:\/\/dravillanueva.com\/medicina-estetica\/wp-json\/wp\/v2\/pages"}],"about":[{"href":"https:\/\/dravillanueva.com\/medicina-estetica\/wp-json\/wp\/v2\/types\/page"}],"author":[{"embeddable":true,"href":"https:\/\/dravillanueva.com\/medicina-estetica\/wp-json\/wp\/v2\/users\/4"}],"replies":[{"embeddable":true,"href":"https:\/\/dravillanueva.com\/medicina-estetica\/wp-json\/wp\/v2\/comments?post=9775"}],"version-history":[{"count":5,"href":"https:\/\/dravillanueva.com\/medicina-estetica\/wp-json\/wp\/v2\/pages\/9775\/revisions"}],"predecessor-version":[{"id":15692,"href":"https:\/\/dravillanueva.com\/medicina-estetica\/wp-json\/wp\/v2\/pages\/9775\/revisions\/15692"}],"wp:featuredmedia":[{"embeddable":true,"href":"https:\/\/dravillanueva.com\/medicina-estetica\/wp-json\/wp\/v2\/media\/11132"}],"wp:attachment":[{"href":"https:\/\/dravillanueva.com\/medicina-estetica\/wp-json\/wp\/v2\/media?parent=9775"}],"curies":[{"name":"wp","href":"https:\/\/api.w.org\/{rel}","templated":true}]}}