{"id":9222,"date":"2016-03-21T18:27:19","date_gmt":"2016-03-21T18:27:19","guid":{"rendered":"http:\/\/www.dravillanueva.com\/medicinaestetica\/?page_id=9222"},"modified":"2020-05-25T10:12:11","modified_gmt":"2020-05-25T08:12:11","slug":"higiene-facial","status":"publish","type":"page","link":"https:\/\/dravillanueva.com\/medicina-estetica\/higiene-facial\/","title":{"rendered":"Higiene Facial"},"content":{"rendered":"  <div id=\"page-header-1244956007\" class=\"page-header-wrapper\">\n  <div class=\"page-title dark featured-title\">\n\n        <div class=\"page-title-bg\">\n      <div class=\"title-bg fill bg-fill\"\n        data-parallax-container=\".page-title\"\n        data-parallax-background\n        data-parallax=\"-\">\n      <\/div>\n      <div class=\"title-overlay fill\"><\/div>\n    <\/div>\n    \n    <div class=\"page-title-inner container align-bottom text-center flex-row-col medium-flex-wrap\" >\n              <div class=\"title-wrapper is-xlarge flex-col\">\n          <h1 class=\"entry-title mb-0\">\n            Higiene Facial          <\/h1>\n        <\/div>\n                    <div class=\"title-content flex-col\">\n        <div class=\"title-breadcrumbs pb-half pt-half\"><\/div>      <\/div>\n    <\/div>\n\n     \n<style>\n#page-header-1244956007 .page-title-inner {\n  min-height: 300px;\n}\n#page-header-1244956007 .title-bg {\n  background-image: url(https:\/\/dravillanueva.com\/medicina-estetica\/wp-content\/uploads\/Higiene-Facial.jpg);\n  background-position: 39% 25%;\n}\n#page-header-1244956007 .title-overlay {\n  background-color: rgba(0, 0, 0, 0.5);\n}\n<\/style>\n  <\/div>\n    <\/div>\n  \n\t<div id=\"gap-1508061670\" class=\"gap-element clearfix\" style=\"display:block; height:auto;\">\n\t\t\n<style>\n#gap-1508061670 {\n  padding-top: 80px;\n}\n<\/style>\n\t<\/div>\n\t\n<div class=\"row\"  id=\"row-1460782736\">\n\n\t<div id=\"col-1933648355\" class=\"col small-12 large-12\"  >\n\t\t\t\t<div class=\"col-inner\"  >\n\t\t\t\n\t\t\t\n<h2 style=\"text-align: center;\"><strong>Higiene Facial o la importancia de una piel limpia<\/strong><\/h2>\n\t\t<\/div>\n\t\t\t\t\t<\/div>\n\n\t\n\n\t<div id=\"col-849239072\" class=\"col medium-7 small-12 large-7\"  >\n\t\t\t\t<div class=\"col-inner\"  >\n\t\t\t\n\t\t\t\n<p>La piel del rostro es una de las zonas m\u00e1s sensibles que tenemos, d\u00eda a d\u00eda el maquillaje, impurezas cut\u00e1neas y ambientales se van depositando en la piel, por ello la higiene facial es fundamental para lograr que la piel se vea bonita y resplandeciente.<\/p>\n<p>Una sesi\u00f3n de limpieza de cutis ayuda a oxigenar mejor la piel y que esta se vea hidratada. Las maniobras que se utilizan para los masajes previenen el descolgamiento del contorno del \u00f3valo y ayudan a hacer m\u00e1s efectivo cualquier tipo de tratamiento que se haga posteriormente.<\/p>\n<p>La frecuencia de las limpiezas depende sobre todo de la calidad de la piel seg\u00fan sea grasa o seca.<\/p>\n<p>En el caso de las pieles grasas es necesario una limpieza m\u00e1s profunda, por su exceso de secreci\u00f3n y la frecuencia de poros dilatados que son m\u00e1s propensos a fijar a suciedad ambiental, por ello, se recomienda una higiene facial mensual para poder preparar un tratamiento complementario para equilibrar la piel\u00a0 reduciendo los niveles grasa y evitando el ensanchamiento de los poros.<\/p>\n<p>Las pieles secas se deshidratan f\u00e1cilmente, puesto que carecen de agua y de grasa. Es importante recordar de que aunque sean m\u00e1s f\u00e1ciles de mantener, son m\u00e1s sensibles y es importante mantenerlas cuidadas, por esa raz\u00f3n una higiene facial bimensual es muy recomendable, ya que ayudar\u00e1 a aumentar la eficacia de los tratamientos de hidrataci\u00f3n.<\/p>\n\t\t<\/div>\n\t\t\t\t\t<\/div>\n\n\t\n\n\t<div id=\"col-806849095\" class=\"col medium-5 small-12 large-5\"  >\n\t\t\t\t<div class=\"col-inner\"  >\n\t\t\t\n\t\t\t\n<p><strong>Sobre tejidos subcut\u00e1neos:<\/strong>\u00a0contribuyen a\u00a0estilizar\u00a0las fibras de tejido conjuntivo de sujeci\u00f3n.<\/p>\n<p><strong>Sobre sistema circulatorio<\/strong>: Seg\u00fan las maniobras que se practiquen se logra una hiperemia o una\u00a0descongesti\u00f3n\u00a0local. Durante el masaje tiene lugar una gimnasia muscular que aumenta la intensidad de circulaci\u00f3n sangu\u00ednea\u00a0y\u00a0linf\u00e1tica.<\/p>\n<p><strong>Sistema muscular:<\/strong>\u00a0combate eficazmente la aton\u00eda muscular devolviendo las fibras musculares a su\u00a0contractibilidad. As\u00ed se previene y en el caso de existir, se mejor, el desmoronamiento del contorno del ovalo que adquiere la firmeza que le confiere un aspecto joven.<\/p>\n<p><strong>Sistema nervioso:<\/strong>\u00a0Puede ser calmante o excitante seg\u00fan las maniobras. Estas act\u00faan por reflejo al sistema nervioso central y perif\u00e9rico.<\/p>\n<p><strong>Sobre aparato respiratorio:<\/strong>\u00a0Al estar el individuo relajado y descontracturado respira mejor y en consecuencia, se oxigena mejor y su piel adquiere por este motivo un aspecto m\u00e1s saludable.<\/p>\n\t\t<\/div>\n\t\t\t\t\t<\/div>\n\n\t\n<\/div>\n\t<div id=\"gap-1990461865\" class=\"gap-element clearfix\" style=\"display:block; height:auto;\">\n\t\t\n<style>\n#gap-1990461865 {\n  padding-top: 30px;\n}\n<\/style>\n\t<\/div>\n\t\n<div class=\"row align-center\"  id=\"row-936847517\">\n\n\t<div id=\"col-2108735558\" class=\"col medium-6 small-12 large-6\"  >\n\t\t\t\t<div class=\"col-inner\"  >\n\t\t\t\n\t\t\t\n<h2 style=\"text-align: center;\"><strong>Recomendaciones<\/strong><\/h2>\n<p>El primer paso para mantener la belleza de la piel es una limpieza diaria, incluso para aquellas mujeres que no usan maquillaje, una higiene permite desembarazar la piel de impurezas, como por ejemplo las\u00a0part\u00edculas\u00a0en el aire de ciudad, y de desechos cut\u00e1neos.<\/p>\n<p>El desmaquillaje es una operaci\u00f3n de higiene que,\u00a0adquiriendo\u00a0la rutina de al menos una vez al d\u00eda antes de acostarse, puede permitirnos mostrar un rostro menos cansado y con m\u00e1s brillo, sin irritar la piel y\u00a0manteni\u00e9ndola\u00a0protegida.<\/p>\n<p>La Limpieza del rostro por la ma\u00f1ana, al levantarnos, elimina de nuestra piel las impurezas y toxinas liberadas dentro del sue\u00f1o.<\/p>\n<blockquote>\n<h3><strong>Una limpieza de cutis no solo es beneficiosa para la piel<\/strong><\/h3>\n<\/blockquote>\n\t\t<\/div>\n\t\t\t\t\t<\/div>\n\n\t\n<\/div>\n\t<div id=\"gap-646717687\" class=\"gap-element clearfix\" style=\"display:block; height:auto;\">\n\t\t\n<style>\n#gap-646717687 {\n  padding-top: 60px;\n}\n<\/style>\n\t<\/div>\n\t\n\t<section class=\"section\" id=\"section_836459648\">\n\t\t<div class=\"bg section-bg fill bg-fill  bg-loaded\" >\n\n\t\t\t\n\t\t\t\n\t\t\t\n\n\t\t<\/div>\n\n\t\t\n\n\t\t<div class=\"section-content relative\">\n\t\t\t\n<h2 style=\"text-align: center;\"><span style=\"font-size: 120%;\">Art\u00edculos relacionados<\/span><\/h2>\n\t<div id=\"gap-21549897\" class=\"gap-element clearfix\" style=\"display:block; height:auto;\">\n\t\t\n<style>\n#gap-21549897 {\n  padding-top: 15px;\n}\n<\/style>\n\t<\/div>\n\t\n<div class=\"row\"  id=\"row-918489748\">\n\n\t<div id=\"col-2030426070\" class=\"col medium-6 small-12 large-6\"  >\n\t\t\t\t<div class=\"col-inner text-center\"  >\n\t\t\t\n\t\t\t\n\n  <div class=\"banner has-hover bg-zoom bg-overlay-remove-50\" id=\"banner-27938580\">\n          <div class=\"banner-inner fill\">\n        <div class=\"banner-bg fill\" >\n            <div class=\"bg fill bg-fill \"><\/div>\n                        <div class=\"overlay\"><\/div>            \n                    <\/div>\n\t\t\n        <div class=\"banner-layers container\">\n            <a class=\"fill\" href=\"http:\/\/dravillanueva.com\/medicina-estetica\/porque-es-tan-importante-la-higiene-facial\/\"  ><div class=\"fill banner-link\"><\/div><\/a>            \n   <div id=\"text-box-1825022687\" class=\"text-box banner-layer x50 md-x50 lg-x50 y80 md-y80 lg-y80 res-text\">\n                                <div class=\"text-box-content text dark\">\n              \n              <div class=\"text-inner text-center\">\n                  \n<h4 class=\"uppercase\">Porqu\u00e9 es tan importante la higiene facial<\/p>\n<\/h4>\n              <\/div>\n           <\/div>\n                            \n<style>\n#text-box-1825022687 {\n  width: 60%;\n}\n#text-box-1825022687 .text-box-content {\n  font-size: 100%;\n}\n<\/style>\n    <\/div>\n \n        <\/div>\n      <\/div>\n\n            \n<style>\n#banner-27938580 {\n  padding-top: 300px;\n}\n#banner-27938580 .bg.bg-loaded {\n  background-image: url(https:\/\/dravillanueva.com\/medicina-estetica\/wp-content\/uploads\/higiene-facial-1024x1024.jpg);\n}\n#banner-27938580 .overlay {\n  background-color: rgba(0,0,0,.5);\n}\n#banner-27938580 .bg {\n  background-position: 83% 55%;\n}\n#banner-27938580 .ux-shape-divider--top svg {\n  height: 150px;\n  --divider-top-width: 100%;\n}\n#banner-27938580 .ux-shape-divider--bottom svg {\n  height: 150px;\n  --divider-width: 100%;\n}\n<\/style>\n  <\/div>\n\n\n\t<div id=\"gap-1620778363\" class=\"gap-element clearfix\" style=\"display:block; height:auto;\">\n\t\t\n<style>\n#gap-1620778363 {\n  padding-top: 30px;\n}\n<\/style>\n\t<\/div>\n\t\n\t\t<\/div>\n\t\t\t\t\t<\/div>\n\n\t\n\n\t<div id=\"col-105718016\" class=\"col medium-6 small-12 large-6\"  >\n\t\t\t\t<div class=\"col-inner text-center\"  >\n\t\t\t\n\t\t\t\n\n  <div class=\"banner has-hover bg-zoom bg-overlay-remove-50\" id=\"banner-858612275\">\n          <div class=\"banner-inner fill\">\n        <div class=\"banner-bg fill\" >\n            <div class=\"bg fill bg-fill \"><\/div>\n                        <div class=\"overlay\"><\/div>            \n                    <\/div>\n\t\t\n        <div class=\"banner-layers container\">\n            <a class=\"fill\" href=\"http:\/\/dravillanueva.com\/medicina-estetica\/la-revolucion-de-la-medicina-esteticaprevencion-y-belleza-natural-mujer-hoy\/\"  ><div class=\"fill banner-link\"><\/div><\/a>            \n   <div id=\"text-box-441876714\" class=\"text-box banner-layer x50 md-x50 lg-x50 y80 md-y80 lg-y80 res-text\">\n                                <div class=\"text-box-content text dark\">\n              \n              <div class=\"text-inner text-center\">\n                  \n<h4 class=\"uppercase\">\u00abLa revoluci\u00f3n de la medicina est\u00e9tica: prevenci\u00f3n y belleza natural\u00bb en la revista Mujer Hoy<\/p>\n<\/h4>\n              <\/div>\n           <\/div>\n                            \n<style>\n#text-box-441876714 {\n  width: 60%;\n}\n#text-box-441876714 .text-box-content {\n  font-size: 100%;\n}\n<\/style>\n    <\/div>\n \n        <\/div>\n      <\/div>\n\n            \n<style>\n#banner-858612275 {\n  padding-top: 300px;\n}\n#banner-858612275 .bg.bg-loaded {\n  background-image: url(https:\/\/dravillanueva.com\/medicina-estetica\/wp-content\/uploads\/drav-mujer-hoy-1024x435.jpg);\n}\n#banner-858612275 .overlay {\n  background-color: rgba(0,0,0,.5);\n}\n#banner-858612275 .ux-shape-divider--top svg {\n  height: 150px;\n  --divider-top-width: 100%;\n}\n#banner-858612275 .ux-shape-divider--bottom svg {\n  height: 150px;\n  --divider-width: 100%;\n}\n<\/style>\n  <\/div>\n\n\n\t<div id=\"gap-1203994585\" class=\"gap-element clearfix\" style=\"display:block; height:auto;\">\n\t\t\n<style>\n#gap-1203994585 {\n  padding-top: 30px;\n}\n<\/style>\n\t<\/div>\n\t\n\t\t<\/div>\n\t\t\t\t\t<\/div>\n\n\t\n<\/div>\n\t\t<\/div>\n\n\t\t\n<style>\n#section_836459648 {\n  padding-top: 45px;\n  padding-bottom: 45px;\n  background-color: rgb(255,255,255);\n}\n#section_836459648 .ux-shape-divider--top svg {\n  height: 150px;\n  --divider-top-width: 100%;\n}\n#section_836459648 .ux-shape-divider--bottom svg {\n  height: 150px;\n  --divider-width: 100%;\n}\n<\/style>\n\t<\/section>\n\t\n\n  <div class=\"banner has-hover\" id=\"banner-353160642\">\n          <div class=\"banner-inner fill\">\n        <div class=\"banner-bg fill\" >\n            <div class=\"bg fill bg-fill \"><\/div>\n                                    \n                    <\/div>\n\t\t\n        <div class=\"banner-layers container\">\n            <div class=\"fill banner-link\"><\/div>            \n   <div id=\"text-box-823869470\" class=\"text-box banner-layer x50 md-x50 lg-x50 y50 md-y50 lg-y50 res-text\">\n                                <div class=\"text-box-content text dark\">\n              \n              <div class=\"text-inner text-center\">\n                  \n<h3><span style=\"font-size: 85%;\">Pide tu cita llamando al\u00a0933 622 565 o si lo prefieres contacta con nosotros.<\/span><\/h3>\n\t<div id=\"gap-549132111\" class=\"gap-element clearfix\" style=\"display:block; height:auto;\">\n\t\t\n<style>\n#gap-549132111 {\n  padding-top: 30px;\n}\n<\/style>\n\t<\/div>\n\t\n<a href=\"http:\/\/dravillanueva.com\/medicina-estetica\/contactar\/\" target=\"_self\" class=\"button white is-outline\"  style=\"border-radius:99px;\">\n    <span>quiero enviar un mensaje<\/span>\n  <\/a>\n\n              <\/div>\n           <\/div>\n                            \n<style>\n#text-box-823869470 {\n  width: 48%;\n}\n#text-box-823869470 .text-box-content {\n  font-size: 100%;\n}\n<\/style>\n    <\/div>\n \n        <\/div>\n      <\/div>\n\n            \n<style>\n#banner-353160642 {\n  padding-top: 225px;\n  background-color: rgb(210, 110, 75);\n}\n#banner-353160642 .ux-shape-divider--top svg {\n  height: 150px;\n  --divider-top-width: 100%;\n}\n#banner-353160642 .ux-shape-divider--bottom svg {\n  height: 150px;\n  --divider-width: 100%;\n}\n@media (min-width:550px) {\n  #banner-353160642 {\n    padding-top: 300px;\n  }\n}\n<\/style>\n  <\/div>\n\n\n","protected":false},"excerpt":{"rendered":"Higiene Facial #page-header-1490165264 .page-title-inner { min-height: 300px; } #page-header-1490165264 .title-bg { background-image: url(https:\/\/dravillanueva.com\/medicina-estetica\/wp-content\/uploads\/Higiene-Facial.jpg); background-position: 39% 25%; } #page-header-1490165264 .title-overlay { background-color: rgba(0, 0, 0, 0.5); } #gap-318539117 { padding-top: 80px; } Higiene Facial o la importancia de una piel limpia La piel del rostro es una de las zonas m\u00e1s sensibles que tenemos, d\u00eda a [...]","protected":false},"author":4,"featured_media":9307,"parent":0,"menu_order":0,"comment_status":"open","ping_status":"closed","template":"","meta":{"h5ap_radio_sources":[],"footnotes":""},"class_list":["post-9222","page","type-page","status-publish","has-post-thumbnail","hentry"],"yoast_head":"<!-- This site is optimized with the Yoast SEO plugin v27.3 - https:\/\/yoast.com\/product\/yoast-seo-wordpress\/ -->\n<title>Higiene Facial - Dravillanueva.com<\/title>\n<meta name=\"description\" content=\"la higiene facial es fundamental para lograr que la piel se vea bonita y resplandeciente.\" \/>\n<meta name=\"robots\" content=\"index, follow, max-snippet:-1, max-image-preview:large, max-video-preview:-1\" \/>\n<link rel=\"canonical\" href=\"https:\/\/dravillanueva.com\/medicina-estetica\/higiene-facial\/\" \/>\n<meta property=\"og:locale\" content=\"es_ES\" \/>\n<meta property=\"og:type\" content=\"article\" \/>\n<meta property=\"og:title\" content=\"Higiene Facial - Dravillanueva.com\" \/>\n<meta property=\"og:description\" content=\"la higiene facial es fundamental para lograr que la piel se vea bonita y resplandeciente.\" \/>\n<meta property=\"og:url\" content=\"https:\/\/dravillanueva.com\/medicina-estetica\/higiene-facial\/\" \/>\n<meta property=\"og:site_name\" content=\"Dravillanueva.com\" \/>\n<meta property=\"article:modified_time\" content=\"2020-05-25T08:12:11+00:00\" \/>\n<meta property=\"og:image\" content=\"https:\/\/dravillanueva.com\/medicina-estetica\/wp-content\/uploads\/Higiene-Facial.jpg\" \/>\n\t<meta property=\"og:image:width\" content=\"1688\" \/>\n\t<meta property=\"og:image:height\" content=\"1127\" \/>\n\t<meta property=\"og:image:type\" content=\"image\/jpeg\" \/>\n<meta name=\"twitter:card\" content=\"summary_large_image\" \/>\n<meta name=\"twitter:label1\" content=\"Tiempo de lectura\" \/>\n\t<meta name=\"twitter:data1\" content=\"4 minutos\" \/>\n<script type=\"application\/ld+json\" class=\"yoast-schema-graph\">{\"@context\":\"https:\\\/\\\/schema.org\",\"@graph\":[{\"@type\":\"WebPage\",\"@id\":\"https:\\\/\\\/dravillanueva.com\\\/medicina-estetica\\\/higiene-facial\\\/\",\"url\":\"https:\\\/\\\/dravillanueva.com\\\/medicina-estetica\\\/higiene-facial\\\/\",\"name\":\"Higiene Facial - Dravillanueva.com\",\"isPartOf\":{\"@id\":\"https:\\\/\\\/dravillanueva.com\\\/medicina-estetica\\\/#website\"},\"primaryImageOfPage\":{\"@id\":\"https:\\\/\\\/dravillanueva.com\\\/medicina-estetica\\\/higiene-facial\\\/#primaryimage\"},\"image\":{\"@id\":\"https:\\\/\\\/dravillanueva.com\\\/medicina-estetica\\\/higiene-facial\\\/#primaryimage\"},\"thumbnailUrl\":\"https:\\\/\\\/dravillanueva.com\\\/medicina-estetica\\\/wp-content\\\/uploads\\\/Higiene-Facial.jpg\",\"datePublished\":\"2016-03-21T18:27:19+00:00\",\"dateModified\":\"2020-05-25T08:12:11+00:00\",\"description\":\"la higiene facial es fundamental para lograr que la piel se vea bonita y resplandeciente.\",\"breadcrumb\":{\"@id\":\"https:\\\/\\\/dravillanueva.com\\\/medicina-estetica\\\/higiene-facial\\\/#breadcrumb\"},\"inLanguage\":\"es\",\"potentialAction\":[{\"@type\":\"ReadAction\",\"target\":[\"https:\\\/\\\/dravillanueva.com\\\/medicina-estetica\\\/higiene-facial\\\/\"]}]},{\"@type\":\"ImageObject\",\"inLanguage\":\"es\",\"@id\":\"https:\\\/\\\/dravillanueva.com\\\/medicina-estetica\\\/higiene-facial\\\/#primaryimage\",\"url\":\"https:\\\/\\\/dravillanueva.com\\\/medicina-estetica\\\/wp-content\\\/uploads\\\/Higiene-Facial.jpg\",\"contentUrl\":\"https:\\\/\\\/dravillanueva.com\\\/medicina-estetica\\\/wp-content\\\/uploads\\\/Higiene-Facial.jpg\",\"width\":1688,\"height\":1127,\"caption\":\"Higiene Facial\"},{\"@type\":\"BreadcrumbList\",\"@id\":\"https:\\\/\\\/dravillanueva.com\\\/medicina-estetica\\\/higiene-facial\\\/#breadcrumb\",\"itemListElement\":[{\"@type\":\"ListItem\",\"position\":1,\"name\":\"Portada\",\"item\":\"https:\\\/\\\/dravillanueva.com\\\/medicina-estetica\\\/\"},{\"@type\":\"ListItem\",\"position\":2,\"name\":\"Higiene Facial\"}]},{\"@type\":\"WebSite\",\"@id\":\"https:\\\/\\\/dravillanueva.com\\\/medicina-estetica\\\/#website\",\"url\":\"https:\\\/\\\/dravillanueva.com\\\/medicina-estetica\\\/\",\"name\":\"Dravillanueva.com\",\"description\":\"Especialista en Medicina Est\u00e9tica\",\"potentialAction\":[{\"@type\":\"SearchAction\",\"target\":{\"@type\":\"EntryPoint\",\"urlTemplate\":\"https:\\\/\\\/dravillanueva.com\\\/medicina-estetica\\\/?s={search_term_string}\"},\"query-input\":{\"@type\":\"PropertyValueSpecification\",\"valueRequired\":true,\"valueName\":\"search_term_string\"}}],\"inLanguage\":\"es\"}]}<\/script>\n<!-- \/ Yoast SEO plugin. -->","yoast_head_json":{"title":"Higiene Facial - Dravillanueva.com","description":"la higiene facial es fundamental para lograr que la piel se vea bonita y resplandeciente.","robots":{"index":"index","follow":"follow","max-snippet":"max-snippet:-1","max-image-preview":"max-image-preview:large","max-video-preview":"max-video-preview:-1"},"canonical":"https:\/\/dravillanueva.com\/medicina-estetica\/higiene-facial\/","og_locale":"es_ES","og_type":"article","og_title":"Higiene Facial - Dravillanueva.com","og_description":"la higiene facial es fundamental para lograr que la piel se vea bonita y resplandeciente.","og_url":"https:\/\/dravillanueva.com\/medicina-estetica\/higiene-facial\/","og_site_name":"Dravillanueva.com","article_modified_time":"2020-05-25T08:12:11+00:00","og_image":[{"width":1688,"height":1127,"url":"https:\/\/dravillanueva.com\/medicina-estetica\/wp-content\/uploads\/Higiene-Facial.jpg","type":"image\/jpeg"}],"twitter_card":"summary_large_image","twitter_misc":{"Tiempo de lectura":"4 minutos"},"schema":{"@context":"https:\/\/schema.org","@graph":[{"@type":"WebPage","@id":"https:\/\/dravillanueva.com\/medicina-estetica\/higiene-facial\/","url":"https:\/\/dravillanueva.com\/medicina-estetica\/higiene-facial\/","name":"Higiene Facial - Dravillanueva.com","isPartOf":{"@id":"https:\/\/dravillanueva.com\/medicina-estetica\/#website"},"primaryImageOfPage":{"@id":"https:\/\/dravillanueva.com\/medicina-estetica\/higiene-facial\/#primaryimage"},"image":{"@id":"https:\/\/dravillanueva.com\/medicina-estetica\/higiene-facial\/#primaryimage"},"thumbnailUrl":"https:\/\/dravillanueva.com\/medicina-estetica\/wp-content\/uploads\/Higiene-Facial.jpg","datePublished":"2016-03-21T18:27:19+00:00","dateModified":"2020-05-25T08:12:11+00:00","description":"la higiene facial es fundamental para lograr que la piel se vea bonita y resplandeciente.","breadcrumb":{"@id":"https:\/\/dravillanueva.com\/medicina-estetica\/higiene-facial\/#breadcrumb"},"inLanguage":"es","potentialAction":[{"@type":"ReadAction","target":["https:\/\/dravillanueva.com\/medicina-estetica\/higiene-facial\/"]}]},{"@type":"ImageObject","inLanguage":"es","@id":"https:\/\/dravillanueva.com\/medicina-estetica\/higiene-facial\/#primaryimage","url":"https:\/\/dravillanueva.com\/medicina-estetica\/wp-content\/uploads\/Higiene-Facial.jpg","contentUrl":"https:\/\/dravillanueva.com\/medicina-estetica\/wp-content\/uploads\/Higiene-Facial.jpg","width":1688,"height":1127,"caption":"Higiene Facial"},{"@type":"BreadcrumbList","@id":"https:\/\/dravillanueva.com\/medicina-estetica\/higiene-facial\/#breadcrumb","itemListElement":[{"@type":"ListItem","position":1,"name":"Portada","item":"https:\/\/dravillanueva.com\/medicina-estetica\/"},{"@type":"ListItem","position":2,"name":"Higiene Facial"}]},{"@type":"WebSite","@id":"https:\/\/dravillanueva.com\/medicina-estetica\/#website","url":"https:\/\/dravillanueva.com\/medicina-estetica\/","name":"Dravillanueva.com","description":"Especialista en Medicina Est\u00e9tica","potentialAction":[{"@type":"SearchAction","target":{"@type":"EntryPoint","urlTemplate":"https:\/\/dravillanueva.com\/medicina-estetica\/?s={search_term_string}"},"query-input":{"@type":"PropertyValueSpecification","valueRequired":true,"valueName":"search_term_string"}}],"inLanguage":"es"}]}},"amp_enabled":true,"_links":{"self":[{"href":"https:\/\/dravillanueva.com\/medicina-estetica\/wp-json\/wp\/v2\/pages\/9222","targetHints":{"allow":["GET"]}}],"collection":[{"href":"https:\/\/dravillanueva.com\/medicina-estetica\/wp-json\/wp\/v2\/pages"}],"about":[{"href":"https:\/\/dravillanueva.com\/medicina-estetica\/wp-json\/wp\/v2\/types\/page"}],"author":[{"embeddable":true,"href":"https:\/\/dravillanueva.com\/medicina-estetica\/wp-json\/wp\/v2\/users\/4"}],"replies":[{"embeddable":true,"href":"https:\/\/dravillanueva.com\/medicina-estetica\/wp-json\/wp\/v2\/comments?post=9222"}],"version-history":[{"count":6,"href":"https:\/\/dravillanueva.com\/medicina-estetica\/wp-json\/wp\/v2\/pages\/9222\/revisions"}],"predecessor-version":[{"id":15178,"href":"https:\/\/dravillanueva.com\/medicina-estetica\/wp-json\/wp\/v2\/pages\/9222\/revisions\/15178"}],"wp:featuredmedia":[{"embeddable":true,"href":"https:\/\/dravillanueva.com\/medicina-estetica\/wp-json\/wp\/v2\/media\/9307"}],"wp:attachment":[{"href":"https:\/\/dravillanueva.com\/medicina-estetica\/wp-json\/wp\/v2\/media?parent=9222"}],"curies":[{"name":"wp","href":"https:\/\/api.w.org\/{rel}","templated":true}]}}