{"id":9218,"date":"2016-03-21T18:26:00","date_gmt":"2016-03-21T18:26:00","guid":{"rendered":"http:\/\/www.dravillanueva.com\/medicinaestetica\/?page_id=9218"},"modified":"2020-05-25T10:11:58","modified_gmt":"2020-05-25T08:11:58","slug":"hidratacion","status":"publish","type":"page","link":"https:\/\/dravillanueva.com\/medicina-estetica\/hidratacion\/","title":{"rendered":"Hidrataci\u00f3n"},"content":{"rendered":"  <div id=\"page-header-1928044351\" class=\"page-header-wrapper\">\n  <div class=\"page-title dark featured-title\">\n\n        <div class=\"page-title-bg\">\n      <div class=\"title-bg fill bg-fill\"\n        data-parallax-container=\".page-title\"\n        data-parallax-background\n        data-parallax=\"-\">\n      <\/div>\n      <div class=\"title-overlay fill\"><\/div>\n    <\/div>\n    \n    <div class=\"page-title-inner container align-bottom text-center flex-row-col medium-flex-wrap\" >\n              <div class=\"title-wrapper is-xlarge flex-col\">\n          <h1 class=\"entry-title mb-0\">\n            Hidrataci\u00f3n          <\/h1>\n        <\/div>\n                    <div class=\"title-content flex-col\">\n        <div class=\"title-breadcrumbs pb-half pt-half\"><\/div>      <\/div>\n    <\/div>\n\n     \n<style>\n#page-header-1928044351 .page-title-inner {\n  min-height: 300px;\n}\n#page-header-1928044351 .title-bg {\n  background-image: url(https:\/\/dravillanueva.com\/medicina-estetica\/wp-content\/uploads\/Hidratacion-2.jpg);\n  background-position: 41% 41%;\n}\n#page-header-1928044351 .title-overlay {\n  background-color: rgba(0, 0, 0, 0.5);\n}\n<\/style>\n  <\/div>\n    <\/div>\n  \n\t<div id=\"gap-793094449\" class=\"gap-element clearfix\" style=\"display:block; height:auto;\">\n\t\t\n<style>\n#gap-793094449 {\n  padding-top: 80px;\n}\n<\/style>\n\t<\/div>\n\t\n<div class=\"row\"  id=\"row-518723631\">\n\n\t<div id=\"col-1442807845\" class=\"col medium-6 small-12 large-6\"  >\n\t\t\t\t<div class=\"col-inner\"  >\n\t\t\t\n\t\t\t\n<p>El programa de\u00a0<strong>hidrataci\u00f3n facial personalizado<\/strong>\u00a0para cada tipo de piel que ofrecemos en la Consulta de la Dra. Villanueva consiste en una refrescante sesi\u00f3n y procedimientos adecuados para lograr una piel suave y bien hidratada.<\/p>\n<p>El uso de productos faciales secantes, el sol, la edad,.. Son culpables de la deshidrataci\u00f3n d\u00e9rmica. La piel tiene una funci\u00f3n fundamental en el organismo, el intercambio de agua. El contenido de agua en el cuerpo humano var\u00eda con el crecimiento, al ir envejeciendo disminuye y hay una notable modificaci\u00f3n total del agua en el organismo.<\/p>\n\t\t<\/div>\n\t\t\t\t\t<\/div>\n\n\t\n\n\t<div id=\"col-251165842\" class=\"col medium-6 small-12 large-6\"  >\n\t\t\t\t<div class=\"col-inner\"  >\n\t\t\t\n\t\t\t\n<p>La deshidrataci\u00f3n superficial puede detectarse cuando la piel se ve descamada e incluso con arrugas por la sequedad y puede afectar tanto a pieles al\u00edpicas como grasas.<\/p>\n<p>Cada una de ellas necesitar\u00e1 productos adecuados. La utilizaci\u00f3n de sustancias emolientes enriquecidas y agentes hidratantes aportan a la piel la hidrataci\u00f3n perdida y ayudan a mantenerla.<\/p>\n\t\t<\/div>\n\t\t\t\t\t<\/div>\n\n\t\n\n\t<div id=\"col-2022867436\" class=\"col small-12 large-12\"  >\n\t\t\t\t<div class=\"col-inner\"  >\n\t\t\t\n\t\t\t\n\t<div id=\"gap-76893269\" class=\"gap-element clearfix\" style=\"display:block; height:auto;\">\n\t\t\n<style>\n#gap-76893269 {\n  padding-top: 30px;\n}\n<\/style>\n\t<\/div>\n\t\n<p style=\"text-align: center;\">Un tratamiento para la deshidrataci\u00f3n de escote, cuello y cara consta de cuatro pasos: limpieza, preparaci\u00f3n de la piel, aplicaci\u00f3n del producto tratante y protecci\u00f3n de la piel.<\/p>\n<p style=\"text-align: center;\">Este tratamiento tiene una duraci\u00f3n aproximada de 45 minutos.<\/p>\n\t\t<\/div>\n\t\t\t\t\t<\/div>\n\n\t\n<\/div>\n\t<div id=\"gap-1181958672\" class=\"gap-element clearfix\" style=\"display:block; height:auto;\">\n\t\t\n<style>\n#gap-1181958672 {\n  padding-top: 30px;\n}\n<\/style>\n\t<\/div>\n\t\n<div class=\"row align-center\"  id=\"row-1139815810\">\n\n\t<div id=\"col-1664842750\" class=\"col medium-6 small-12 large-6\"  >\n\t\t\t\t<div class=\"col-inner\"  >\n\t\t\t\n\t\t\t\n<h2 style=\"text-align: center;\"><b>Recomendaciones<\/b><\/h2>\n<p>Evitar el uso de jabones, lociones alcoh\u00f3licas y detergentes dr\u00e1sticos en su higiene diaria.<\/p>\n<p>Evitar el abuso de bebidas alcoh\u00f3licas y tabaco.<\/p>\n<p>No exponer la piel al fr\u00edo, viento y\/o sol sin una protecci\u00f3n eficaz.<\/p>\n\t\t<\/div>\n\t\t\t\t\t<\/div>\n\n\t\n<\/div>\n\t<div id=\"gap-2087605887\" class=\"gap-element clearfix\" style=\"display:block; height:auto;\">\n\t\t\n<style>\n#gap-2087605887 {\n  padding-top: 60px;\n}\n<\/style>\n\t<\/div>\n\t\n\t<section class=\"section\" id=\"section_1154616289\">\n\t\t<div class=\"bg section-bg fill bg-fill  bg-loaded\" >\n\n\t\t\t\n\t\t\t\n\t\t\t\n\n\t\t<\/div>\n\n\t\t\n\n\t\t<div class=\"section-content relative\">\n\t\t\t\n<h2 style=\"text-align: center;\"><span style=\"font-size: 120%;\">Art\u00edculos relacionados<\/span><\/h2>\n\t<div id=\"gap-1850216163\" class=\"gap-element clearfix\" style=\"display:block; height:auto;\">\n\t\t\n<style>\n#gap-1850216163 {\n  padding-top: 15px;\n}\n<\/style>\n\t<\/div>\n\t\n<div class=\"row\"  id=\"row-352054076\">\n\n\t<div id=\"col-1398970520\" class=\"col medium-6 small-12 large-6\"  >\n\t\t\t\t<div class=\"col-inner text-center\"  >\n\t\t\t\n\t\t\t\n\n  <div class=\"banner has-hover bg-zoom bg-overlay-remove-50\" id=\"banner-40797517\">\n          <div class=\"banner-inner fill\">\n        <div class=\"banner-bg fill\" >\n            <div class=\"bg fill bg-fill \"><\/div>\n                        <div class=\"overlay\"><\/div>            \n                    <\/div>\n\t\t\n        <div class=\"banner-layers container\">\n            <a class=\"fill\" href=\"http:\/\/dravillanueva.com\/medicina-estetica\/quieres-revitalizar-tu-piel-despues-del-verano-y-te-dan-miedo-las-agujas\/\"  ><div class=\"fill banner-link\"><\/div><\/a>            \n   <div id=\"text-box-283407062\" class=\"text-box banner-layer x50 md-x50 lg-x50 y80 md-y80 lg-y80 res-text\">\n                                <div class=\"text-box-content text dark\">\n              \n              <div class=\"text-inner text-center\">\n                  \n<h4 class=\"uppercase\">\u00bfQuieres revitalizar tu piel despu\u00e9s del verano y te dan miedo las agujas?<\/p>\n<\/h4>\n              <\/div>\n           <\/div>\n                            \n<style>\n#text-box-283407062 {\n  width: 60%;\n}\n#text-box-283407062 .text-box-content {\n  font-size: 100%;\n}\n<\/style>\n    <\/div>\n \n        <\/div>\n      <\/div>\n\n            \n<style>\n#banner-40797517 {\n  padding-top: 300px;\n}\n#banner-40797517 .bg.bg-loaded {\n  background-image: url(https:\/\/dravillanueva.com\/medicina-estetica\/wp-content\/uploads\/drav-miedo-a-las-agujas-interior-1024x373.jpg);\n}\n#banner-40797517 .overlay {\n  background-color: rgba(0,0,0,.5);\n}\n#banner-40797517 .bg {\n  background-position: 48% 30%;\n}\n#banner-40797517 .ux-shape-divider--top svg {\n  height: 150px;\n  --divider-top-width: 100%;\n}\n#banner-40797517 .ux-shape-divider--bottom svg {\n  height: 150px;\n  --divider-width: 100%;\n}\n<\/style>\n  <\/div>\n\n\n\t<div id=\"gap-856029521\" class=\"gap-element clearfix\" style=\"display:block; height:auto;\">\n\t\t\n<style>\n#gap-856029521 {\n  padding-top: 30px;\n}\n<\/style>\n\t<\/div>\n\t\n\t\t<\/div>\n\t\t\t\t\t<\/div>\n\n\t\n\n\t<div id=\"col-1924932399\" class=\"col medium-6 small-12 large-6\"  >\n\t\t\t\t<div class=\"col-inner text-center\"  >\n\t\t\t\n\t\t\t\n\n  <div class=\"banner has-hover bg-zoom bg-overlay-remove-50\" id=\"banner-365571674\">\n          <div class=\"banner-inner fill\">\n        <div class=\"banner-bg fill\" >\n            <div class=\"bg fill bg-fill \"><\/div>\n                        <div class=\"overlay\"><\/div>            \n                    <\/div>\n\t\t\n        <div class=\"banner-layers container\">\n            <a class=\"fill\" href=\"http:\/\/dravillanueva.com\/medicina-estetica\/5-claves-para-estar-perfecta-este-verano\/\"  ><div class=\"fill banner-link\"><\/div><\/a>            \n   <div id=\"text-box-1896919420\" class=\"text-box banner-layer x50 md-x50 lg-x50 y80 md-y80 lg-y80 res-text\">\n                                <div class=\"text-box-content text dark\">\n              \n              <div class=\"text-inner text-center\">\n                  \n<h4 class=\"uppercase\">5 claves para estar perfecta este verano<\/p>\n<\/h4>\n              <\/div>\n           <\/div>\n                            \n<style>\n#text-box-1896919420 {\n  width: 60%;\n}\n#text-box-1896919420 .text-box-content {\n  font-size: 100%;\n}\n<\/style>\n    <\/div>\n \n        <\/div>\n      <\/div>\n\n            \n<style>\n#banner-365571674 {\n  padding-top: 300px;\n}\n#banner-365571674 .bg.bg-loaded {\n  background-image: url(https:\/\/dravillanueva.com\/medicina-estetica\/wp-content\/uploads\/5-claves-para-estar-perfecta-este-verano-1024x535.jpg);\n}\n#banner-365571674 .overlay {\n  background-color: rgba(0,0,0,.5);\n}\n#banner-365571674 .ux-shape-divider--top svg {\n  height: 150px;\n  --divider-top-width: 100%;\n}\n#banner-365571674 .ux-shape-divider--bottom svg {\n  height: 150px;\n  --divider-width: 100%;\n}\n<\/style>\n  <\/div>\n\n\n\t<div id=\"gap-1585781809\" class=\"gap-element clearfix\" style=\"display:block; height:auto;\">\n\t\t\n<style>\n#gap-1585781809 {\n  padding-top: 30px;\n}\n<\/style>\n\t<\/div>\n\t\n\t\t<\/div>\n\t\t\t\t\t<\/div>\n\n\t\n<\/div>\n\t\t<\/div>\n\n\t\t\n<style>\n#section_1154616289 {\n  padding-top: 45px;\n  padding-bottom: 45px;\n  background-color: rgb(255,255,255);\n}\n#section_1154616289 .ux-shape-divider--top svg {\n  height: 150px;\n  --divider-top-width: 100%;\n}\n#section_1154616289 .ux-shape-divider--bottom svg {\n  height: 150px;\n  --divider-width: 100%;\n}\n<\/style>\n\t<\/section>\n\t\n\n  <div class=\"banner has-hover\" id=\"banner-1833000302\">\n          <div class=\"banner-inner fill\">\n        <div class=\"banner-bg fill\" >\n            <div class=\"bg fill bg-fill \"><\/div>\n                                    \n                    <\/div>\n\t\t\n        <div class=\"banner-layers container\">\n            <div class=\"fill banner-link\"><\/div>            \n   <div id=\"text-box-126251587\" class=\"text-box banner-layer x50 md-x50 lg-x50 y50 md-y50 lg-y50 res-text\">\n                                <div class=\"text-box-content text dark\">\n              \n              <div class=\"text-inner text-center\">\n                  \n<h3><span style=\"font-size: 85%;\">Pide tu cita llamando al\u00a0933 622 565 o si lo prefieres contacta con nosotros.<\/span><\/h3>\n\t<div id=\"gap-680124830\" class=\"gap-element clearfix\" style=\"display:block; height:auto;\">\n\t\t\n<style>\n#gap-680124830 {\n  padding-top: 30px;\n}\n<\/style>\n\t<\/div>\n\t\n<a href=\"http:\/\/dravillanueva.com\/medicina-estetica\/contactar\/\" target=\"_self\" class=\"button white is-outline\"  style=\"border-radius:99px;\">\n    <span>quiero enviar un mensaje<\/span>\n  <\/a>\n\n              <\/div>\n           <\/div>\n                            \n<style>\n#text-box-126251587 {\n  width: 48%;\n}\n#text-box-126251587 .text-box-content {\n  font-size: 100%;\n}\n<\/style>\n    <\/div>\n \n        <\/div>\n      <\/div>\n\n            \n<style>\n#banner-1833000302 {\n  padding-top: 225px;\n  background-color: rgb(210, 110, 75);\n}\n#banner-1833000302 .ux-shape-divider--top svg {\n  height: 150px;\n  --divider-top-width: 100%;\n}\n#banner-1833000302 .ux-shape-divider--bottom svg {\n  height: 150px;\n  --divider-width: 100%;\n}\n@media (min-width:550px) {\n  #banner-1833000302 {\n    padding-top: 300px;\n  }\n}\n<\/style>\n  <\/div>\n\n\n","protected":false},"excerpt":{"rendered":"Hidrataci\u00f3n #page-header-1214898873 .page-title-inner { min-height: 300px; } #page-header-1214898873 .title-bg { background-image: url(https:\/\/dravillanueva.com\/medicina-estetica\/wp-content\/uploads\/Hidratacion-2.jpg); background-position: 41% 41%; } #page-header-1214898873 .title-overlay { background-color: rgba(0, 0, 0, 0.5); } #gap-2412891 { padding-top: 80px; } El programa de\u00a0hidrataci\u00f3n facial personalizado\u00a0para cada tipo de piel que ofrecemos en la Consulta de la Dra. Villanueva consiste en una refrescante sesi\u00f3n y procedimientos [...]","protected":false},"author":4,"featured_media":9303,"parent":0,"menu_order":0,"comment_status":"open","ping_status":"closed","template":"","meta":{"h5ap_radio_sources":[],"footnotes":""},"class_list":["post-9218","page","type-page","status-publish","has-post-thumbnail","hentry"],"yoast_head":"<!-- This site is optimized with the Yoast SEO plugin v27.4 - https:\/\/yoast.com\/product\/yoast-seo-wordpress\/ -->\n<title>Hidrataci\u00f3n - Dravillanueva.com<\/title>\n<meta name=\"description\" content=\"El programa de hidrataci\u00f3n facial personalizado para cada tipo de piel que ofrecemos en la Consulta de la Dra. Villanueva consiste en una ...\" \/>\n<meta name=\"robots\" content=\"index, follow, max-snippet:-1, max-image-preview:large, max-video-preview:-1\" \/>\n<link rel=\"canonical\" href=\"https:\/\/dravillanueva.com\/medicina-estetica\/hidratacion\/\" \/>\n<meta property=\"og:locale\" content=\"es_ES\" \/>\n<meta property=\"og:type\" content=\"article\" \/>\n<meta property=\"og:title\" content=\"Hidrataci\u00f3n - Dravillanueva.com\" \/>\n<meta property=\"og:description\" content=\"El programa de hidrataci\u00f3n facial personalizado para cada tipo de piel que ofrecemos en la Consulta de la Dra. Villanueva consiste en una ...\" \/>\n<meta property=\"og:url\" content=\"https:\/\/dravillanueva.com\/medicina-estetica\/hidratacion\/\" \/>\n<meta property=\"og:site_name\" content=\"Dravillanueva.com\" \/>\n<meta property=\"article:modified_time\" content=\"2020-05-25T08:11:58+00:00\" \/>\n<meta property=\"og:image\" content=\"https:\/\/dravillanueva.com\/medicina-estetica\/wp-content\/uploads\/Hidratacion-2.jpg\" \/>\n\t<meta property=\"og:image:width\" content=\"2161\" \/>\n\t<meta property=\"og:image:height\" content=\"1126\" \/>\n\t<meta property=\"og:image:type\" content=\"image\/jpeg\" \/>\n<meta name=\"twitter:card\" content=\"summary_large_image\" \/>\n<meta name=\"twitter:label1\" content=\"Tiempo de lectura\" \/>\n\t<meta name=\"twitter:data1\" content=\"2 minutos\" \/>\n<script type=\"application\/ld+json\" class=\"yoast-schema-graph\">{\"@context\":\"https:\\\/\\\/schema.org\",\"@graph\":[{\"@type\":\"WebPage\",\"@id\":\"https:\\\/\\\/dravillanueva.com\\\/medicina-estetica\\\/hidratacion\\\/\",\"url\":\"https:\\\/\\\/dravillanueva.com\\\/medicina-estetica\\\/hidratacion\\\/\",\"name\":\"Hidrataci\u00f3n - Dravillanueva.com\",\"isPartOf\":{\"@id\":\"https:\\\/\\\/dravillanueva.com\\\/medicina-estetica\\\/#website\"},\"primaryImageOfPage\":{\"@id\":\"https:\\\/\\\/dravillanueva.com\\\/medicina-estetica\\\/hidratacion\\\/#primaryimage\"},\"image\":{\"@id\":\"https:\\\/\\\/dravillanueva.com\\\/medicina-estetica\\\/hidratacion\\\/#primaryimage\"},\"thumbnailUrl\":\"https:\\\/\\\/dravillanueva.com\\\/medicina-estetica\\\/wp-content\\\/uploads\\\/Hidratacion-2.jpg\",\"datePublished\":\"2016-03-21T18:26:00+00:00\",\"dateModified\":\"2020-05-25T08:11:58+00:00\",\"description\":\"El programa de hidrataci\u00f3n facial personalizado para cada tipo de piel que ofrecemos en la Consulta de la Dra. Villanueva consiste en una ...\",\"breadcrumb\":{\"@id\":\"https:\\\/\\\/dravillanueva.com\\\/medicina-estetica\\\/hidratacion\\\/#breadcrumb\"},\"inLanguage\":\"es\",\"potentialAction\":[{\"@type\":\"ReadAction\",\"target\":[\"https:\\\/\\\/dravillanueva.com\\\/medicina-estetica\\\/hidratacion\\\/\"]}]},{\"@type\":\"ImageObject\",\"inLanguage\":\"es\",\"@id\":\"https:\\\/\\\/dravillanueva.com\\\/medicina-estetica\\\/hidratacion\\\/#primaryimage\",\"url\":\"https:\\\/\\\/dravillanueva.com\\\/medicina-estetica\\\/wp-content\\\/uploads\\\/Hidratacion-2.jpg\",\"contentUrl\":\"https:\\\/\\\/dravillanueva.com\\\/medicina-estetica\\\/wp-content\\\/uploads\\\/Hidratacion-2.jpg\",\"width\":2161,\"height\":1126,\"caption\":\"hidrataci\u00f3n\"},{\"@type\":\"BreadcrumbList\",\"@id\":\"https:\\\/\\\/dravillanueva.com\\\/medicina-estetica\\\/hidratacion\\\/#breadcrumb\",\"itemListElement\":[{\"@type\":\"ListItem\",\"position\":1,\"name\":\"Portada\",\"item\":\"https:\\\/\\\/dravillanueva.com\\\/medicina-estetica\\\/\"},{\"@type\":\"ListItem\",\"position\":2,\"name\":\"Hidrataci\u00f3n\"}]},{\"@type\":\"WebSite\",\"@id\":\"https:\\\/\\\/dravillanueva.com\\\/medicina-estetica\\\/#website\",\"url\":\"https:\\\/\\\/dravillanueva.com\\\/medicina-estetica\\\/\",\"name\":\"Dravillanueva.com\",\"description\":\"Especialista en Medicina Est\u00e9tica\",\"potentialAction\":[{\"@type\":\"SearchAction\",\"target\":{\"@type\":\"EntryPoint\",\"urlTemplate\":\"https:\\\/\\\/dravillanueva.com\\\/medicina-estetica\\\/?s={search_term_string}\"},\"query-input\":{\"@type\":\"PropertyValueSpecification\",\"valueRequired\":true,\"valueName\":\"search_term_string\"}}],\"inLanguage\":\"es\"}]}<\/script>\n<!-- \/ Yoast SEO plugin. -->","yoast_head_json":{"title":"Hidrataci\u00f3n - Dravillanueva.com","description":"El programa de hidrataci\u00f3n facial personalizado para cada tipo de piel que ofrecemos en la Consulta de la Dra. Villanueva consiste en una ...","robots":{"index":"index","follow":"follow","max-snippet":"max-snippet:-1","max-image-preview":"max-image-preview:large","max-video-preview":"max-video-preview:-1"},"canonical":"https:\/\/dravillanueva.com\/medicina-estetica\/hidratacion\/","og_locale":"es_ES","og_type":"article","og_title":"Hidrataci\u00f3n - Dravillanueva.com","og_description":"El programa de hidrataci\u00f3n facial personalizado para cada tipo de piel que ofrecemos en la Consulta de la Dra. Villanueva consiste en una ...","og_url":"https:\/\/dravillanueva.com\/medicina-estetica\/hidratacion\/","og_site_name":"Dravillanueva.com","article_modified_time":"2020-05-25T08:11:58+00:00","og_image":[{"width":2161,"height":1126,"url":"https:\/\/dravillanueva.com\/medicina-estetica\/wp-content\/uploads\/Hidratacion-2.jpg","type":"image\/jpeg"}],"twitter_card":"summary_large_image","twitter_misc":{"Tiempo de lectura":"2 minutos"},"schema":{"@context":"https:\/\/schema.org","@graph":[{"@type":"WebPage","@id":"https:\/\/dravillanueva.com\/medicina-estetica\/hidratacion\/","url":"https:\/\/dravillanueva.com\/medicina-estetica\/hidratacion\/","name":"Hidrataci\u00f3n - Dravillanueva.com","isPartOf":{"@id":"https:\/\/dravillanueva.com\/medicina-estetica\/#website"},"primaryImageOfPage":{"@id":"https:\/\/dravillanueva.com\/medicina-estetica\/hidratacion\/#primaryimage"},"image":{"@id":"https:\/\/dravillanueva.com\/medicina-estetica\/hidratacion\/#primaryimage"},"thumbnailUrl":"https:\/\/dravillanueva.com\/medicina-estetica\/wp-content\/uploads\/Hidratacion-2.jpg","datePublished":"2016-03-21T18:26:00+00:00","dateModified":"2020-05-25T08:11:58+00:00","description":"El programa de hidrataci\u00f3n facial personalizado para cada tipo de piel que ofrecemos en la Consulta de la Dra. Villanueva consiste en una ...","breadcrumb":{"@id":"https:\/\/dravillanueva.com\/medicina-estetica\/hidratacion\/#breadcrumb"},"inLanguage":"es","potentialAction":[{"@type":"ReadAction","target":["https:\/\/dravillanueva.com\/medicina-estetica\/hidratacion\/"]}]},{"@type":"ImageObject","inLanguage":"es","@id":"https:\/\/dravillanueva.com\/medicina-estetica\/hidratacion\/#primaryimage","url":"https:\/\/dravillanueva.com\/medicina-estetica\/wp-content\/uploads\/Hidratacion-2.jpg","contentUrl":"https:\/\/dravillanueva.com\/medicina-estetica\/wp-content\/uploads\/Hidratacion-2.jpg","width":2161,"height":1126,"caption":"hidrataci\u00f3n"},{"@type":"BreadcrumbList","@id":"https:\/\/dravillanueva.com\/medicina-estetica\/hidratacion\/#breadcrumb","itemListElement":[{"@type":"ListItem","position":1,"name":"Portada","item":"https:\/\/dravillanueva.com\/medicina-estetica\/"},{"@type":"ListItem","position":2,"name":"Hidrataci\u00f3n"}]},{"@type":"WebSite","@id":"https:\/\/dravillanueva.com\/medicina-estetica\/#website","url":"https:\/\/dravillanueva.com\/medicina-estetica\/","name":"Dravillanueva.com","description":"Especialista en Medicina Est\u00e9tica","potentialAction":[{"@type":"SearchAction","target":{"@type":"EntryPoint","urlTemplate":"https:\/\/dravillanueva.com\/medicina-estetica\/?s={search_term_string}"},"query-input":{"@type":"PropertyValueSpecification","valueRequired":true,"valueName":"search_term_string"}}],"inLanguage":"es"}]}},"amp_enabled":true,"_links":{"self":[{"href":"https:\/\/dravillanueva.com\/medicina-estetica\/wp-json\/wp\/v2\/pages\/9218","targetHints":{"allow":["GET"]}}],"collection":[{"href":"https:\/\/dravillanueva.com\/medicina-estetica\/wp-json\/wp\/v2\/pages"}],"about":[{"href":"https:\/\/dravillanueva.com\/medicina-estetica\/wp-json\/wp\/v2\/types\/page"}],"author":[{"embeddable":true,"href":"https:\/\/dravillanueva.com\/medicina-estetica\/wp-json\/wp\/v2\/users\/4"}],"replies":[{"embeddable":true,"href":"https:\/\/dravillanueva.com\/medicina-estetica\/wp-json\/wp\/v2\/comments?post=9218"}],"version-history":[{"count":6,"href":"https:\/\/dravillanueva.com\/medicina-estetica\/wp-json\/wp\/v2\/pages\/9218\/revisions"}],"predecessor-version":[{"id":15177,"href":"https:\/\/dravillanueva.com\/medicina-estetica\/wp-json\/wp\/v2\/pages\/9218\/revisions\/15177"}],"wp:featuredmedia":[{"embeddable":true,"href":"https:\/\/dravillanueva.com\/medicina-estetica\/wp-json\/wp\/v2\/media\/9303"}],"wp:attachment":[{"href":"https:\/\/dravillanueva.com\/medicina-estetica\/wp-json\/wp\/v2\/media?parent=9218"}],"curies":[{"name":"wp","href":"https:\/\/api.w.org\/{rel}","templated":true}]}}