
{"id":9199,"date":"2016-03-21T18:16:26","date_gmt":"2016-03-21T18:16:26","guid":{"rendered":"http:\/\/www.dravillanueva.com\/medicinaestetica\/?page_id=9199"},"modified":"2020-05-25T10:02:50","modified_gmt":"2020-05-25T08:02:50","slug":"hilos-tensores-silhouettesoft","status":"publish","type":"page","link":"https:\/\/dravillanueva.com\/medicina-estetica\/hilos-tensores-silhouettesoft\/","title":{"rendered":"Hilos Tensores"},"content":{"rendered":"  <div id=\"page-header-271423968\" class=\"page-header-wrapper\">\n  <div class=\"page-title dark featured-title\">\n\n        <div class=\"page-title-bg\">\n      <div class=\"title-bg fill bg-fill\"\n        data-parallax-container=\".page-title\"\n        data-parallax-background\n        data-parallax=\"-\">\n      <\/div>\n      <div class=\"title-overlay fill\"><\/div>\n    <\/div>\n    \n    <div class=\"page-title-inner container align-bottom text-center flex-row-col medium-flex-wrap\" >\n              <div class=\"title-wrapper is-xlarge flex-col\">\n          <h1 class=\"entry-title mb-0\">\n            Hilos Tensores          <\/h1>\n        <\/div>\n                    <div class=\"title-content flex-col\">\n        <div class=\"title-breadcrumbs pb-half pt-half\"><\/div>      <\/div>\n    <\/div>\n\n     \n<style>\n#page-header-271423968 .page-title-inner {\n  min-height: 300px;\n}\n#page-header-271423968 .title-bg {\n  background-image: url(https:\/\/dravillanueva.com\/medicina-estetica\/wp-content\/uploads\/Hilos-Tensores.jpg);\n  background-position: 34% 50%;\n}\n#page-header-271423968 .title-overlay {\n  background-color: rgba(0, 0, 0, 0.5);\n}\n<\/style>\n  <\/div>\n    <\/div>\n  \n\t<div id=\"gap-148811993\" class=\"gap-element clearfix\" style=\"display:block; height:auto;\">\n\t\t\n<style>\n#gap-148811993 {\n  padding-top: 80px;\n}\n<\/style>\n\t<\/div>\n\t\n<div class=\"row\"  id=\"row-896778698\">\n\n\t<div id=\"col-387520633\" class=\"col small-12 large-12\"  >\n\t\t\t\t<div class=\"col-inner\"  >\n\t\t\t\n\t\t\t\n<p>Es un tratamiento que combina la acci\u00f3n mec\u00e1nica de unos hilos que tensan la piel, gracias a unos peque\u00f1os conos, con un efecto regenerador sobre el col\u00e1geno, gracias a su composici\u00f3n de acido polil\u00e1ctico.<\/p>\n<p>Estos dos efectos consiguen elevar y dar m\u00e1s definici\u00f3n a los rasgos, produciendo un efecto de lifting natural inmediato. El acido polil\u00e1ctico es completamente reabsorbible y se usa desde hace muchos a\u00f1os en el campo de la medicina est\u00e9tica. Los hilos se introducen mediante unas agujas muy finas con un poco de anestesia local, el procedimiento es r\u00e1pido y permite reincorporarse r\u00e1pidamente a la vida normal.<\/p>\n<p>Pueden utilizarse para la l\u00ednea mandibular, mejillas, p\u00f3mulos y cuello. Su efecto es de 12-18 meses de duraci\u00f3n. Pueden combinarse con tratamientos de relleno y con toxina botul\u00ednica.<\/p>\n\t\t<\/div>\n\t\t\t\t\t<\/div>\n\n\t\n<\/div>\n\t<section class=\"section\" id=\"section_391734915\">\n\t\t<div class=\"bg section-bg fill bg-fill  bg-loaded\" >\n\n\t\t\t\n\t\t\t\n\t\t\t\n\n\t\t<\/div>\n\n\t\t\n\n\t\t<div class=\"section-content relative\">\n\t\t\t\n<h2 style=\"text-align: center;\"><span style=\"font-size: 120%;\">Art\u00edculos relacionados<\/span><\/h2>\n\t<div id=\"gap-121451875\" class=\"gap-element clearfix\" style=\"display:block; height:auto;\">\n\t\t\n<style>\n#gap-121451875 {\n  padding-top: 15px;\n}\n<\/style>\n\t<\/div>\n\t\n<div class=\"row\"  id=\"row-1873140724\">\n\n\t<div id=\"col-214967133\" class=\"col medium-6 small-12 large-6\"  >\n\t\t\t\t<div class=\"col-inner text-center\"  >\n\t\t\t\n\t\t\t\n\n  <div class=\"banner has-hover bg-zoom bg-overlay-remove-50\" id=\"banner-1668032074\">\n          <div class=\"banner-inner fill\">\n        <div class=\"banner-bg fill\" >\n            <div class=\"bg fill bg-fill \"><\/div>\n                        <div class=\"overlay\"><\/div>            \n                    <\/div>\n\t\t\n        <div class=\"banner-layers container\">\n            <a class=\"fill\" href=\"http:\/\/dravillanueva.com\/medicina-estetica\/efecto-lift-inmediato-con-hilos-tensores-reabsorvibles\/\"  ><div class=\"fill banner-link\"><\/div><\/a>            \n   <div id=\"text-box-269747931\" class=\"text-box banner-layer x50 md-x50 lg-x50 y80 md-y80 lg-y80 res-text\">\n                                <div class=\"text-box-content text dark\">\n              \n              <div class=\"text-inner text-center\">\n                  \n<h4 class=\"uppercase\">Efecto lift inmediato con hilos tensores reabsorvibles<\/p>\n<\/h4>\n              <\/div>\n           <\/div>\n                            \n<style>\n#text-box-269747931 {\n  width: 60%;\n}\n#text-box-269747931 .text-box-content {\n  font-size: 100%;\n}\n<\/style>\n    <\/div>\n \n        <\/div>\n      <\/div>\n\n            \n<style>\n#banner-1668032074 {\n  padding-top: 300px;\n}\n#banner-1668032074 .bg.bg-loaded {\n  background-image: url(https:\/\/dravillanueva.com\/medicina-estetica\/wp-content\/uploads\/hilos-tensores-silhouettesoft-1024x640.jpg);\n}\n#banner-1668032074 .overlay {\n  background-color: rgba(0,0,0,.5);\n}\n#banner-1668032074 .bg {\n  background-position: 83% 55%;\n}\n#banner-1668032074 .ux-shape-divider--top svg {\n  height: 150px;\n  --divider-top-width: 100%;\n}\n#banner-1668032074 .ux-shape-divider--bottom svg {\n  height: 150px;\n  --divider-width: 100%;\n}\n<\/style>\n  <\/div>\n\n\n\t<div id=\"gap-1858693735\" class=\"gap-element clearfix\" style=\"display:block; height:auto;\">\n\t\t\n<style>\n#gap-1858693735 {\n  padding-top: 30px;\n}\n<\/style>\n\t<\/div>\n\t\n\t\t<\/div>\n\t\t\t\t\t<\/div>\n\n\t\n\n\t<div id=\"col-643705447\" class=\"col medium-6 small-12 large-6\"  >\n\t\t\t\t<div class=\"col-inner text-center\"  >\n\t\t\t\n\t\t\t\n\n  <div class=\"banner has-hover bg-zoom bg-overlay-remove-50\" id=\"banner-524813161\">\n          <div class=\"banner-inner fill\">\n        <div class=\"banner-bg fill\" >\n            <div class=\"bg fill bg-fill \"><\/div>\n                        <div class=\"overlay\"><\/div>            \n                    <\/div>\n\t\t\n        <div class=\"banner-layers container\">\n            <a class=\"fill\" href=\"http:\/\/dravillanueva.com\/medicina-estetica\/nuevos-tratamientos-con-acido-hialuronico-para-lifting-bolsas-y-ojeras\/\"  ><div class=\"fill banner-link\"><\/div><\/a>            \n   <div id=\"text-box-623340675\" class=\"text-box banner-layer x50 md-x50 lg-x50 y80 md-y80 lg-y80 res-text\">\n                                <div class=\"text-box-content text dark\">\n              \n              <div class=\"text-inner text-center\">\n                  \n<h4 class=\"uppercase\">Nuevos tratamientos con \u00e1cido hialur\u00f3nico para lifting, bolsas y ojeras<\/p>\n<\/h4>\n              <\/div>\n           <\/div>\n                            \n<style>\n#text-box-623340675 {\n  width: 60%;\n}\n#text-box-623340675 .text-box-content {\n  font-size: 100%;\n}\n<\/style>\n    <\/div>\n \n        <\/div>\n      <\/div>\n\n            \n<style>\n#banner-524813161 {\n  padding-top: 300px;\n}\n#banner-524813161 .bg.bg-loaded {\n  background-image: url(https:\/\/dravillanueva.com\/medicina-estetica\/wp-content\/uploads\/Nuevos-tratamientos-con-acido-hialuronico-para-lifting-bolsas-y-ojeras-e1466859207745-1024x1024.jpg);\n}\n#banner-524813161 .overlay {\n  background-color: rgba(0,0,0,.5);\n}\n#banner-524813161 .ux-shape-divider--top svg {\n  height: 150px;\n  --divider-top-width: 100%;\n}\n#banner-524813161 .ux-shape-divider--bottom svg {\n  height: 150px;\n  --divider-width: 100%;\n}\n<\/style>\n  <\/div>\n\n\n\t<div id=\"gap-1103196308\" class=\"gap-element clearfix\" style=\"display:block; height:auto;\">\n\t\t\n<style>\n#gap-1103196308 {\n  padding-top: 30px;\n}\n<\/style>\n\t<\/div>\n\t\n\t\t<\/div>\n\t\t\t\t\t<\/div>\n\n\t\n<\/div>\n\t\t<\/div>\n\n\t\t\n<style>\n#section_391734915 {\n  padding-top: 45px;\n  padding-bottom: 45px;\n  background-color: rgb(255,255,255);\n}\n#section_391734915 .ux-shape-divider--top svg {\n  height: 150px;\n  --divider-top-width: 100%;\n}\n#section_391734915 .ux-shape-divider--bottom svg {\n  height: 150px;\n  --divider-width: 100%;\n}\n<\/style>\n\t<\/section>\n\t\n\n  <div class=\"banner has-hover\" id=\"banner-159360493\">\n          <div class=\"banner-inner fill\">\n        <div class=\"banner-bg fill\" >\n            <div class=\"bg fill bg-fill \"><\/div>\n                                    \n                    <\/div>\n\t\t\n        <div class=\"banner-layers container\">\n            <div class=\"fill banner-link\"><\/div>            \n   <div id=\"text-box-910536718\" class=\"text-box banner-layer x50 md-x50 lg-x50 y50 md-y50 lg-y50 res-text\">\n                                <div class=\"text-box-content text dark\">\n              \n              <div class=\"text-inner text-center\">\n                  \n<h3><span style=\"font-size: 85%;\">Pide tu cita llamando al\u00a0933 622 565 o si lo prefieres contacta con nosotros.<\/span><\/h3>\n\t<div id=\"gap-1479995848\" class=\"gap-element clearfix\" style=\"display:block; height:auto;\">\n\t\t\n<style>\n#gap-1479995848 {\n  padding-top: 30px;\n}\n<\/style>\n\t<\/div>\n\t\n<a href=\"http:\/\/dravillanueva.com\/medicina-estetica\/contactar\/\" target=\"_self\" class=\"button white is-outline\"  style=\"border-radius:99px;\">\n    <span>quiero enviar un mensaje<\/span>\n  <\/a>\n\n              <\/div>\n           <\/div>\n                            \n<style>\n#text-box-910536718 {\n  width: 90%;\n}\n#text-box-910536718 .text-box-content {\n  font-size: 100%;\n}\n@media (min-width:550px) {\n  #text-box-910536718 {\n    width: 48%;\n  }\n}\n<\/style>\n    <\/div>\n \n        <\/div>\n      <\/div>\n\n            \n<style>\n#banner-159360493 {\n  padding-top: 225px;\n  background-color: rgb(210, 110, 75);\n}\n#banner-159360493 .ux-shape-divider--top svg {\n  height: 150px;\n  --divider-top-width: 100%;\n}\n#banner-159360493 .ux-shape-divider--bottom svg {\n  height: 150px;\n  --divider-width: 100%;\n}\n@media (min-width:550px) {\n  #banner-159360493 {\n    padding-top: 300px;\n  }\n}\n<\/style>\n  <\/div>\n\n\n","protected":false},"excerpt":{"rendered":"","protected":false},"author":4,"featured_media":9357,"parent":0,"menu_order":0,"comment_status":"open","ping_status":"closed","template":"","meta":{"h5ap_radio_sources":[],"footnotes":""},"class_list":["post-9199","page","type-page","status-publish","has-post-thumbnail","hentry"],"yoast_head":"<!-- This site is optimized with the Yoast SEO plugin v27.5 - https:\/\/yoast.com\/product\/yoast-seo-wordpress\/ -->\n<title>Hilos Tensores - Dravillanueva.com<\/title>\n<meta name=\"description\" content=\"Los Hilos Tensores es un tratamiento que combina la acci\u00f3n mec\u00e1nica de unos hilos que tensan la piel, gracias a unos peque\u00f1os conos, con ...\" \/>\n<meta name=\"robots\" content=\"index, follow, max-snippet:-1, max-image-preview:large, max-video-preview:-1\" \/>\n<link rel=\"canonical\" href=\"https:\/\/dravillanueva.com\/medicina-estetica\/hilos-tensores-silhouettesoft\/\" \/>\n<meta property=\"og:locale\" content=\"es_ES\" \/>\n<meta property=\"og:type\" content=\"article\" \/>\n<meta property=\"og:title\" content=\"Hilos Tensores - Dravillanueva.com\" \/>\n<meta property=\"og:description\" content=\"Los Hilos Tensores es un tratamiento que combina la acci\u00f3n mec\u00e1nica de unos hilos que tensan la piel, gracias a unos peque\u00f1os conos, con ...\" \/>\n<meta property=\"og:url\" content=\"https:\/\/dravillanueva.com\/medicina-estetica\/hilos-tensores-silhouettesoft\/\" \/>\n<meta property=\"og:site_name\" content=\"Dravillanueva.com\" \/>\n<meta property=\"article:modified_time\" content=\"2020-05-25T08:02:50+00:00\" \/>\n<meta property=\"og:image\" content=\"https:\/\/dravillanueva.com\/medicina-estetica\/wp-content\/uploads\/Hilos-Tensores.jpg\" \/>\n\t<meta property=\"og:image:width\" content=\"1689\" \/>\n\t<meta property=\"og:image:height\" content=\"1126\" \/>\n\t<meta property=\"og:image:type\" content=\"image\/jpeg\" \/>\n<meta name=\"twitter:card\" content=\"summary_large_image\" \/>\n<meta name=\"twitter:label1\" content=\"Tiempo de lectura\" \/>\n\t<meta name=\"twitter:data1\" content=\"2 minutos\" \/>\n<script type=\"application\/ld+json\" class=\"yoast-schema-graph\">{\"@context\":\"https:\\\/\\\/schema.org\",\"@graph\":[{\"@type\":\"WebPage\",\"@id\":\"https:\\\/\\\/dravillanueva.com\\\/medicina-estetica\\\/hilos-tensores-silhouettesoft\\\/\",\"url\":\"https:\\\/\\\/dravillanueva.com\\\/medicina-estetica\\\/hilos-tensores-silhouettesoft\\\/\",\"name\":\"Hilos Tensores - Dravillanueva.com\",\"isPartOf\":{\"@id\":\"https:\\\/\\\/dravillanueva.com\\\/medicina-estetica\\\/#website\"},\"primaryImageOfPage\":{\"@id\":\"https:\\\/\\\/dravillanueva.com\\\/medicina-estetica\\\/hilos-tensores-silhouettesoft\\\/#primaryimage\"},\"image\":{\"@id\":\"https:\\\/\\\/dravillanueva.com\\\/medicina-estetica\\\/hilos-tensores-silhouettesoft\\\/#primaryimage\"},\"thumbnailUrl\":\"https:\\\/\\\/dravillanueva.com\\\/medicina-estetica\\\/wp-content\\\/uploads\\\/Hilos-Tensores.jpg\",\"datePublished\":\"2016-03-21T18:16:26+00:00\",\"dateModified\":\"2020-05-25T08:02:50+00:00\",\"description\":\"Los Hilos Tensores es un tratamiento que combina la acci\u00f3n mec\u00e1nica de unos hilos que tensan la piel, gracias a unos peque\u00f1os conos, con ...\",\"breadcrumb\":{\"@id\":\"https:\\\/\\\/dravillanueva.com\\\/medicina-estetica\\\/hilos-tensores-silhouettesoft\\\/#breadcrumb\"},\"inLanguage\":\"es\",\"potentialAction\":[{\"@type\":\"ReadAction\",\"target\":[\"https:\\\/\\\/dravillanueva.com\\\/medicina-estetica\\\/hilos-tensores-silhouettesoft\\\/\"]}]},{\"@type\":\"ImageObject\",\"inLanguage\":\"es\",\"@id\":\"https:\\\/\\\/dravillanueva.com\\\/medicina-estetica\\\/hilos-tensores-silhouettesoft\\\/#primaryimage\",\"url\":\"https:\\\/\\\/dravillanueva.com\\\/medicina-estetica\\\/wp-content\\\/uploads\\\/Hilos-Tensores.jpg\",\"contentUrl\":\"https:\\\/\\\/dravillanueva.com\\\/medicina-estetica\\\/wp-content\\\/uploads\\\/Hilos-Tensores.jpg\",\"width\":1689,\"height\":1126,\"caption\":\"Hilos-Tensores\"},{\"@type\":\"BreadcrumbList\",\"@id\":\"https:\\\/\\\/dravillanueva.com\\\/medicina-estetica\\\/hilos-tensores-silhouettesoft\\\/#breadcrumb\",\"itemListElement\":[{\"@type\":\"ListItem\",\"position\":1,\"name\":\"Portada\",\"item\":\"https:\\\/\\\/dravillanueva.com\\\/medicina-estetica\\\/\"},{\"@type\":\"ListItem\",\"position\":2,\"name\":\"Hilos Tensores\"}]},{\"@type\":\"WebSite\",\"@id\":\"https:\\\/\\\/dravillanueva.com\\\/medicina-estetica\\\/#website\",\"url\":\"https:\\\/\\\/dravillanueva.com\\\/medicina-estetica\\\/\",\"name\":\"Dravillanueva.com\",\"description\":\"Especialista en Medicina Est\u00e9tica\",\"potentialAction\":[{\"@type\":\"SearchAction\",\"target\":{\"@type\":\"EntryPoint\",\"urlTemplate\":\"https:\\\/\\\/dravillanueva.com\\\/medicina-estetica\\\/?s={search_term_string}\"},\"query-input\":{\"@type\":\"PropertyValueSpecification\",\"valueRequired\":true,\"valueName\":\"search_term_string\"}}],\"inLanguage\":\"es\"}]}<\/script>\n<!-- \/ Yoast SEO plugin. -->","yoast_head_json":{"title":"Hilos Tensores - Dravillanueva.com","description":"Los Hilos Tensores es un tratamiento que combina la acci\u00f3n mec\u00e1nica de unos hilos que tensan la piel, gracias a unos peque\u00f1os conos, con ...","robots":{"index":"index","follow":"follow","max-snippet":"max-snippet:-1","max-image-preview":"max-image-preview:large","max-video-preview":"max-video-preview:-1"},"canonical":"https:\/\/dravillanueva.com\/medicina-estetica\/hilos-tensores-silhouettesoft\/","og_locale":"es_ES","og_type":"article","og_title":"Hilos Tensores - Dravillanueva.com","og_description":"Los Hilos Tensores es un tratamiento que combina la acci\u00f3n mec\u00e1nica de unos hilos que tensan la piel, gracias a unos peque\u00f1os conos, con ...","og_url":"https:\/\/dravillanueva.com\/medicina-estetica\/hilos-tensores-silhouettesoft\/","og_site_name":"Dravillanueva.com","article_modified_time":"2020-05-25T08:02:50+00:00","og_image":[{"width":1689,"height":1126,"url":"https:\/\/dravillanueva.com\/medicina-estetica\/wp-content\/uploads\/Hilos-Tensores.jpg","type":"image\/jpeg"}],"twitter_card":"summary_large_image","twitter_misc":{"Tiempo de lectura":"2 minutos"},"schema":{"@context":"https:\/\/schema.org","@graph":[{"@type":"WebPage","@id":"https:\/\/dravillanueva.com\/medicina-estetica\/hilos-tensores-silhouettesoft\/","url":"https:\/\/dravillanueva.com\/medicina-estetica\/hilos-tensores-silhouettesoft\/","name":"Hilos Tensores - Dravillanueva.com","isPartOf":{"@id":"https:\/\/dravillanueva.com\/medicina-estetica\/#website"},"primaryImageOfPage":{"@id":"https:\/\/dravillanueva.com\/medicina-estetica\/hilos-tensores-silhouettesoft\/#primaryimage"},"image":{"@id":"https:\/\/dravillanueva.com\/medicina-estetica\/hilos-tensores-silhouettesoft\/#primaryimage"},"thumbnailUrl":"https:\/\/dravillanueva.com\/medicina-estetica\/wp-content\/uploads\/Hilos-Tensores.jpg","datePublished":"2016-03-21T18:16:26+00:00","dateModified":"2020-05-25T08:02:50+00:00","description":"Los Hilos Tensores es un tratamiento que combina la acci\u00f3n mec\u00e1nica de unos hilos que tensan la piel, gracias a unos peque\u00f1os conos, con ...","breadcrumb":{"@id":"https:\/\/dravillanueva.com\/medicina-estetica\/hilos-tensores-silhouettesoft\/#breadcrumb"},"inLanguage":"es","potentialAction":[{"@type":"ReadAction","target":["https:\/\/dravillanueva.com\/medicina-estetica\/hilos-tensores-silhouettesoft\/"]}]},{"@type":"ImageObject","inLanguage":"es","@id":"https:\/\/dravillanueva.com\/medicina-estetica\/hilos-tensores-silhouettesoft\/#primaryimage","url":"https:\/\/dravillanueva.com\/medicina-estetica\/wp-content\/uploads\/Hilos-Tensores.jpg","contentUrl":"https:\/\/dravillanueva.com\/medicina-estetica\/wp-content\/uploads\/Hilos-Tensores.jpg","width":1689,"height":1126,"caption":"Hilos-Tensores"},{"@type":"BreadcrumbList","@id":"https:\/\/dravillanueva.com\/medicina-estetica\/hilos-tensores-silhouettesoft\/#breadcrumb","itemListElement":[{"@type":"ListItem","position":1,"name":"Portada","item":"https:\/\/dravillanueva.com\/medicina-estetica\/"},{"@type":"ListItem","position":2,"name":"Hilos Tensores"}]},{"@type":"WebSite","@id":"https:\/\/dravillanueva.com\/medicina-estetica\/#website","url":"https:\/\/dravillanueva.com\/medicina-estetica\/","name":"Dravillanueva.com","description":"Especialista en Medicina Est\u00e9tica","potentialAction":[{"@type":"SearchAction","target":{"@type":"EntryPoint","urlTemplate":"https:\/\/dravillanueva.com\/medicina-estetica\/?s={search_term_string}"},"query-input":{"@type":"PropertyValueSpecification","valueRequired":true,"valueName":"search_term_string"}}],"inLanguage":"es"}]}},"amp_enabled":true,"_links":{"self":[{"href":"https:\/\/dravillanueva.com\/medicina-estetica\/wp-json\/wp\/v2\/pages\/9199","targetHints":{"allow":["GET"]}}],"collection":[{"href":"https:\/\/dravillanueva.com\/medicina-estetica\/wp-json\/wp\/v2\/pages"}],"about":[{"href":"https:\/\/dravillanueva.com\/medicina-estetica\/wp-json\/wp\/v2\/types\/page"}],"author":[{"embeddable":true,"href":"https:\/\/dravillanueva.com\/medicina-estetica\/wp-json\/wp\/v2\/users\/4"}],"replies":[{"embeddable":true,"href":"https:\/\/dravillanueva.com\/medicina-estetica\/wp-json\/wp\/v2\/comments?post=9199"}],"version-history":[{"count":10,"href":"https:\/\/dravillanueva.com\/medicina-estetica\/wp-json\/wp\/v2\/pages\/9199\/revisions"}],"predecessor-version":[{"id":15162,"href":"https:\/\/dravillanueva.com\/medicina-estetica\/wp-json\/wp\/v2\/pages\/9199\/revisions\/15162"}],"wp:featuredmedia":[{"embeddable":true,"href":"https:\/\/dravillanueva.com\/medicina-estetica\/wp-json\/wp\/v2\/media\/9357"}],"wp:attachment":[{"href":"https:\/\/dravillanueva.com\/medicina-estetica\/wp-json\/wp\/v2\/media?parent=9199"}],"curies":[{"name":"wp","href":"https:\/\/api.w.org\/{rel}","templated":true}]}}