{"id":9197,"date":"2016-03-21T18:14:50","date_gmt":"2016-03-21T18:14:50","guid":{"rendered":"http:\/\/www.dravillanueva.com\/medicinaestetica\/?page_id=9197"},"modified":"2020-05-25T10:02:12","modified_gmt":"2020-05-25T08:02:12","slug":"armonizacion-del-ovalo-facial","status":"publish","type":"page","link":"https:\/\/dravillanueva.com\/medicina-estetica\/armonizacion-del-ovalo-facial\/","title":{"rendered":"Armonizaci\u00f3n del \u00d3valo Facial"},"content":{"rendered":"  <div id=\"page-header-1521887227\" class=\"page-header-wrapper\">\n  <div class=\"page-title dark featured-title\">\n\n        <div class=\"page-title-bg\">\n      <div class=\"title-bg fill bg-fill\"\n        data-parallax-container=\".page-title\"\n        data-parallax-background\n        data-parallax=\"-\">\n      <\/div>\n      <div class=\"title-overlay fill\"><\/div>\n    <\/div>\n    \n    <div class=\"page-title-inner container align-bottom text-center flex-row-col medium-flex-wrap\" >\n              <div class=\"title-wrapper is-xlarge flex-col\">\n          <h1 class=\"entry-title mb-0\">\n            Armonizaci\u00f3n del \u00d3valo Facial          <\/h1>\n        <\/div>\n                    <div class=\"title-content flex-col\">\n        <div class=\"title-breadcrumbs pb-half pt-half\"><\/div>      <\/div>\n    <\/div>\n\n     \n<style>\n#page-header-1521887227 .page-title-inner {\n  min-height: 300px;\n}\n#page-header-1521887227 .title-bg {\n  background-image: url(https:\/\/dravillanueva.com\/medicina-estetica\/wp-content\/uploads\/armonizacion-del-ovalo-facial.jpg);\n  background-position: 38% 38%;\n}\n#page-header-1521887227 .title-overlay {\n  background-color: rgba(0, 0, 0, 0.5);\n}\n<\/style>\n  <\/div>\n    <\/div>\n  \n\t<div id=\"gap-1374991213\" class=\"gap-element clearfix\" style=\"display:block; height:auto;\">\n\t\t\n<style>\n#gap-1374991213 {\n  padding-top: 80px;\n}\n<\/style>\n\t<\/div>\n\t\n<div class=\"row\"  id=\"row-692108629\">\n\n\t<div id=\"col-2074774284\" class=\"col small-12 large-12\"  >\n\t\t\t\t<div class=\"col-inner\"  >\n\t\t\t\n\t\t\t\n<p>Con los a\u00f1os, el \u00f3valo de la cara adquiere una cierta flaccidez. Algunas personas en edades tempranas ya presentan un ligero descolgamiento en el tercio medio e inferior de la cara.<\/p>\n<p>Ahora disponemos de un tratamiento que restablece la matriz d\u00e9rmica, favorece la formaci\u00f3n de nuevo col\u00e1geno (neocolagenesis) y mejora la calidad cut\u00e1nea. Es un gel reabsorvible a base de Hidroxiapatita C\u00e1lcica, que provoca un efecto tensor inmediato de la cara, sobre todo del \u00f3valo facial y la parte superior del cuello, que no produce volumen; es decir, que no hincha.\u00a0Podr\u00edamos llamarlo Lifting sin cirug\u00eda.<\/p>\n<p>Adem\u00e1s del efecto tensor inmediato, se produce una redensificaci\u00f3n progresiva de la dermis, por lo que la piel se nota m\u00e1s firme al tacto. Tambi\u00e9n notamos una mejor\u00eda en la calidad de la piel, mas hidratada y m\u00e1s suave.<br \/>El tratamiento es pr\u00e1cticamente indoloro, no precisa anestesia local, se realiza en consulta en unos 20 minutos y se inyecta por lo general una cantidad de 1 ml. por cada lado de la cara.<\/p>\n<p>Puede realizarse con c\u00e1nula o con aguja, ambas muy finas, de manera que el paciente puede reincorporarse de inmediato a su trabajo. A los 10 minutos, el efecto tensor es espectacular y se puede apreciar una franca mejor\u00eda en cuanto a la flacidez y la tensi\u00f3n del \u00f3valo facial. A las 3 -4 semanas, el efecto es a\u00fan m\u00e1s evidente, pues se ha producido ya la formaci\u00f3n del nuevo col\u00e1geno. A las 4 semanas, se estabiliza. Entonces se recomienda realizar una segunda y \u00faltima sesi\u00f3n generalmente con la misma dosis. Los resultados se mantienen aproximadamente durante un a\u00f1o.<\/p>\n<p>El producto es un muy seguro, ya que es reabsorvible y biocompatible. Puede combinarse con otras\u00a0t\u00e9cnicas\u00a0 de rejuvenecimiento, tales como<strong>\u00a0\u00e1cido hialur\u00f3nico<\/strong>,\u00a0<strong>col\u00e1geno<\/strong>,\u00a0<strong>vitaminas<\/strong>, o\u00a0<strong>toxina botul\u00ednica<\/strong>.<\/p>\n\t\t<\/div>\n\t\t\t\t\t<\/div>\n\n\t\n<\/div>\n<div class=\"row\"  id=\"row-1282122105\">\n\n\t<div id=\"col-344755291\" class=\"col small-12 large-12\"  >\n\t\t\t\t<div class=\"col-inner\"  >\n\t\t\t\n\t\t\t\n<h2 style=\"text-align: center;\"><strong>Art\u00edculos relacionados<\/strong><\/h2>\n\t\t<\/div>\n\t\t\t\t\t<\/div>\n\n\t\n<\/div>\n<div class=\"row\"  id=\"row-1417595580\">\n\n\t<div id=\"col-2071382247\" class=\"col medium-4 small-12 large-4\"  >\n\t\t\t\t<div class=\"col-inner\"  >\n\t\t\t\n\t\t\t\n\n  <div class=\"banner has-hover\" id=\"banner-700042513\">\n          <div class=\"banner-inner fill\">\n        <div class=\"banner-bg fill\" >\n            <div class=\"bg fill bg-fill \"><\/div>\n                        <div class=\"overlay\"><\/div>            \n                    <\/div>\n\t\t\n        <div class=\"banner-layers container\">\n            <div class=\"fill banner-link\"><\/div>            \n   <div id=\"text-box-1649210886\" class=\"text-box banner-layer x50 md-x50 lg-x50 y80 md-y80 lg-y80 res-text\">\n                                <div class=\"text-box-content text dark\">\n              \n              <div class=\"text-inner text-center\">\n                  \n<h3 class=\"uppercase\"><a href=\"http:\/\/dravillanueva.com\/medicina-estetica\/volux-el-nuevo-acido-hialuronico-de-juvederm\/\"><strong>Volux, el nuevo \u00e1cido hialur\u00f3nico de Juvederm <\/strong><\/a><\/h3>\n              <\/div>\n           <\/div>\n                            \n<style>\n#text-box-1649210886 {\n  width: 66%;\n}\n#text-box-1649210886 .text-box-content {\n  font-size: 100%;\n}\n<\/style>\n    <\/div>\n \n        <\/div>\n      <\/div>\n\n            \n<style>\n#banner-700042513 {\n  padding-top: 300px;\n}\n#banner-700042513 .bg.bg-loaded {\n  background-image: url(https:\/\/dravillanueva.com\/medicina-estetica\/wp-content\/uploads\/drav-volux-d-1024x683.jpg);\n}\n#banner-700042513 .overlay {\n  background-color: rgba(0,0,0,.5);\n}\n#banner-700042513 .ux-shape-divider--top svg {\n  height: 150px;\n  --divider-top-width: 100%;\n}\n#banner-700042513 .ux-shape-divider--bottom svg {\n  height: 150px;\n  --divider-width: 100%;\n}\n<\/style>\n  <\/div>\n\n\n\t\t<\/div>\n\t\t\t\t\t<\/div>\n\n\t\n\n\t<div id=\"col-1556842359\" class=\"col medium-4 small-12 large-4\"  >\n\t\t\t\t<div class=\"col-inner\"  >\n\t\t\t\n\t\t\t\n\n  <div class=\"banner has-hover\" id=\"banner-2041331910\">\n          <div class=\"banner-inner fill\">\n        <div class=\"banner-bg fill\" >\n            <div class=\"bg fill bg-fill \"><\/div>\n                        <div class=\"overlay\"><\/div>            \n                    <\/div>\n\t\t\n        <div class=\"banner-layers container\">\n            <a class=\"fill\" href=\"http:\/\/dravillanueva.com\/medicina-estetica\/la-belleza-que-viene-de-dentro\/\"  ><div class=\"fill banner-link\"><\/div><\/a>            \n   <div id=\"text-box-1545134172\" class=\"text-box banner-layer x50 md-x50 lg-x50 y80 md-y80 lg-y80 res-text\">\n                                <div class=\"text-box-content text dark\">\n              \n              <div class=\"text-inner text-center\">\n                  \n<h3 class=\"uppercase\"><a href=\"http:\/\/dravillanueva.com\/medicina-estetica\/la-belleza-que-viene-de-dentro\/\"><strong>la belleza que viene de dentro<\/strong><\/a><\/h3>\n              <\/div>\n           <\/div>\n                            \n<style>\n#text-box-1545134172 {\n  width: 66%;\n}\n#text-box-1545134172 .text-box-content {\n  font-size: 100%;\n}\n<\/style>\n    <\/div>\n \n        <\/div>\n      <\/div>\n\n            \n<style>\n#banner-2041331910 {\n  padding-top: 300px;\n}\n#banner-2041331910 .bg.bg-loaded {\n  background-image: url(https:\/\/dravillanueva.com\/medicina-estetica\/wp-content\/uploads\/dra-v-la-belleza-que-viene-de-dentro-1024x444.jpg);\n}\n#banner-2041331910 .overlay {\n  background-color: rgba(0,0,0,.5);\n}\n#banner-2041331910 .ux-shape-divider--top svg {\n  height: 150px;\n  --divider-top-width: 100%;\n}\n#banner-2041331910 .ux-shape-divider--bottom svg {\n  height: 150px;\n  --divider-width: 100%;\n}\n<\/style>\n  <\/div>\n\n\n\t\t<\/div>\n\t\t\t\t\t<\/div>\n\n\t\n\n\t<div id=\"col-684100794\" class=\"col medium-4 small-12 large-4\"  >\n\t\t\t\t<div class=\"col-inner\"  >\n\t\t\t\n\t\t\t\n\t\t<\/div>\n\t\t\t\t\t<\/div>\n\n\t\n<\/div>\n\t<div id=\"gap-1163609113\" class=\"gap-element clearfix\" style=\"display:block; height:auto;\">\n\t\t\n<style>\n#gap-1163609113 {\n  padding-top: 60px;\n}\n<\/style>\n\t<\/div>\n\t\n\n  <div class=\"banner has-hover\" id=\"banner-1739222317\">\n          <div class=\"banner-inner fill\">\n        <div class=\"banner-bg fill\" >\n            <div class=\"bg fill bg-fill \"><\/div>\n                                    \n                    <\/div>\n\t\t\n        <div class=\"banner-layers container\">\n            <div class=\"fill banner-link\"><\/div>            \n   <div id=\"text-box-356319228\" class=\"text-box banner-layer x50 md-x50 lg-x50 y50 md-y50 lg-y50 res-text\">\n                                <div class=\"text-box-content text dark\">\n              \n              <div class=\"text-inner text-center\">\n                  \n<h3><span style=\"font-size: 85%;\">Pide tu cita llamando al\u00a0933 622 565 o si lo prefieres contacta con nosotros.<\/span><\/h3>\n\t<div id=\"gap-704170542\" class=\"gap-element clearfix\" style=\"display:block; height:auto;\">\n\t\t\n<style>\n#gap-704170542 {\n  padding-top: 30px;\n}\n<\/style>\n\t<\/div>\n\t\n<a href=\"http:\/\/dravillanueva.com\/medicina-estetica\/contactar\/\" target=\"_self\" class=\"button white is-outline\"  style=\"border-radius:99px;\">\n    <span>quiero enviar un mensaje<\/span>\n  <\/a>\n\n              <\/div>\n           <\/div>\n                            \n<style>\n#text-box-356319228 {\n  width: 48%;\n}\n#text-box-356319228 .text-box-content {\n  font-size: 100%;\n}\n<\/style>\n    <\/div>\n \n        <\/div>\n      <\/div>\n\n            \n<style>\n#banner-1739222317 {\n  padding-top: 225px;\n  background-color: rgb(210, 110, 75);\n}\n#banner-1739222317 .ux-shape-divider--top svg {\n  height: 150px;\n  --divider-top-width: 100%;\n}\n#banner-1739222317 .ux-shape-divider--bottom svg {\n  height: 150px;\n  --divider-width: 100%;\n}\n@media (min-width:550px) {\n  #banner-1739222317 {\n    padding-top: 300px;\n  }\n}\n<\/style>\n  <\/div>\n\n\n","protected":false},"excerpt":{"rendered":"Armonizaci\u00f3n del \u00d3valo Facial #page-header-984520473 .page-title-inner { min-height: 300px; } #page-header-984520473 .title-bg { background-image: url(https:\/\/dravillanueva.com\/medicina-estetica\/wp-content\/uploads\/armonizacion-del-ovalo-facial.jpg); background-position: 38% 38%; } #page-header-984520473 .title-overlay { background-color: rgba(0, 0, 0, 0.5); } #gap-2027020591 { padding-top: 80px; } Con los a\u00f1os, el \u00f3valo de la cara adquiere una cierta flaccidez. Algunas personas en edades tempranas ya presentan un ligero descolgamiento [...]","protected":false},"author":4,"featured_media":9346,"parent":0,"menu_order":0,"comment_status":"open","ping_status":"closed","template":"","meta":{"h5ap_radio_sources":[],"footnotes":""},"class_list":["post-9197","page","type-page","status-publish","has-post-thumbnail","hentry"],"yoast_head":"<!-- This site is optimized with the Yoast SEO plugin v27.4 - https:\/\/yoast.com\/product\/yoast-seo-wordpress\/ -->\n<title>Armonizaci\u00f3n del \u00d3valo Facial - Dravillanueva.com<\/title>\n<meta name=\"description\" content=\"Con los a\u00f1os, el \u00f3valo facial adquiere una cierta flaccidez. Algunas personas en edades tempranas ya presentan un ligero descolgamiento en el tercio ...\" \/>\n<meta name=\"robots\" content=\"index, follow, max-snippet:-1, max-image-preview:large, max-video-preview:-1\" \/>\n<link rel=\"canonical\" href=\"https:\/\/dravillanueva.com\/medicina-estetica\/armonizacion-del-ovalo-facial\/\" \/>\n<meta property=\"og:locale\" content=\"es_ES\" \/>\n<meta property=\"og:type\" content=\"article\" \/>\n<meta property=\"og:title\" content=\"Armonizaci\u00f3n del \u00d3valo Facial - Dravillanueva.com\" \/>\n<meta property=\"og:description\" content=\"Con los a\u00f1os, el \u00f3valo facial adquiere una cierta flaccidez. Algunas personas en edades tempranas ya presentan un ligero descolgamiento en el tercio ...\" \/>\n<meta property=\"og:url\" content=\"https:\/\/dravillanueva.com\/medicina-estetica\/armonizacion-del-ovalo-facial\/\" \/>\n<meta property=\"og:site_name\" content=\"Dravillanueva.com\" \/>\n<meta property=\"article:modified_time\" content=\"2020-05-25T08:02:12+00:00\" \/>\n<meta property=\"og:image\" content=\"https:\/\/dravillanueva.com\/medicina-estetica\/wp-content\/uploads\/armonizacion-ovalo-facial.jpg\" \/>\n\t<meta property=\"og:image:width\" content=\"1379\" \/>\n\t<meta property=\"og:image:height\" content=\"915\" \/>\n\t<meta property=\"og:image:type\" content=\"image\/jpeg\" \/>\n<meta name=\"twitter:card\" content=\"summary_large_image\" \/>\n<meta name=\"twitter:label1\" content=\"Tiempo de lectura\" \/>\n\t<meta name=\"twitter:data1\" content=\"2 minutos\" \/>\n<script type=\"application\/ld+json\" class=\"yoast-schema-graph\">{\"@context\":\"https:\\\/\\\/schema.org\",\"@graph\":[{\"@type\":\"WebPage\",\"@id\":\"https:\\\/\\\/dravillanueva.com\\\/medicina-estetica\\\/armonizacion-del-ovalo-facial\\\/\",\"url\":\"https:\\\/\\\/dravillanueva.com\\\/medicina-estetica\\\/armonizacion-del-ovalo-facial\\\/\",\"name\":\"Armonizaci\u00f3n del \u00d3valo Facial - Dravillanueva.com\",\"isPartOf\":{\"@id\":\"https:\\\/\\\/dravillanueva.com\\\/medicina-estetica\\\/#website\"},\"primaryImageOfPage\":{\"@id\":\"https:\\\/\\\/dravillanueva.com\\\/medicina-estetica\\\/armonizacion-del-ovalo-facial\\\/#primaryimage\"},\"image\":{\"@id\":\"https:\\\/\\\/dravillanueva.com\\\/medicina-estetica\\\/armonizacion-del-ovalo-facial\\\/#primaryimage\"},\"thumbnailUrl\":\"https:\\\/\\\/dravillanueva.com\\\/medicina-estetica\\\/wp-content\\\/uploads\\\/armonizacion-ovalo-facial.jpg\",\"datePublished\":\"2016-03-21T18:14:50+00:00\",\"dateModified\":\"2020-05-25T08:02:12+00:00\",\"description\":\"Con los a\u00f1os, el \u00f3valo facial adquiere una cierta flaccidez. Algunas personas en edades tempranas ya presentan un ligero descolgamiento en el tercio ...\",\"breadcrumb\":{\"@id\":\"https:\\\/\\\/dravillanueva.com\\\/medicina-estetica\\\/armonizacion-del-ovalo-facial\\\/#breadcrumb\"},\"inLanguage\":\"es\",\"potentialAction\":[{\"@type\":\"ReadAction\",\"target\":[\"https:\\\/\\\/dravillanueva.com\\\/medicina-estetica\\\/armonizacion-del-ovalo-facial\\\/\"]}]},{\"@type\":\"ImageObject\",\"inLanguage\":\"es\",\"@id\":\"https:\\\/\\\/dravillanueva.com\\\/medicina-estetica\\\/armonizacion-del-ovalo-facial\\\/#primaryimage\",\"url\":\"https:\\\/\\\/dravillanueva.com\\\/medicina-estetica\\\/wp-content\\\/uploads\\\/armonizacion-ovalo-facial.jpg\",\"contentUrl\":\"https:\\\/\\\/dravillanueva.com\\\/medicina-estetica\\\/wp-content\\\/uploads\\\/armonizacion-ovalo-facial.jpg\",\"width\":1379,\"height\":915,\"caption\":\"armonizacion-ovalo-facial\"},{\"@type\":\"BreadcrumbList\",\"@id\":\"https:\\\/\\\/dravillanueva.com\\\/medicina-estetica\\\/armonizacion-del-ovalo-facial\\\/#breadcrumb\",\"itemListElement\":[{\"@type\":\"ListItem\",\"position\":1,\"name\":\"Portada\",\"item\":\"https:\\\/\\\/dravillanueva.com\\\/medicina-estetica\\\/\"},{\"@type\":\"ListItem\",\"position\":2,\"name\":\"Armonizaci\u00f3n del \u00d3valo Facial\"}]},{\"@type\":\"WebSite\",\"@id\":\"https:\\\/\\\/dravillanueva.com\\\/medicina-estetica\\\/#website\",\"url\":\"https:\\\/\\\/dravillanueva.com\\\/medicina-estetica\\\/\",\"name\":\"Dravillanueva.com\",\"description\":\"Especialista en Medicina Est\u00e9tica\",\"potentialAction\":[{\"@type\":\"SearchAction\",\"target\":{\"@type\":\"EntryPoint\",\"urlTemplate\":\"https:\\\/\\\/dravillanueva.com\\\/medicina-estetica\\\/?s={search_term_string}\"},\"query-input\":{\"@type\":\"PropertyValueSpecification\",\"valueRequired\":true,\"valueName\":\"search_term_string\"}}],\"inLanguage\":\"es\"}]}<\/script>\n<!-- \/ Yoast SEO plugin. -->","yoast_head_json":{"title":"Armonizaci\u00f3n del \u00d3valo Facial - Dravillanueva.com","description":"Con los a\u00f1os, el \u00f3valo facial adquiere una cierta flaccidez. Algunas personas en edades tempranas ya presentan un ligero descolgamiento en el tercio ...","robots":{"index":"index","follow":"follow","max-snippet":"max-snippet:-1","max-image-preview":"max-image-preview:large","max-video-preview":"max-video-preview:-1"},"canonical":"https:\/\/dravillanueva.com\/medicina-estetica\/armonizacion-del-ovalo-facial\/","og_locale":"es_ES","og_type":"article","og_title":"Armonizaci\u00f3n del \u00d3valo Facial - Dravillanueva.com","og_description":"Con los a\u00f1os, el \u00f3valo facial adquiere una cierta flaccidez. Algunas personas en edades tempranas ya presentan un ligero descolgamiento en el tercio ...","og_url":"https:\/\/dravillanueva.com\/medicina-estetica\/armonizacion-del-ovalo-facial\/","og_site_name":"Dravillanueva.com","article_modified_time":"2020-05-25T08:02:12+00:00","og_image":[{"width":1379,"height":915,"url":"https:\/\/dravillanueva.com\/medicina-estetica\/wp-content\/uploads\/armonizacion-ovalo-facial.jpg","type":"image\/jpeg"}],"twitter_card":"summary_large_image","twitter_misc":{"Tiempo de lectura":"2 minutos"},"schema":{"@context":"https:\/\/schema.org","@graph":[{"@type":"WebPage","@id":"https:\/\/dravillanueva.com\/medicina-estetica\/armonizacion-del-ovalo-facial\/","url":"https:\/\/dravillanueva.com\/medicina-estetica\/armonizacion-del-ovalo-facial\/","name":"Armonizaci\u00f3n del \u00d3valo Facial - Dravillanueva.com","isPartOf":{"@id":"https:\/\/dravillanueva.com\/medicina-estetica\/#website"},"primaryImageOfPage":{"@id":"https:\/\/dravillanueva.com\/medicina-estetica\/armonizacion-del-ovalo-facial\/#primaryimage"},"image":{"@id":"https:\/\/dravillanueva.com\/medicina-estetica\/armonizacion-del-ovalo-facial\/#primaryimage"},"thumbnailUrl":"https:\/\/dravillanueva.com\/medicina-estetica\/wp-content\/uploads\/armonizacion-ovalo-facial.jpg","datePublished":"2016-03-21T18:14:50+00:00","dateModified":"2020-05-25T08:02:12+00:00","description":"Con los a\u00f1os, el \u00f3valo facial adquiere una cierta flaccidez. Algunas personas en edades tempranas ya presentan un ligero descolgamiento en el tercio ...","breadcrumb":{"@id":"https:\/\/dravillanueva.com\/medicina-estetica\/armonizacion-del-ovalo-facial\/#breadcrumb"},"inLanguage":"es","potentialAction":[{"@type":"ReadAction","target":["https:\/\/dravillanueva.com\/medicina-estetica\/armonizacion-del-ovalo-facial\/"]}]},{"@type":"ImageObject","inLanguage":"es","@id":"https:\/\/dravillanueva.com\/medicina-estetica\/armonizacion-del-ovalo-facial\/#primaryimage","url":"https:\/\/dravillanueva.com\/medicina-estetica\/wp-content\/uploads\/armonizacion-ovalo-facial.jpg","contentUrl":"https:\/\/dravillanueva.com\/medicina-estetica\/wp-content\/uploads\/armonizacion-ovalo-facial.jpg","width":1379,"height":915,"caption":"armonizacion-ovalo-facial"},{"@type":"BreadcrumbList","@id":"https:\/\/dravillanueva.com\/medicina-estetica\/armonizacion-del-ovalo-facial\/#breadcrumb","itemListElement":[{"@type":"ListItem","position":1,"name":"Portada","item":"https:\/\/dravillanueva.com\/medicina-estetica\/"},{"@type":"ListItem","position":2,"name":"Armonizaci\u00f3n del \u00d3valo Facial"}]},{"@type":"WebSite","@id":"https:\/\/dravillanueva.com\/medicina-estetica\/#website","url":"https:\/\/dravillanueva.com\/medicina-estetica\/","name":"Dravillanueva.com","description":"Especialista en Medicina Est\u00e9tica","potentialAction":[{"@type":"SearchAction","target":{"@type":"EntryPoint","urlTemplate":"https:\/\/dravillanueva.com\/medicina-estetica\/?s={search_term_string}"},"query-input":{"@type":"PropertyValueSpecification","valueRequired":true,"valueName":"search_term_string"}}],"inLanguage":"es"}]}},"amp_enabled":true,"_links":{"self":[{"href":"https:\/\/dravillanueva.com\/medicina-estetica\/wp-json\/wp\/v2\/pages\/9197","targetHints":{"allow":["GET"]}}],"collection":[{"href":"https:\/\/dravillanueva.com\/medicina-estetica\/wp-json\/wp\/v2\/pages"}],"about":[{"href":"https:\/\/dravillanueva.com\/medicina-estetica\/wp-json\/wp\/v2\/types\/page"}],"author":[{"embeddable":true,"href":"https:\/\/dravillanueva.com\/medicina-estetica\/wp-json\/wp\/v2\/users\/4"}],"replies":[{"embeddable":true,"href":"https:\/\/dravillanueva.com\/medicina-estetica\/wp-json\/wp\/v2\/comments?post=9197"}],"version-history":[{"count":10,"href":"https:\/\/dravillanueva.com\/medicina-estetica\/wp-json\/wp\/v2\/pages\/9197\/revisions"}],"predecessor-version":[{"id":15161,"href":"https:\/\/dravillanueva.com\/medicina-estetica\/wp-json\/wp\/v2\/pages\/9197\/revisions\/15161"}],"wp:featuredmedia":[{"embeddable":true,"href":"https:\/\/dravillanueva.com\/medicina-estetica\/wp-json\/wp\/v2\/media\/9346"}],"wp:attachment":[{"href":"https:\/\/dravillanueva.com\/medicina-estetica\/wp-json\/wp\/v2\/media?parent=9197"}],"curies":[{"name":"wp","href":"https:\/\/api.w.org\/{rel}","templated":true}]}}