{"id":15044,"date":"2020-05-18T09:42:20","date_gmt":"2020-05-18T07:42:20","guid":{"rendered":"http:\/\/dravillanueva.com\/medicina-estetica\/?page_id=15044"},"modified":"2020-05-25T10:09:46","modified_gmt":"2020-05-25T08:09:46","slug":"tratamiento-de-las-estrias","status":"publish","type":"page","link":"https:\/\/dravillanueva.com\/medicina-estetica\/tratamiento-de-las-estrias\/","title":{"rendered":"Tratamiento de las estr\u00edas"},"content":{"rendered":"  <div id=\"page-header-631554550\" class=\"page-header-wrapper\">\n  <div class=\"page-title dark featured-title\">\n\n        <div class=\"page-title-bg\">\n      <div class=\"title-bg fill bg-fill\"\n        data-parallax-container=\".page-title\"\n        data-parallax-background\n        data-parallax=\"-\">\n      <\/div>\n      <div class=\"title-overlay fill\"><\/div>\n    <\/div>\n    \n    <div class=\"page-title-inner container align-bottom text-center flex-row-col medium-flex-wrap\" >\n              <div class=\"title-wrapper is-xlarge flex-col\">\n          <h1 class=\"entry-title mb-0\">\n            Tratamiento de las estr\u00edas          <\/h1>\n        <\/div>\n                    <div class=\"title-content flex-col\">\n        <div class=\"title-breadcrumbs pb-half pt-half\"><\/div>      <\/div>\n    <\/div>\n\n     \n<style>\n#page-header-631554550 .page-title-inner {\n  min-height: 300px;\n}\n#page-header-631554550 .title-bg {\n  background-image: url(https:\/\/dravillanueva.com\/medicina-estetica\/wp-content\/uploads\/draV-tratamiento-estrias.png);\n  background-position: 32% 22%;\n}\n#page-header-631554550 .title-overlay {\n  background-color: rgba(0, 0, 0, 0.5);\n}\n<\/style>\n  <\/div>\n    <\/div>\n  \n\t<div id=\"gap-135155436\" class=\"gap-element clearfix\" style=\"display:block; height:auto;\">\n\t\t\n<style>\n#gap-135155436 {\n  padding-top: 80px;\n}\n<\/style>\n\t<\/div>\n\t\n<div class=\"row align-center\"  id=\"row-833361588\">\n\n\t<div id=\"col-1348636119\" class=\"col medium-10 small-12 large-10\"  >\n\t\t\t\t<div class=\"col-inner\"  >\n\t\t\t\n\t\t\t\n<p>Las estr\u00edas son zonas de atrofia cut\u00e1nea o adelgazamiento de la piel producidas por la rotura de las fibras que le dan estructura, como son la elastina y el col\u00e1geno, qu\u00e9 por diversas causas, como el crecimiento r\u00e1pido, los cambios hormonales o el embarazo pueden aparecer.<\/p>\n\t<div id=\"gap-2064613057\" class=\"gap-element clearfix\" style=\"display:block; height:auto;\">\n\t\t\n<style>\n#gap-2064613057 {\n  padding-top: 20px;\n}\n<\/style>\n\t<\/div>\n\t\n\t\t<\/div>\n\t\t\t\t\t<\/div>\n\n\t\n<\/div>\n<div class=\"row align-center\"  id=\"row-1582517975\">\n\n\t<div id=\"col-1412914949\" class=\"col small-12 large-12\"  >\n\t\t\t\t<div class=\"col-inner\"  >\n\t\t\t\n\t\t\t\n<p style=\"text-align: center;\"><strong>Las estr\u00edas pueden aparecer en cualquier parte del cuerpo, en funci\u00f3n del color podemos distinguir dos tipos.<\/strong><\/p>\n\t<div id=\"gap-667930942\" class=\"gap-element clearfix\" style=\"display:block; height:auto;\">\n\t\t\n<style>\n#gap-667930942 {\n  padding-top: 10px;\n}\n<\/style>\n\t<\/div>\n\t\n<div class=\"row\"  id=\"row-1286621466\">\n\n\t<div id=\"col-2132119465\" class=\"col medium-6 small-12 large-6\"  >\n\t\t\t\t<div class=\"col-inner\"  >\n\t\t\t\n\t\t\t\n<ul>\n<li><strong>Estr\u00edas rojas<\/strong> son recientes, el color nos indica que se acaban de producir, el tejido puede estar incluso viol\u00e1ceo, est\u00e1n en fase inflamatoria y con el tiempo van a ir mejorando.<\/li>\n<\/ul>\n\t\t<\/div>\n\t\t\t\t\t<\/div>\n\n\t\n\n\t<div id=\"col-655374260\" class=\"col medium-6 small-12 large-6\"  >\n\t\t\t\t<div class=\"col-inner\"  >\n\t\t\t\n\t\t\t\n<ul>\n<li><strong>Estr\u00edas blancas<\/strong> son estr\u00edas antiguas, podemos decir que ya ha cicatrizado la piel, son blanquecinas a veces nacaradas y la piel es m\u00e1s fina y atr\u00f3fica que la del tejido de alrededor. Mejorar las estr\u00edas blancas es m\u00e1s dif\u00edcil.<\/li>\n<\/ul>\n\t\t<\/div>\n\t\t\t\t\t<\/div>\n\n\t\n<\/div>\n\t\t<\/div>\n\t\t\t\t\t<\/div>\n\n\t\n<\/div>\n<div class=\"row align-center\"  id=\"row-982628876\">\n\n\t<div id=\"col-651268650\" class=\"col small-12 large-12\"  >\n\t\t\t\t<div class=\"col-inner\"  >\n\t\t\t\n\t\t\t\n<p>Podemos tratar las estr\u00edas mediante <strong>L\u00e1ser ablativo<\/strong> (<strong>Resurfx) <\/strong>que produce unas columnas de calor para remodelar las fibras atr\u00f3ficas de col\u00e1geno y la elastina, mejorando el aspecto de la estr\u00eda.<\/p>\n<p>Tambi\u00e9n mejoran con la combinaci\u00f3n de <strong>L\u00e1ser ablativo y Factores de Crecimiento Plaquetario<\/strong> (PRP) para acelerar la regeneraci\u00f3n.<\/p>\n<p>Otro tratamiento que resulta eficaz es el <strong>Microneedeling<\/strong> con factores de crecimiento ya sean plaquetarios o de origen sint\u00e9tico o vegetal.<\/p>\n<p>En general son necesarias varias sesiones dependiendo del caso y de si son estr\u00edas blancas o rojas. Tambi\u00e9n depende de la zona donde est\u00e1n las estr\u00edas es m\u00e1s dif\u00edcil su resoluci\u00f3n.<\/p>\n\t<div id=\"gap-1657628390\" class=\"gap-element clearfix\" style=\"display:block; height:auto;\">\n\t\t\n<style>\n#gap-1657628390 {\n  padding-top: 20px;\n}\n<\/style>\n\t<\/div>\n\t\n\t\t<\/div>\n\t\t\t\t\t<\/div>\n\n\t\n<\/div>\n<div class=\"row align-center\"  id=\"row-680537675\">\n\n\t<div id=\"col-1841129252\" class=\"col small-12 large-12\"  >\n\t\t\t\t<div class=\"col-inner\"  >\n\t\t\t\n\t\t\t\n<blockquote>\n<p>La prevenci\u00f3n es la clave para evitar la aparici\u00f3n de estr\u00edas y es recomendable evitar subidas bruscas de peso y tratar la piel en situaciones de riesgo como el embarazo o la adolescencia con cremas que mantengan la piel nutrida, hidratada y el\u00e1stica.<\/p>\n<\/blockquote>\n\t<div id=\"gap-464211546\" class=\"gap-element clearfix\" style=\"display:block; height:auto;\">\n\t\t\n<style>\n#gap-464211546 {\n  padding-top: 20px;\n}\n<\/style>\n\t<\/div>\n\t\n\t\t<\/div>\n\t\t\t\t\t<\/div>\n\n\t\n<\/div>\n\t<div id=\"gap-1720320363\" class=\"gap-element clearfix\" style=\"display:block; height:auto;\">\n\t\t\n<style>\n#gap-1720320363 {\n  padding-top: 60px;\n}\n<\/style>\n\t<\/div>\n\t\n\t<section class=\"section\" id=\"section_1536176098\">\n\t\t<div class=\"bg section-bg fill bg-fill  bg-loaded\" >\n\n\t\t\t\n\t\t\t\n\t\t\t\n\n\t\t<\/div>\n\n\t\t\n\n\t\t<div class=\"section-content relative\">\n\t\t\t\n<h2 style=\"text-align: center;\"><span style=\"font-size: 120%;\">Art\u00edculos relacionados<\/span><\/h2>\n\t<div id=\"gap-1444628934\" class=\"gap-element clearfix\" style=\"display:block; height:auto;\">\n\t\t\n<style>\n#gap-1444628934 {\n  padding-top: 15px;\n}\n<\/style>\n\t<\/div>\n\t\n<div class=\"row\"  id=\"row-556461880\">\n\n\t<div id=\"col-1038318401\" class=\"col medium-6 small-12 large-6\"  >\n\t\t\t\t<div class=\"col-inner text-center\"  >\n\t\t\t\n\t\t\t\n\n  <div class=\"banner has-hover bg-zoom bg-overlay-remove-50\" id=\"banner-917913667\">\n          <div class=\"banner-inner fill\">\n        <div class=\"banner-bg fill\" >\n            <div class=\"bg fill bg-fill \"><\/div>\n                        <div class=\"overlay\"><\/div>            \n                    <\/div>\n\t\t\n        <div class=\"banner-layers container\">\n            <a class=\"fill\" href=\"http:\/\/dravillanueva.com\/medicina-estetica\/lo-puedes-piel-despues-del-verano\/\"  ><div class=\"fill banner-link\"><\/div><\/a>            \n   <div id=\"text-box-8650486\" class=\"text-box banner-layer x50 md-x50 lg-x50 y80 md-y80 lg-y80 res-text\">\n                                <div class=\"text-box-content text dark\">\n              \n              <div class=\"text-inner text-center\">\n                  \n<h4 class=\"uppercase\">Todo lo que puedes hacer con tu piel despu\u00e9s del verano<\/h4>\n              <\/div>\n           <\/div>\n                            \n<style>\n#text-box-8650486 {\n  width: 60%;\n}\n#text-box-8650486 .text-box-content {\n  font-size: 100%;\n}\n<\/style>\n    <\/div>\n \n        <\/div>\n      <\/div>\n\n            \n<style>\n#banner-917913667 {\n  padding-top: 300px;\n}\n#banner-917913667 .bg.bg-loaded {\n  background-image: url(https:\/\/dravillanueva.com\/medicina-estetica\/wp-content\/uploads\/todo-lo-que-puedes-hacer-con-tu-piel-despus-del-verano-1024x682.jpg);\n}\n#banner-917913667 .overlay {\n  background-color: rgba(0,0,0,.5);\n}\n#banner-917913667 .bg {\n  background-position: 86% 37%;\n}\n#banner-917913667 .ux-shape-divider--top svg {\n  height: 150px;\n  --divider-top-width: 100%;\n}\n#banner-917913667 .ux-shape-divider--bottom svg {\n  height: 150px;\n  --divider-width: 100%;\n}\n<\/style>\n  <\/div>\n\n\n\t<div id=\"gap-2057673766\" class=\"gap-element clearfix\" style=\"display:block; height:auto;\">\n\t\t\n<style>\n#gap-2057673766 {\n  padding-top: 30px;\n}\n<\/style>\n\t<\/div>\n\t\n\t\t<\/div>\n\t\t\t\t\t<\/div>\n\n\t\n\n\t<div id=\"col-194808993\" class=\"col medium-6 small-12 large-6\"  >\n\t\t\t\t<div class=\"col-inner text-center\"  >\n\t\t\t\n\t\t\t\n\n  <div class=\"banner has-hover bg-zoom bg-overlay-remove-50\" id=\"banner-1659737175\">\n          <div class=\"banner-inner fill\">\n        <div class=\"banner-bg fill\" >\n            <div class=\"bg fill bg-fill \"><\/div>\n                        <div class=\"overlay\"><\/div>            \n                    <\/div>\n\t\t\n        <div class=\"banner-layers container\">\n            <a class=\"fill\" href=\"http:\/\/dravillanueva.com\/medicina-estetica\/aprovecha-invierno-mejorar-la-calidad-la-piel\/\"  ><div class=\"fill banner-link\"><\/div><\/a>            \n   <div id=\"text-box-455600985\" class=\"text-box banner-layer x50 md-x50 lg-x50 y80 md-y80 lg-y80 res-text\">\n                                <div class=\"text-box-content text dark\">\n              \n              <div class=\"text-inner text-center\">\n                  \n<h4 class=\"uppercase\">Aprovecha el invierno para mejorar la calidad de la piel<\/h4>\n              <\/div>\n           <\/div>\n                            \n<style>\n#text-box-455600985 {\n  width: 60%;\n}\n#text-box-455600985 .text-box-content {\n  font-size: 100%;\n}\n<\/style>\n    <\/div>\n \n        <\/div>\n      <\/div>\n\n            \n<style>\n#banner-1659737175 {\n  padding-top: 300px;\n}\n#banner-1659737175 .bg.bg-loaded {\n  background-image: url(https:\/\/dravillanueva.com\/medicina-estetica\/wp-content\/uploads\/aprovecha-el-invierno-para-mejorar-la-calidad-de-la-piel-1024x722.jpg);\n}\n#banner-1659737175 .overlay {\n  background-color: rgba(0,0,0,.5);\n}\n#banner-1659737175 .bg {\n  background-position: 17% 48%;\n}\n#banner-1659737175 .ux-shape-divider--top svg {\n  height: 150px;\n  --divider-top-width: 100%;\n}\n#banner-1659737175 .ux-shape-divider--bottom svg {\n  height: 150px;\n  --divider-width: 100%;\n}\n<\/style>\n  <\/div>\n\n\n\t<div id=\"gap-996965871\" class=\"gap-element clearfix\" style=\"display:block; height:auto;\">\n\t\t\n<style>\n#gap-996965871 {\n  padding-top: 30px;\n}\n<\/style>\n\t<\/div>\n\t\n\t\t<\/div>\n\t\t\t\t\t<\/div>\n\n\t\n<\/div>\n\t\t<\/div>\n\n\t\t\n<style>\n#section_1536176098 {\n  padding-top: 45px;\n  padding-bottom: 45px;\n  background-color: rgb(255,255,255);\n}\n#section_1536176098 .ux-shape-divider--top svg {\n  height: 150px;\n  --divider-top-width: 100%;\n}\n#section_1536176098 .ux-shape-divider--bottom svg {\n  height: 150px;\n  --divider-width: 100%;\n}\n<\/style>\n\t<\/section>\n\t\n\n  <div class=\"banner has-hover\" id=\"banner-1802819722\">\n          <div class=\"banner-inner fill\">\n        <div class=\"banner-bg fill\" >\n            <div class=\"bg fill bg-fill \"><\/div>\n                                    \n                    <\/div>\n\t\t\n        <div class=\"banner-layers container\">\n            <div class=\"fill banner-link\"><\/div>            \n   <div id=\"text-box-1285732390\" class=\"text-box banner-layer x50 md-x50 lg-x50 y50 md-y50 lg-y50 res-text\">\n                                <div class=\"text-box-content text dark\">\n              \n              <div class=\"text-inner text-center\">\n                  \n<h3><span style=\"font-size: 85%;\">Pide tu cita llamando al\u00a0933 622 565 o si lo prefieres contacta con nosotros.<\/span><\/h3>\n\t<div id=\"gap-1267017905\" class=\"gap-element clearfix\" style=\"display:block; height:auto;\">\n\t\t\n<style>\n#gap-1267017905 {\n  padding-top: 30px;\n}\n<\/style>\n\t<\/div>\n\t\n<a href=\"http:\/\/dravillanueva.com\/medicina-estetica\/contactar\/\" target=\"_self\" class=\"button white is-outline\"  style=\"border-radius:99px;\">\n    <span>quiero enviar un mensaje<\/span>\n  <\/a>\n\n              <\/div>\n           <\/div>\n                            \n<style>\n#text-box-1285732390 {\n  width: 90%;\n}\n#text-box-1285732390 .text-box-content {\n  font-size: 100%;\n}\n@media (min-width:550px) {\n  #text-box-1285732390 {\n    width: 48%;\n  }\n}\n<\/style>\n    <\/div>\n \n        <\/div>\n      <\/div>\n\n            \n<style>\n#banner-1802819722 {\n  padding-top: 225px;\n  background-color: rgb(210, 110, 75);\n}\n#banner-1802819722 .ux-shape-divider--top svg {\n  height: 150px;\n  --divider-top-width: 100%;\n}\n#banner-1802819722 .ux-shape-divider--bottom svg {\n  height: 150px;\n  --divider-width: 100%;\n}\n@media (min-width:550px) {\n  #banner-1802819722 {\n    padding-top: 300px;\n  }\n}\n<\/style>\n  <\/div>\n\n\n","protected":false},"excerpt":{"rendered":"Tratamiento de las estr\u00edas #page-header-1302103225 .page-title-inner { min-height: 300px; } #page-header-1302103225 .title-bg { background-image: url(https:\/\/dravillanueva.com\/medicina-estetica\/wp-content\/uploads\/draV-tratamiento-estrias.png); background-position: 32% 22%; } #page-header-1302103225 .title-overlay { background-color: rgba(0, 0, 0, 0.5); } #gap-207977521 { padding-top: 80px; } Las estr\u00edas son zonas de atrofia cut\u00e1nea o adelgazamiento de la piel producidas por la rotura de las fibras que le dan [...]","protected":false},"author":4,"featured_media":15127,"parent":0,"menu_order":0,"comment_status":"open","ping_status":"closed","template":"","meta":{"h5ap_radio_sources":[],"footnotes":""},"class_list":["post-15044","page","type-page","status-publish","has-post-thumbnail","hentry"],"yoast_head":"<!-- This site is optimized with the Yoast SEO plugin v27.4 - https:\/\/yoast.com\/product\/yoast-seo-wordpress\/ -->\n<title>Tratamiento de las estr\u00edas - Dravillanueva.com<\/title>\n<meta name=\"description\" content=\"Las estr\u00edas son zonas de atrofia cut\u00e1nea o adelgazamiento de la piel producidas por la rotura de las fibras que le dan estructura, como son la elastina y el col\u00e1geno.\" \/>\n<meta name=\"robots\" content=\"index, follow, max-snippet:-1, max-image-preview:large, max-video-preview:-1\" \/>\n<link rel=\"canonical\" href=\"https:\/\/dravillanueva.com\/medicina-estetica\/tratamiento-de-las-estrias\/\" \/>\n<meta property=\"og:locale\" content=\"es_ES\" \/>\n<meta property=\"og:type\" content=\"article\" \/>\n<meta property=\"og:title\" content=\"Tratamiento de las estr\u00edas - Dravillanueva.com\" \/>\n<meta property=\"og:description\" content=\"Las estr\u00edas son zonas de atrofia cut\u00e1nea o adelgazamiento de la piel producidas por la rotura de las fibras que le dan estructura, como son la elastina y el col\u00e1geno.\" \/>\n<meta property=\"og:url\" content=\"https:\/\/dravillanueva.com\/medicina-estetica\/tratamiento-de-las-estrias\/\" \/>\n<meta property=\"og:site_name\" content=\"Dravillanueva.com\" \/>\n<meta property=\"article:modified_time\" content=\"2020-05-25T08:09:46+00:00\" \/>\n<meta property=\"og:image\" content=\"https:\/\/dravillanueva.com\/medicina-estetica\/wp-content\/uploads\/draV-tratamiento-estrias.png\" \/>\n\t<meta property=\"og:image:width\" content=\"1250\" \/>\n\t<meta property=\"og:image:height\" content=\"833\" \/>\n\t<meta property=\"og:image:type\" content=\"image\/png\" \/>\n<meta name=\"twitter:card\" content=\"summary_large_image\" \/>\n<meta name=\"twitter:label1\" content=\"Tiempo de lectura\" \/>\n\t<meta name=\"twitter:data1\" content=\"3 minutos\" \/>\n<script type=\"application\/ld+json\" class=\"yoast-schema-graph\">{\"@context\":\"https:\\\/\\\/schema.org\",\"@graph\":[{\"@type\":\"WebPage\",\"@id\":\"https:\\\/\\\/dravillanueva.com\\\/medicina-estetica\\\/tratamiento-de-las-estrias\\\/\",\"url\":\"https:\\\/\\\/dravillanueva.com\\\/medicina-estetica\\\/tratamiento-de-las-estrias\\\/\",\"name\":\"Tratamiento de las estr\u00edas - Dravillanueva.com\",\"isPartOf\":{\"@id\":\"https:\\\/\\\/dravillanueva.com\\\/medicina-estetica\\\/#website\"},\"primaryImageOfPage\":{\"@id\":\"https:\\\/\\\/dravillanueva.com\\\/medicina-estetica\\\/tratamiento-de-las-estrias\\\/#primaryimage\"},\"image\":{\"@id\":\"https:\\\/\\\/dravillanueva.com\\\/medicina-estetica\\\/tratamiento-de-las-estrias\\\/#primaryimage\"},\"thumbnailUrl\":\"https:\\\/\\\/dravillanueva.com\\\/medicina-estetica\\\/wp-content\\\/uploads\\\/draV-tratamiento-estrias.png\",\"datePublished\":\"2020-05-18T07:42:20+00:00\",\"dateModified\":\"2020-05-25T08:09:46+00:00\",\"description\":\"Las estr\u00edas son zonas de atrofia cut\u00e1nea o adelgazamiento de la piel producidas por la rotura de las fibras que le dan estructura, como son la elastina y el col\u00e1geno.\",\"breadcrumb\":{\"@id\":\"https:\\\/\\\/dravillanueva.com\\\/medicina-estetica\\\/tratamiento-de-las-estrias\\\/#breadcrumb\"},\"inLanguage\":\"es\",\"potentialAction\":[{\"@type\":\"ReadAction\",\"target\":[\"https:\\\/\\\/dravillanueva.com\\\/medicina-estetica\\\/tratamiento-de-las-estrias\\\/\"]}]},{\"@type\":\"ImageObject\",\"inLanguage\":\"es\",\"@id\":\"https:\\\/\\\/dravillanueva.com\\\/medicina-estetica\\\/tratamiento-de-las-estrias\\\/#primaryimage\",\"url\":\"https:\\\/\\\/dravillanueva.com\\\/medicina-estetica\\\/wp-content\\\/uploads\\\/draV-tratamiento-estrias.png\",\"contentUrl\":\"https:\\\/\\\/dravillanueva.com\\\/medicina-estetica\\\/wp-content\\\/uploads\\\/draV-tratamiento-estrias.png\",\"width\":1250,\"height\":833,\"caption\":\"tratamiento estrias\"},{\"@type\":\"BreadcrumbList\",\"@id\":\"https:\\\/\\\/dravillanueva.com\\\/medicina-estetica\\\/tratamiento-de-las-estrias\\\/#breadcrumb\",\"itemListElement\":[{\"@type\":\"ListItem\",\"position\":1,\"name\":\"Portada\",\"item\":\"https:\\\/\\\/dravillanueva.com\\\/medicina-estetica\\\/\"},{\"@type\":\"ListItem\",\"position\":2,\"name\":\"Tratamiento de las estr\u00edas\"}]},{\"@type\":\"WebSite\",\"@id\":\"https:\\\/\\\/dravillanueva.com\\\/medicina-estetica\\\/#website\",\"url\":\"https:\\\/\\\/dravillanueva.com\\\/medicina-estetica\\\/\",\"name\":\"Dravillanueva.com\",\"description\":\"Especialista en Medicina Est\u00e9tica\",\"potentialAction\":[{\"@type\":\"SearchAction\",\"target\":{\"@type\":\"EntryPoint\",\"urlTemplate\":\"https:\\\/\\\/dravillanueva.com\\\/medicina-estetica\\\/?s={search_term_string}\"},\"query-input\":{\"@type\":\"PropertyValueSpecification\",\"valueRequired\":true,\"valueName\":\"search_term_string\"}}],\"inLanguage\":\"es\"}]}<\/script>\n<!-- \/ Yoast SEO plugin. -->","yoast_head_json":{"title":"Tratamiento de las estr\u00edas - Dravillanueva.com","description":"Las estr\u00edas son zonas de atrofia cut\u00e1nea o adelgazamiento de la piel producidas por la rotura de las fibras que le dan estructura, como son la elastina y el col\u00e1geno.","robots":{"index":"index","follow":"follow","max-snippet":"max-snippet:-1","max-image-preview":"max-image-preview:large","max-video-preview":"max-video-preview:-1"},"canonical":"https:\/\/dravillanueva.com\/medicina-estetica\/tratamiento-de-las-estrias\/","og_locale":"es_ES","og_type":"article","og_title":"Tratamiento de las estr\u00edas - Dravillanueva.com","og_description":"Las estr\u00edas son zonas de atrofia cut\u00e1nea o adelgazamiento de la piel producidas por la rotura de las fibras que le dan estructura, como son la elastina y el col\u00e1geno.","og_url":"https:\/\/dravillanueva.com\/medicina-estetica\/tratamiento-de-las-estrias\/","og_site_name":"Dravillanueva.com","article_modified_time":"2020-05-25T08:09:46+00:00","og_image":[{"width":1250,"height":833,"url":"https:\/\/dravillanueva.com\/medicina-estetica\/wp-content\/uploads\/draV-tratamiento-estrias.png","type":"image\/png"}],"twitter_card":"summary_large_image","twitter_misc":{"Tiempo de lectura":"3 minutos"},"schema":{"@context":"https:\/\/schema.org","@graph":[{"@type":"WebPage","@id":"https:\/\/dravillanueva.com\/medicina-estetica\/tratamiento-de-las-estrias\/","url":"https:\/\/dravillanueva.com\/medicina-estetica\/tratamiento-de-las-estrias\/","name":"Tratamiento de las estr\u00edas - Dravillanueva.com","isPartOf":{"@id":"https:\/\/dravillanueva.com\/medicina-estetica\/#website"},"primaryImageOfPage":{"@id":"https:\/\/dravillanueva.com\/medicina-estetica\/tratamiento-de-las-estrias\/#primaryimage"},"image":{"@id":"https:\/\/dravillanueva.com\/medicina-estetica\/tratamiento-de-las-estrias\/#primaryimage"},"thumbnailUrl":"https:\/\/dravillanueva.com\/medicina-estetica\/wp-content\/uploads\/draV-tratamiento-estrias.png","datePublished":"2020-05-18T07:42:20+00:00","dateModified":"2020-05-25T08:09:46+00:00","description":"Las estr\u00edas son zonas de atrofia cut\u00e1nea o adelgazamiento de la piel producidas por la rotura de las fibras que le dan estructura, como son la elastina y el col\u00e1geno.","breadcrumb":{"@id":"https:\/\/dravillanueva.com\/medicina-estetica\/tratamiento-de-las-estrias\/#breadcrumb"},"inLanguage":"es","potentialAction":[{"@type":"ReadAction","target":["https:\/\/dravillanueva.com\/medicina-estetica\/tratamiento-de-las-estrias\/"]}]},{"@type":"ImageObject","inLanguage":"es","@id":"https:\/\/dravillanueva.com\/medicina-estetica\/tratamiento-de-las-estrias\/#primaryimage","url":"https:\/\/dravillanueva.com\/medicina-estetica\/wp-content\/uploads\/draV-tratamiento-estrias.png","contentUrl":"https:\/\/dravillanueva.com\/medicina-estetica\/wp-content\/uploads\/draV-tratamiento-estrias.png","width":1250,"height":833,"caption":"tratamiento estrias"},{"@type":"BreadcrumbList","@id":"https:\/\/dravillanueva.com\/medicina-estetica\/tratamiento-de-las-estrias\/#breadcrumb","itemListElement":[{"@type":"ListItem","position":1,"name":"Portada","item":"https:\/\/dravillanueva.com\/medicina-estetica\/"},{"@type":"ListItem","position":2,"name":"Tratamiento de las estr\u00edas"}]},{"@type":"WebSite","@id":"https:\/\/dravillanueva.com\/medicina-estetica\/#website","url":"https:\/\/dravillanueva.com\/medicina-estetica\/","name":"Dravillanueva.com","description":"Especialista en Medicina Est\u00e9tica","potentialAction":[{"@type":"SearchAction","target":{"@type":"EntryPoint","urlTemplate":"https:\/\/dravillanueva.com\/medicina-estetica\/?s={search_term_string}"},"query-input":{"@type":"PropertyValueSpecification","valueRequired":true,"valueName":"search_term_string"}}],"inLanguage":"es"}]}},"amp_enabled":true,"_links":{"self":[{"href":"https:\/\/dravillanueva.com\/medicina-estetica\/wp-json\/wp\/v2\/pages\/15044","targetHints":{"allow":["GET"]}}],"collection":[{"href":"https:\/\/dravillanueva.com\/medicina-estetica\/wp-json\/wp\/v2\/pages"}],"about":[{"href":"https:\/\/dravillanueva.com\/medicina-estetica\/wp-json\/wp\/v2\/types\/page"}],"author":[{"embeddable":true,"href":"https:\/\/dravillanueva.com\/medicina-estetica\/wp-json\/wp\/v2\/users\/4"}],"replies":[{"embeddable":true,"href":"https:\/\/dravillanueva.com\/medicina-estetica\/wp-json\/wp\/v2\/comments?post=15044"}],"version-history":[{"count":6,"href":"https:\/\/dravillanueva.com\/medicina-estetica\/wp-json\/wp\/v2\/pages\/15044\/revisions"}],"predecessor-version":[{"id":15173,"href":"https:\/\/dravillanueva.com\/medicina-estetica\/wp-json\/wp\/v2\/pages\/15044\/revisions\/15173"}],"wp:featuredmedia":[{"embeddable":true,"href":"https:\/\/dravillanueva.com\/medicina-estetica\/wp-json\/wp\/v2\/media\/15127"}],"wp:attachment":[{"href":"https:\/\/dravillanueva.com\/medicina-estetica\/wp-json\/wp\/v2\/media?parent=15044"}],"curies":[{"name":"wp","href":"https:\/\/api.w.org\/{rel}","templated":true}]}}