
{"id":14914,"date":"2020-04-24T19:10:02","date_gmt":"2020-04-24T17:10:02","guid":{"rendered":"http:\/\/dravillanueva.com\/medicina-estetica\/?page_id=14914"},"modified":"2020-06-01T12:18:53","modified_gmt":"2020-06-01T10:18:53","slug":"mis-valores","status":"publish","type":"page","link":"https:\/\/dravillanueva.com\/medicina-estetica\/mis-valores\/","title":{"rendered":"Mis Valores"},"content":{"rendered":"\n  <div class=\"banner has-hover\" id=\"banner-665225321\">\n          <div class=\"banner-inner fill\">\n        <div class=\"banner-bg fill\" >\n            <div class=\"bg fill bg-fill \"><\/div>\n                                    \n                    <\/div>\n\t\t\n        <div class=\"banner-layers container\">\n            <div class=\"fill banner-link\"><\/div>            \n   <div id=\"text-box-1421340792\" class=\"text-box banner-layer x50 md-x50 lg-x50 y85 md-y85 lg-y85 res-text\">\n                                <div class=\"text-box-content text dark\">\n              \n              <div class=\"text-inner text-center\">\n                  \n<h3 class=\"uppercase\"><strong>MIS VALORES<\/strong><\/h3>\n<p>\u00a0<\/p>\n              <\/div>\n           <\/div>\n                            \n<style>\n#text-box-1421340792 {\n  width: 60%;\n}\n#text-box-1421340792 .text-box-content {\n  font-size: 100%;\n}\n<\/style>\n    <\/div>\n \n        <\/div>\n      <\/div>\n\n            \n<style>\n#banner-665225321 {\n  padding-top: 350px;\n  background-color: rgba(210, 110, 75, 0.75);\n}\n#banner-665225321 .ux-shape-divider--top svg {\n  height: 150px;\n  --divider-top-width: 100%;\n}\n#banner-665225321 .ux-shape-divider--bottom svg {\n  height: 150px;\n  --divider-width: 100%;\n}\n<\/style>\n  <\/div>\n\n\n\t<div id=\"gap-869982481\" class=\"gap-element clearfix\" style=\"display:block; height:auto;\">\n\t\t\n<style>\n#gap-869982481 {\n  padding-top: 70px;\n}\n<\/style>\n\t<\/div>\n\t\n<div class=\"row\"  id=\"row-1497244477\">\n\n\t<div id=\"col-1782232717\" class=\"col medium-6 small-12 large-6\"  >\n\t\t\t\t<div class=\"col-inner\"  >\n\t\t\t\n\t\t\t\n\t<div class=\"img has-hover x md-x lg-x y md-y lg-y\" id=\"image_1925376569\">\n\t\t\t\t\t\t\t\t<div class=\"img-inner image-cover dark\" style=\"padding-top:54%;\">\n\t\t\t<img loading=\"lazy\" decoding=\"async\" width=\"1020\" height=\"402\" src=\"https:\/\/dravillanueva.com\/medicina-estetica\/wp-content\/uploads\/Ponencia-sobre-rejuvenecimiento-de-la-mirada-1-1-1024x404.jpg\" class=\"attachment-large size-large\" alt=\"Ponencia sobre rejuvenecimiento de la mirada 1\" srcset=\"https:\/\/dravillanueva.com\/medicina-estetica\/wp-content\/uploads\/Ponencia-sobre-rejuvenecimiento-de-la-mirada-1-1-1024x404.jpg 1024w, https:\/\/dravillanueva.com\/medicina-estetica\/wp-content\/uploads\/Ponencia-sobre-rejuvenecimiento-de-la-mirada-1-1-300x118.jpg 300w, https:\/\/dravillanueva.com\/medicina-estetica\/wp-content\/uploads\/Ponencia-sobre-rejuvenecimiento-de-la-mirada-1-1-768x303.jpg 768w, https:\/\/dravillanueva.com\/medicina-estetica\/wp-content\/uploads\/Ponencia-sobre-rejuvenecimiento-de-la-mirada-1-1-600x237.jpg 600w, https:\/\/dravillanueva.com\/medicina-estetica\/wp-content\/uploads\/Ponencia-sobre-rejuvenecimiento-de-la-mirada-1-1-330x130.jpg 330w, https:\/\/dravillanueva.com\/medicina-estetica\/wp-content\/uploads\/Ponencia-sobre-rejuvenecimiento-de-la-mirada-1-1.jpg 1200w\" sizes=\"auto, (max-width: 1020px) 100vw, 1020px\" \/>\t\t\t\t\t\t\n\t\t\t\t\t<\/div>\n\t\t\t\t\t\t\t\t\n<style>\n#image_1925376569 {\n  width: 100%;\n}\n<\/style>\n\t<\/div>\n\t\n\t\t<\/div>\n\t\t\t\t\t<\/div>\n\n\t\n\n\t<div id=\"col-1853893847\" class=\"col medium-6 small-12 large-6\"  >\n\t\t\t\t<div class=\"col-inner\"  >\n\t\t\t\n\t\t\t\n\t<div id=\"gap-330470314\" class=\"gap-element clearfix\" style=\"display:block; height:auto;\">\n\t\t\n<style>\n#gap-330470314 {\n  padding-top: 50px;\n}\n<\/style>\n\t<\/div>\n\t\n<h2><strong>Experiencia y Formaci\u00f3n<\/strong><\/h2>\n<p>Durante mi experiencia profesional, de\u00a0<strong>m\u00e1s de 30 a\u00f1os dedicada a la Cirug\u00eda Pl\u00e1stica y a la Medicina Est\u00e9tica<\/strong>, he tenido la oportunidad de conocer la evoluci\u00f3n de toda esta vertiente de la Medicina, y he podido comprobar de primera mano que la innovaci\u00f3n en relaci\u00f3n a los tratamientos de medicina est\u00e9tica ha sido incre\u00edble.<\/p>\n<a href=\"http:\/\/dravillanueva.com\/medicina-estetica\/experiencia-y-formacion\/\" target=\"_self\" class=\"button primary is-outline is-small\"  style=\"border-radius:99px;\">\n    <span>saber m\u00e1s<\/span>\n  <\/a>\n\n\t\t<\/div>\n\t\t\t\t\t<\/div>\n\n\t\n<\/div>\n\t<div id=\"gap-1052079316\" class=\"gap-element clearfix\" style=\"display:block; height:auto;\">\n\t\t\n<style>\n#gap-1052079316 {\n  padding-top: 70px;\n}\n<\/style>\n\t<\/div>\n\t\n<div class=\"row\"  id=\"row-540872808\">\n\n\t<div id=\"col-252682679\" class=\"col medium-6 small-12 large-6\"  >\n\t\t\t\t<div class=\"col-inner\"  >\n\t\t\t\n\t\t\t\n\t<div class=\"img has-hover x md-x lg-x y md-y lg-y\" id=\"image_456569085\">\n\t\t\t\t\t\t\t\t<div class=\"img-inner image-cover dark\" style=\"padding-top:54%;\">\n\t\t\t<img loading=\"lazy\" decoding=\"async\" width=\"1020\" height=\"571\" src=\"https:\/\/dravillanueva.com\/medicina-estetica\/wp-content\/uploads\/resultados-naturales-1024x573.jpg\" class=\"attachment-large size-large\" alt=\"resultados naturales\" srcset=\"https:\/\/dravillanueva.com\/medicina-estetica\/wp-content\/uploads\/resultados-naturales-1024x573.jpg 1024w, https:\/\/dravillanueva.com\/medicina-estetica\/wp-content\/uploads\/resultados-naturales-300x168.jpg 300w, https:\/\/dravillanueva.com\/medicina-estetica\/wp-content\/uploads\/resultados-naturales-768x429.jpg 768w, https:\/\/dravillanueva.com\/medicina-estetica\/wp-content\/uploads\/resultados-naturales-600x336.jpg 600w, https:\/\/dravillanueva.com\/medicina-estetica\/wp-content\/uploads\/resultados-naturales-330x185.jpg 330w, https:\/\/dravillanueva.com\/medicina-estetica\/wp-content\/uploads\/resultados-naturales.jpg 1250w\" sizes=\"auto, (max-width: 1020px) 100vw, 1020px\" \/>\t\t\t\t\t\t\n\t\t\t\t\t<\/div>\n\t\t\t\t\t\t\t\t\n<style>\n#image_456569085 {\n  width: 100%;\n}\n<\/style>\n\t<\/div>\n\t\n\t\t<\/div>\n\t\t\t\t\t<\/div>\n\n\t\n\n\t<div id=\"col-120447838\" class=\"col medium-6 small-12 large-6\"  >\n\t\t\t\t<div class=\"col-inner\"  >\n\t\t\t\n\t\t\t\n\t<div id=\"gap-315854857\" class=\"gap-element clearfix\" style=\"display:block; height:auto;\">\n\t\t\n<style>\n#gap-315854857 {\n  padding-top: 50px;\n}\n<\/style>\n\t<\/div>\n\t\n<h2><strong>Resultados Naturales<\/strong><\/h2>\n<p>En la actualidad, la vanguardia en la Medicina Est\u00e9tica no est\u00e1 en quitarse a\u00f1os de golpe con resultados antiest\u00e9ticos, si no en lo que llamamos \u201cenvejecer bien\u201d, o \u201c<strong>retrasar los signos de envejecimiento<\/strong>\u201d, de una manera natural.<\/p>\n<a href=\"http:\/\/dravillanueva.com\/medicina-estetica\/resultados-naturales\/\" target=\"_self\" class=\"button primary is-outline is-small\"  style=\"border-radius:99px;\">\n    <span>saber m\u00e1s<\/span>\n  <\/a>\n\n\t\t<\/div>\n\t\t\t\t\t<\/div>\n\n\t\n<\/div>\n\t<div id=\"gap-2019394659\" class=\"gap-element clearfix\" style=\"display:block; height:auto;\">\n\t\t\n<style>\n#gap-2019394659 {\n  padding-top: 70px;\n}\n<\/style>\n\t<\/div>\n\t\n<div class=\"row\"  id=\"row-709129602\">\n\n\t<div id=\"col-1624651272\" class=\"col medium-6 small-12 large-6\"  >\n\t\t\t\t<div class=\"col-inner\"  >\n\t\t\t\n\t\t\t\n\t<div class=\"img has-hover x md-x lg-x y md-y lg-y\" id=\"image_1204780352\">\n\t\t\t\t\t\t\t\t<div class=\"img-inner image-cover dark\" style=\"padding-top:54%;\">\n\t\t\t<img loading=\"lazy\" decoding=\"async\" width=\"1020\" height=\"669\" src=\"https:\/\/dravillanueva.com\/medicina-estetica\/wp-content\/uploads\/Diagnostico-1024x672.jpg\" class=\"attachment-large size-large\" alt=\"Trato personalizado\" srcset=\"https:\/\/dravillanueva.com\/medicina-estetica\/wp-content\/uploads\/Diagnostico-1024x672.jpg 1024w, https:\/\/dravillanueva.com\/medicina-estetica\/wp-content\/uploads\/Diagnostico-300x197.jpg 300w, https:\/\/dravillanueva.com\/medicina-estetica\/wp-content\/uploads\/Diagnostico-768x504.jpg 768w, https:\/\/dravillanueva.com\/medicina-estetica\/wp-content\/uploads\/Diagnostico-600x394.jpg 600w, https:\/\/dravillanueva.com\/medicina-estetica\/wp-content\/uploads\/Diagnostico-330x216.jpg 330w, https:\/\/dravillanueva.com\/medicina-estetica\/wp-content\/uploads\/Diagnostico.jpg 1250w\" sizes=\"auto, (max-width: 1020px) 100vw, 1020px\" \/>\t\t\t\t\t\t\n\t\t\t\t\t<\/div>\n\t\t\t\t\t\t\t\t\n<style>\n#image_1204780352 {\n  width: 100%;\n}\n<\/style>\n\t<\/div>\n\t\n\t\t<\/div>\n\t\t\t\t\t<\/div>\n\n\t\n\n\t<div id=\"col-1477267059\" class=\"col medium-6 small-12 large-6\"  >\n\t\t\t\t<div class=\"col-inner\"  >\n\t\t\t\n\t\t\t\n\t<div id=\"gap-454523260\" class=\"gap-element clearfix\" style=\"display:block; height:auto;\">\n\t\t\n<style>\n#gap-454523260 {\n  padding-top: 50px;\n}\n<\/style>\n\t<\/div>\n\t\n<h2><strong>Trato personalizado<\/strong><\/h2>\n<p>Como en todas las ramas de la medicina, el diagn\u00f3stico es imprescindible para indicar un tratamiento. El hecho de comprender las necesidades est\u00e9ticas de los pacientes, y de determinar aquellos tratamientos que pueden cubrir dichas necesidades es un factor clave para<strong>\u00a0obtener un excelente resultado, y la completa satisfacci\u00f3n del paciente<\/strong>.<\/p>\n<a href=\"http:\/\/dravillanueva.com\/medicina-estetica\/trato-personalizado\/\" target=\"_self\" class=\"button primary is-outline is-small\"  style=\"border-radius:99px;\">\n    <span>saber m\u00e1s<\/span>\n  <\/a>\n\n\t\t<\/div>\n\t\t\t\t\t<\/div>\n\n\t\n<\/div>\n\t<div id=\"gap-1293106867\" class=\"gap-element clearfix\" style=\"display:block; height:auto;\">\n\t\t\n<style>\n#gap-1293106867 {\n  padding-top: 70px;\n}\n<\/style>\n\t<\/div>\n\t\n<div class=\"row\"  id=\"row-1411873510\">\n\n\t<div id=\"col-231779055\" class=\"col medium-6 small-12 large-6\"  >\n\t\t\t\t<div class=\"col-inner\"  >\n\t\t\t\n\t\t\t\n\t<div class=\"img has-hover x md-x lg-x y md-y lg-y\" id=\"image_837315013\">\n\t\t\t\t\t\t\t\t<div class=\"img-inner image-cover dark\" style=\"padding-top:54%;\">\n\t\t\t<img loading=\"lazy\" decoding=\"async\" width=\"1020\" height=\"680\" src=\"https:\/\/dravillanueva.com\/medicina-estetica\/wp-content\/uploads\/DraV-Clinica-2-1200x800.jpg\" class=\"attachment-large size-large\" alt=\"\" srcset=\"https:\/\/dravillanueva.com\/medicina-estetica\/wp-content\/uploads\/DraV-Clinica-2-1200x800.jpg 1200w, https:\/\/dravillanueva.com\/medicina-estetica\/wp-content\/uploads\/DraV-Clinica-2-600x400.jpg 600w, https:\/\/dravillanueva.com\/medicina-estetica\/wp-content\/uploads\/DraV-Clinica-2-768x512.jpg 768w, https:\/\/dravillanueva.com\/medicina-estetica\/wp-content\/uploads\/DraV-Clinica-2-1536x1024.jpg 1536w, https:\/\/dravillanueva.com\/medicina-estetica\/wp-content\/uploads\/DraV-Clinica-2-2048x1366.jpg 2048w\" sizes=\"auto, (max-width: 1020px) 100vw, 1020px\" \/>\t\t\t\t\t\t\n\t\t\t\t\t<\/div>\n\t\t\t\t\t\t\t\t\n<style>\n#image_837315013 {\n  width: 100%;\n}\n<\/style>\n\t<\/div>\n\t\n\t\t<\/div>\n\t\t\t\t\t<\/div>\n\n\t\n\n\t<div id=\"col-811390309\" class=\"col medium-6 small-12 large-6\"  >\n\t\t\t\t<div class=\"col-inner\"  >\n\t\t\t\n\t\t\t\n\t<div id=\"gap-392583304\" class=\"gap-element clearfix\" style=\"display:block; height:auto;\">\n\t\t\n<style>\n#gap-392583304 {\n  padding-top: 50px;\n}\n<\/style>\n\t<\/div>\n\t\n<h2><strong>Seguridad<\/strong><\/h2>\n<p>La seguridad de nuestros pacientes ha sido siempre para nosotros una prioridad. Nuestro centro est\u00e1 autorizado por el departamento de Salud de la Generalitat de Catalunya, nuestros dispositivos m\u00e9dicos cumplen los m\u00e1ximos est\u00e1ndares de calidad y utilizamos siempre los mejores productos para realizar los tratamientos respaldados por los grandes laboratorios del sector farmac\u00e9utico.<\/p>\n\t\t<\/div>\n\t\t\t\t\t<\/div>\n\n\t\n<\/div>\n\t<div id=\"gap-735352520\" class=\"gap-element clearfix\" style=\"display:block; height:auto;\">\n\t\t\n<style>\n#gap-735352520 {\n  padding-top: 70px;\n}\n<\/style>\n\t<\/div>\n\t\n","protected":false},"excerpt":{"rendered":"","protected":false},"author":4,"featured_media":0,"parent":0,"menu_order":0,"comment_status":"closed","ping_status":"closed","template":"","meta":{"h5ap_radio_sources":[],"footnotes":""},"class_list":["post-14914","page","type-page","status-publish","hentry"],"yoast_head":"<!-- This site is optimized with the Yoast SEO plugin v27.5 - https:\/\/yoast.com\/product\/yoast-seo-wordpress\/ -->\n<title>Mis Valores - Dravillanueva.com<\/title>\n<meta name=\"robots\" content=\"index, follow, max-snippet:-1, max-image-preview:large, max-video-preview:-1\" \/>\n<link rel=\"canonical\" href=\"https:\/\/dravillanueva.com\/medicina-estetica\/mis-valores\/\" \/>\n<meta property=\"og:locale\" content=\"es_ES\" \/>\n<meta property=\"og:type\" content=\"article\" \/>\n<meta property=\"og:title\" content=\"Mis Valores - Dravillanueva.com\" \/>\n<meta property=\"og:url\" content=\"https:\/\/dravillanueva.com\/medicina-estetica\/mis-valores\/\" \/>\n<meta property=\"og:site_name\" content=\"Dravillanueva.com\" \/>\n<meta property=\"article:modified_time\" content=\"2020-06-01T10:18:53+00:00\" \/>\n<meta name=\"twitter:card\" content=\"summary_large_image\" \/>\n<meta name=\"twitter:label1\" content=\"Tiempo de lectura\" \/>\n\t<meta name=\"twitter:data1\" content=\"2 minutos\" \/>\n<script type=\"application\/ld+json\" class=\"yoast-schema-graph\">{\"@context\":\"https:\\\/\\\/schema.org\",\"@graph\":[{\"@type\":\"WebPage\",\"@id\":\"https:\\\/\\\/dravillanueva.com\\\/medicina-estetica\\\/mis-valores\\\/\",\"url\":\"https:\\\/\\\/dravillanueva.com\\\/medicina-estetica\\\/mis-valores\\\/\",\"name\":\"Mis Valores - Dravillanueva.com\",\"isPartOf\":{\"@id\":\"https:\\\/\\\/dravillanueva.com\\\/medicina-estetica\\\/#website\"},\"datePublished\":\"2020-04-24T17:10:02+00:00\",\"dateModified\":\"2020-06-01T10:18:53+00:00\",\"breadcrumb\":{\"@id\":\"https:\\\/\\\/dravillanueva.com\\\/medicina-estetica\\\/mis-valores\\\/#breadcrumb\"},\"inLanguage\":\"es\",\"potentialAction\":[{\"@type\":\"ReadAction\",\"target\":[\"https:\\\/\\\/dravillanueva.com\\\/medicina-estetica\\\/mis-valores\\\/\"]}]},{\"@type\":\"BreadcrumbList\",\"@id\":\"https:\\\/\\\/dravillanueva.com\\\/medicina-estetica\\\/mis-valores\\\/#breadcrumb\",\"itemListElement\":[{\"@type\":\"ListItem\",\"position\":1,\"name\":\"Portada\",\"item\":\"https:\\\/\\\/dravillanueva.com\\\/medicina-estetica\\\/\"},{\"@type\":\"ListItem\",\"position\":2,\"name\":\"Mis Valores\"}]},{\"@type\":\"WebSite\",\"@id\":\"https:\\\/\\\/dravillanueva.com\\\/medicina-estetica\\\/#website\",\"url\":\"https:\\\/\\\/dravillanueva.com\\\/medicina-estetica\\\/\",\"name\":\"Dravillanueva.com\",\"description\":\"Especialista en Medicina Est\u00e9tica\",\"potentialAction\":[{\"@type\":\"SearchAction\",\"target\":{\"@type\":\"EntryPoint\",\"urlTemplate\":\"https:\\\/\\\/dravillanueva.com\\\/medicina-estetica\\\/?s={search_term_string}\"},\"query-input\":{\"@type\":\"PropertyValueSpecification\",\"valueRequired\":true,\"valueName\":\"search_term_string\"}}],\"inLanguage\":\"es\"}]}<\/script>\n<!-- \/ Yoast SEO plugin. -->","yoast_head_json":{"title":"Mis Valores - Dravillanueva.com","robots":{"index":"index","follow":"follow","max-snippet":"max-snippet:-1","max-image-preview":"max-image-preview:large","max-video-preview":"max-video-preview:-1"},"canonical":"https:\/\/dravillanueva.com\/medicina-estetica\/mis-valores\/","og_locale":"es_ES","og_type":"article","og_title":"Mis Valores - Dravillanueva.com","og_url":"https:\/\/dravillanueva.com\/medicina-estetica\/mis-valores\/","og_site_name":"Dravillanueva.com","article_modified_time":"2020-06-01T10:18:53+00:00","twitter_card":"summary_large_image","twitter_misc":{"Tiempo de lectura":"2 minutos"},"schema":{"@context":"https:\/\/schema.org","@graph":[{"@type":"WebPage","@id":"https:\/\/dravillanueva.com\/medicina-estetica\/mis-valores\/","url":"https:\/\/dravillanueva.com\/medicina-estetica\/mis-valores\/","name":"Mis Valores - Dravillanueva.com","isPartOf":{"@id":"https:\/\/dravillanueva.com\/medicina-estetica\/#website"},"datePublished":"2020-04-24T17:10:02+00:00","dateModified":"2020-06-01T10:18:53+00:00","breadcrumb":{"@id":"https:\/\/dravillanueva.com\/medicina-estetica\/mis-valores\/#breadcrumb"},"inLanguage":"es","potentialAction":[{"@type":"ReadAction","target":["https:\/\/dravillanueva.com\/medicina-estetica\/mis-valores\/"]}]},{"@type":"BreadcrumbList","@id":"https:\/\/dravillanueva.com\/medicina-estetica\/mis-valores\/#breadcrumb","itemListElement":[{"@type":"ListItem","position":1,"name":"Portada","item":"https:\/\/dravillanueva.com\/medicina-estetica\/"},{"@type":"ListItem","position":2,"name":"Mis Valores"}]},{"@type":"WebSite","@id":"https:\/\/dravillanueva.com\/medicina-estetica\/#website","url":"https:\/\/dravillanueva.com\/medicina-estetica\/","name":"Dravillanueva.com","description":"Especialista en Medicina Est\u00e9tica","potentialAction":[{"@type":"SearchAction","target":{"@type":"EntryPoint","urlTemplate":"https:\/\/dravillanueva.com\/medicina-estetica\/?s={search_term_string}"},"query-input":{"@type":"PropertyValueSpecification","valueRequired":true,"valueName":"search_term_string"}}],"inLanguage":"es"}]}},"amp_enabled":true,"_links":{"self":[{"href":"https:\/\/dravillanueva.com\/medicina-estetica\/wp-json\/wp\/v2\/pages\/14914","targetHints":{"allow":["GET"]}}],"collection":[{"href":"https:\/\/dravillanueva.com\/medicina-estetica\/wp-json\/wp\/v2\/pages"}],"about":[{"href":"https:\/\/dravillanueva.com\/medicina-estetica\/wp-json\/wp\/v2\/types\/page"}],"author":[{"embeddable":true,"href":"https:\/\/dravillanueva.com\/medicina-estetica\/wp-json\/wp\/v2\/users\/4"}],"replies":[{"embeddable":true,"href":"https:\/\/dravillanueva.com\/medicina-estetica\/wp-json\/wp\/v2\/comments?post=14914"}],"version-history":[{"count":14,"href":"https:\/\/dravillanueva.com\/medicina-estetica\/wp-json\/wp\/v2\/pages\/14914\/revisions"}],"predecessor-version":[{"id":15205,"href":"https:\/\/dravillanueva.com\/medicina-estetica\/wp-json\/wp\/v2\/pages\/14914\/revisions\/15205"}],"wp:attachment":[{"href":"https:\/\/dravillanueva.com\/medicina-estetica\/wp-json\/wp\/v2\/media?parent=14914"}],"curies":[{"name":"wp","href":"https:\/\/api.w.org\/{rel}","templated":true}]}}