
{"id":13958,"date":"2019-11-06T13:49:27","date_gmt":"2019-11-06T11:49:27","guid":{"rendered":"http:\/\/dravillanueva.com\/medicina-estetica\/?page_id=13958"},"modified":"2025-03-23T10:44:10","modified_gmt":"2025-03-23T08:44:10","slug":"tratamientos-faciales-de-medicina-estetica","status":"publish","type":"page","link":"https:\/\/dravillanueva.com\/medicina-estetica\/tratamientos-faciales-de-medicina-estetica\/","title":{"rendered":"Tratamientos Faciales de Medicina Est\u00e9tica"},"content":{"rendered":"\n  <div class=\"banner has-hover\" id=\"banner-706832204\">\n          <div class=\"banner-inner fill\">\n        <div class=\"banner-bg fill\" >\n            <div class=\"bg fill bg-fill \"><\/div>\n                                    \n                    <\/div>\n\t\t\n        <div class=\"banner-layers container\">\n            <div class=\"fill banner-link\"><\/div>            \n   <div id=\"text-box-2012174321\" class=\"text-box banner-layer x50 md-x50 lg-x50 y85 md-y85 lg-y85 res-text\">\n                                <div class=\"text-box-content text dark\">\n              \n              <div class=\"text-inner text-left\">\n                  \n<h3 class=\"uppercase\" style=\"text-align: center;\"><strong>TRATAMIENTOS FACIALES<\/strong><\/h3>\n<p style=\"text-align: center;\">Te ofrecemos los tratamientos m\u00e1s avanzados para cuidar, preservar y potenciar la belleza de tu rostro de la forma m\u00e1s natural y sin cirug\u00eda.<\/p>\n              <\/div>\n           <\/div>\n                            \n<style>\n#text-box-2012174321 {\n  width: 60%;\n}\n#text-box-2012174321 .text-box-content {\n  font-size: 100%;\n}\n<\/style>\n    <\/div>\n \n        <\/div>\n      <\/div>\n\n            \n<style>\n#banner-706832204 {\n  padding-top: 350px;\n  background-color: #d26e4b;\n}\n#banner-706832204 .ux-shape-divider--top svg {\n  height: 150px;\n  --divider-top-width: 100%;\n}\n#banner-706832204 .ux-shape-divider--bottom svg {\n  height: 150px;\n  --divider-width: 100%;\n}\n<\/style>\n  <\/div>\n\n\n\t<div id=\"gap-1394286759\" class=\"gap-element clearfix\" style=\"display:block; height:auto;\">\n\t\t\n<style>\n#gap-1394286759 {\n  padding-top: 50px;\n}\n<\/style>\n\t<\/div>\n\t\n\t<div id=\"gap-1145362059\" class=\"gap-element clearfix\" style=\"display:block; height:auto;\">\n\t\t\n<style>\n#gap-1145362059 {\n  padding-top: 30px;\n}\n<\/style>\n\t<\/div>\n\t\n<h2 style=\"text-align: center;\"><span style=\"font-size: 140%;\">Recupera el esplendor de tu rostro<\/span><\/h2>\n<h3 style=\"text-align: center;\">Los tratamientos para la cara m\u00e1s innovadores<\/h3>\n<p style=\"text-align: center;\">Conoce los mejores tratamientos faciales, con t\u00e9cnicas de medicina est\u00e9tica innovadoras y seguras que dar\u00e1n una segunda juventud a tu rostro.<\/p>\n\t<section class=\"section\" id=\"section_1221643522\">\n\t\t<div class=\"bg section-bg fill bg-fill  bg-loaded\" >\n\n\t\t\t\n\t\t\t\n\t\t\t\n\n\t\t<\/div>\n\n\t\t\n\n\t\t<div class=\"section-content relative\">\n\t\t\t\n\t<div id=\"gap-2122674874\" class=\"gap-element clearfix\" style=\"display:block; height:auto;\">\n\t\t\n<style>\n#gap-2122674874 {\n  padding-top: 20px;\n}\n<\/style>\n\t<\/div>\n\t\n<div class=\"row row-collapse align-middle\"  id=\"row-524170371\">\n\n\t<div id=\"col-994029282\" class=\"col medium-4 small-12 large-4\"  data-animate=\"fadeInLeft\">\n\t\t\t\t<div class=\"col-inner text-right\"  >\n\t\t\t\n\t\t\t\n<h5><a href=\"http:\/\/dravillanueva.com\/medicina-estetica\/arrugas-de-expresion\/\"><span style=\"font-size: 100%;\">ARRUGAS DE EXPRESI\u00d3N<\/span><\/a><\/h5>\n<h5 class=\"uppercase\"><a href=\"http:\/\/dravillanueva.com\/medicina-estetica\/rejuvenecimiento-facial\/\"><strong><span style=\"font-size: 100%;\">rejuvenecimiento facial<\/span><\/strong><\/a><\/h5>\n<h5 class=\"uppercase\"><a href=\"http:\/\/dravillanueva.com\/medicina-estetica\/como-se-hace-un-lifting-sin-cirugia-lifting-de-8-puntos\/\"><strong><span style=\"font-size: 100%;\">Lifting de 8 puntos<\/span><\/strong><\/a><\/h5>\n<h5 class=\"uppercase\"><a href=\"http:\/\/dravillanueva.com\/medicina-estetica\/light-lift-nuevo-concepto-lifting-sin-cirugia\/\"><strong><span style=\"font-size: 100%;\">Light-lift<\/span><\/strong><\/a><\/h5>\n<h5 class=\"uppercase\"><a href=\"http:\/\/dravillanueva.com\/medicina-estetica\/remodelacion-labial\/\"><strong>remodelaci\u00f3n labial<\/strong><\/a><\/h5>\n<h5 class=\"uppercase\"><strong><a href=\"http:\/\/dravillanueva.com\/medicina-estetica\/biorrevitalizacion\/\">Biorrevitalizaci\u00f3n facial<\/a><\/strong><\/h5>\n<h5 class=\"uppercase\"><strong><a href=\"http:\/\/dravillanueva.com\/medicina-estetica\/armonizacion-del-ovalo-facial\/\">Armonizaci\u00f3n del \u00d3valo Facial<\/a><\/strong><\/h5>\n<h5 class=\"uppercase\"><strong><a href=\"http:\/\/dravillanueva.com\/medicina-estetica\/hilos-tensores-silhouettesoft\/\">Hilos Tensores<\/a><\/strong><\/h5>\n\t\t<\/div>\n\t\t\t\t\n<style>\n#col-994029282 > .col-inner {\n  padding: 20px 20px 20px 20px;\n}\n<\/style>\n\t<\/div>\n\n\t\n\n\t<div id=\"col-1985781938\" class=\"col medium-4 small-12 large-4\"  >\n\t\t\t\t<div class=\"col-inner\"  >\n\t\t\t\n\t<div class=\"is-border\"\n\t\tstyle=\"border-width:0px 0px 0 0px;margin:0px 0px 0 0px;\">\n\t<\/div>\n\t\t\t\n\t<div class=\"img has-hover x md-x lg-x y md-y lg-y\" id=\"image_21613546\">\n\t\t\t\t\t\t\t\t<div class=\"img-inner image-cover dark\" style=\"padding-top:120%;\">\n\t\t\t<img loading=\"lazy\" decoding=\"async\" width=\"2140\" height=\"2114\" src=\"https:\/\/dravillanueva.com\/medicina-estetica\/wp-content\/uploads\/DraV-Tratamientos-faciales.jpg\" class=\"attachment-original size-original\" alt=\"\" srcset=\"https:\/\/dravillanueva.com\/medicina-estetica\/wp-content\/uploads\/DraV-Tratamientos-faciales.jpg 2140w, https:\/\/dravillanueva.com\/medicina-estetica\/wp-content\/uploads\/DraV-Tratamientos-faciales-405x400.jpg 405w, https:\/\/dravillanueva.com\/medicina-estetica\/wp-content\/uploads\/DraV-Tratamientos-faciales-810x800.jpg 810w, https:\/\/dravillanueva.com\/medicina-estetica\/wp-content\/uploads\/DraV-Tratamientos-faciales-768x759.jpg 768w, https:\/\/dravillanueva.com\/medicina-estetica\/wp-content\/uploads\/DraV-Tratamientos-faciales-600x593.jpg 600w, https:\/\/dravillanueva.com\/medicina-estetica\/wp-content\/uploads\/DraV-Tratamientos-faciales-1536x1517.jpg 1536w, https:\/\/dravillanueva.com\/medicina-estetica\/wp-content\/uploads\/DraV-Tratamientos-faciales-2048x2023.jpg 2048w\" sizes=\"auto, (max-width: 2140px) 100vw, 2140px\" \/>\t\t\t\t\t\t\n\t\t\t\t\t<\/div>\n\t\t\t\t\t\t\t\t\n<style>\n#image_21613546 {\n  width: 100%;\n}\n<\/style>\n\t<\/div>\n\t\n\t\t<\/div>\n\t\t\t\t\t<\/div>\n\n\t\n\n\t<div id=\"col-674516577\" class=\"col medium-4 small-12 large-4\"  data-animate=\"fadeInRight\">\n\t\t\t\t<div class=\"col-inner text-left\"  >\n\t\t\t\n\t\t\t\n<h5 class=\"uppercase\"><strong><a href=\"http:\/\/dravillanueva.com\/medicina-estetica\/peelings\/\">Peelings<\/a><\/strong><\/h5>\n<h5 class=\"uppercase\"><strong><a href=\"http:\/\/dravillanueva.com\/medicina-estetica\/mejora-de-la-calidad-de-la-piel\/\">Mejora de la calidad de la piel<\/a><\/strong><\/h5>\n<h5 class=\"uppercase\"><strong><a href=\"http:\/\/dravillanueva.com\/medicina-estetica\/remodelacion-lobulos-de-orejas\/\">Remodelaci\u00f3n l\u00f3bulos de orejas<\/a><\/strong><\/h5>\n<h5 class=\"uppercase\"><strong><a href=\"http:\/\/dravillanueva.com\/medicina-estetica\/correccion-nasal\/\">Correcci\u00f3n Nasal<\/a><\/strong><\/h5>\n<h5 class=\"uppercase\"><strong><a href=\"http:\/\/dravillanueva.com\/medicina-estetica\/micropuncion-con-nanopore\/\">Micropunci\u00f3n con Nanopore<\/a><\/strong><\/h5>\n<h5 class=\"uppercase\"><a href=\"http:\/\/dravillanueva.com\/medicina-estetica\/tratamientos-con-ipl\/\"><strong>tratamientos con IPL<\/strong><\/a><\/h5>\n<h5 class=\"uppercase\"><strong><a href=\"https:\/\/dravillanueva.com\/medicina-estetica\/resurfx-m22\/\">Resurfx M22<\/a><\/strong><\/h5>\n<h5 class=\"uppercase\"><strong><a href=\"http:\/\/dravillanueva.com\/medicina-estetica\/la-revolucion-de-la-terapia-fotobiodinamica\/\">terapia fotobiodin\u00e1mica<\/a><\/strong><\/h5>\n<h5 class=\"uppercase\"><strong><a href=\"https:\/\/dravillanueva.com\/medicina-estetica\/morpheus\/\">MORPHEUS<\/a><\/strong><\/h5>\n\t\t<\/div>\n\t\t\t\t\n<style>\n#col-674516577 > .col-inner {\n  padding: 20px 20px 20px 20px;\n  margin: 0px 0px 0px 20px;\n}\n<\/style>\n\t<\/div>\n\n\t\n\n<style>\n#row-524170371 > .col > .col-inner {\n  padding: 0px 0px 0 0px;\n}\n<\/style>\n<\/div>\n\t\t<\/div>\n\n\t\t\n<style>\n#section_1221643522 {\n  padding-top: 0px;\n  padding-bottom: 0px;\n  background-color: rgb(255, 255, 255);\n}\n#section_1221643522 .ux-shape-divider--top svg {\n  height: 150px;\n  --divider-top-width: 100%;\n}\n#section_1221643522 .ux-shape-divider--bottom svg {\n  height: 150px;\n  --divider-width: 100%;\n}\n@media (min-width:550px) {\n  #section_1221643522 {\n    padding-top: 0px;\n    padding-bottom: 0px;\n  }\n}\n<\/style>\n\t<\/section>\n\t\n","protected":false},"excerpt":{"rendered":"<p>Recupera el esplendor de tu rostro Los tratamientos para la cara m\u00e1s innovadores Conoce los mejores tratamientos faciales, con t\u00e9cnicas de medicina est\u00e9tica innovadoras y seguras que dar\u00e1n una segunda juventud a tu rostro.<\/p>\n","protected":false},"author":4,"featured_media":14596,"parent":0,"menu_order":0,"comment_status":"closed","ping_status":"closed","template":"","meta":{"h5ap_radio_sources":[],"footnotes":""},"class_list":["post-13958","page","type-page","status-publish","has-post-thumbnail","hentry"],"yoast_head":"<!-- This site is optimized with the Yoast SEO plugin v27.5 - https:\/\/yoast.com\/product\/yoast-seo-wordpress\/ -->\n<title>Tratamientos Faciales de Medicina Est\u00e9tica - Dravillanueva.com<\/title>\n<meta name=\"description\" content=\"En la consulta de la Dra Villanueva ponemos a su disposici\u00f3n los mejores Tratamientos Faciales de Medicina Est\u00e9tica: toxina botulinica, \u00e1cido hialur\u00f3nico,..\" \/>\n<meta name=\"robots\" content=\"index, follow, max-snippet:-1, max-image-preview:large, max-video-preview:-1\" \/>\n<link rel=\"canonical\" href=\"https:\/\/dravillanueva.com\/medicina-estetica\/tratamientos-faciales-de-medicina-estetica\/\" \/>\n<meta property=\"og:locale\" content=\"es_ES\" \/>\n<meta property=\"og:type\" content=\"article\" \/>\n<meta property=\"og:title\" content=\"Tratamientos Faciales de Medicina Est\u00e9tica - Dravillanueva.com\" \/>\n<meta property=\"og:description\" content=\"En la consulta de la Dra Villanueva ponemos a su disposici\u00f3n los mejores Tratamientos Faciales de Medicina Est\u00e9tica: toxina botulinica, \u00e1cido hialur\u00f3nico,..\" \/>\n<meta property=\"og:url\" content=\"https:\/\/dravillanueva.com\/medicina-estetica\/tratamientos-faciales-de-medicina-estetica\/\" \/>\n<meta property=\"og:site_name\" content=\"Dravillanueva.com\" \/>\n<meta property=\"article:modified_time\" content=\"2025-03-23T08:44:10+00:00\" \/>\n<meta property=\"og:image\" content=\"https:\/\/dravillanueva.com\/medicina-estetica\/wp-content\/uploads\/DraV-Tratamientos-faciales.jpg\" \/>\n\t<meta property=\"og:image:width\" content=\"2140\" \/>\n\t<meta property=\"og:image:height\" content=\"2114\" \/>\n\t<meta property=\"og:image:type\" content=\"image\/jpeg\" \/>\n<meta name=\"twitter:card\" content=\"summary_large_image\" \/>\n<meta name=\"twitter:label1\" content=\"Tiempo de lectura\" \/>\n\t<meta name=\"twitter:data1\" content=\"1 minuto\" \/>\n<script type=\"application\/ld+json\" class=\"yoast-schema-graph\">{\"@context\":\"https:\\\/\\\/schema.org\",\"@graph\":[{\"@type\":\"WebPage\",\"@id\":\"https:\\\/\\\/dravillanueva.com\\\/medicina-estetica\\\/tratamientos-faciales-de-medicina-estetica\\\/\",\"url\":\"https:\\\/\\\/dravillanueva.com\\\/medicina-estetica\\\/tratamientos-faciales-de-medicina-estetica\\\/\",\"name\":\"Tratamientos Faciales de Medicina Est\u00e9tica - Dravillanueva.com\",\"isPartOf\":{\"@id\":\"https:\\\/\\\/dravillanueva.com\\\/medicina-estetica\\\/#website\"},\"primaryImageOfPage\":{\"@id\":\"https:\\\/\\\/dravillanueva.com\\\/medicina-estetica\\\/tratamientos-faciales-de-medicina-estetica\\\/#primaryimage\"},\"image\":{\"@id\":\"https:\\\/\\\/dravillanueva.com\\\/medicina-estetica\\\/tratamientos-faciales-de-medicina-estetica\\\/#primaryimage\"},\"thumbnailUrl\":\"https:\\\/\\\/dravillanueva.com\\\/medicina-estetica\\\/wp-content\\\/uploads\\\/DraV-Tratamientos-faciales.jpg\",\"datePublished\":\"2019-11-06T11:49:27+00:00\",\"dateModified\":\"2025-03-23T08:44:10+00:00\",\"description\":\"En la consulta de la Dra Villanueva ponemos a su disposici\u00f3n los mejores Tratamientos Faciales de Medicina Est\u00e9tica: toxina botulinica, \u00e1cido hialur\u00f3nico,..\",\"breadcrumb\":{\"@id\":\"https:\\\/\\\/dravillanueva.com\\\/medicina-estetica\\\/tratamientos-faciales-de-medicina-estetica\\\/#breadcrumb\"},\"inLanguage\":\"es\",\"potentialAction\":[{\"@type\":\"ReadAction\",\"target\":[\"https:\\\/\\\/dravillanueva.com\\\/medicina-estetica\\\/tratamientos-faciales-de-medicina-estetica\\\/\"]}]},{\"@type\":\"ImageObject\",\"inLanguage\":\"es\",\"@id\":\"https:\\\/\\\/dravillanueva.com\\\/medicina-estetica\\\/tratamientos-faciales-de-medicina-estetica\\\/#primaryimage\",\"url\":\"https:\\\/\\\/dravillanueva.com\\\/medicina-estetica\\\/wp-content\\\/uploads\\\/DraV-Tratamientos-faciales.jpg\",\"contentUrl\":\"https:\\\/\\\/dravillanueva.com\\\/medicina-estetica\\\/wp-content\\\/uploads\\\/DraV-Tratamientos-faciales.jpg\",\"width\":2140,\"height\":2114},{\"@type\":\"BreadcrumbList\",\"@id\":\"https:\\\/\\\/dravillanueva.com\\\/medicina-estetica\\\/tratamientos-faciales-de-medicina-estetica\\\/#breadcrumb\",\"itemListElement\":[{\"@type\":\"ListItem\",\"position\":1,\"name\":\"Portada\",\"item\":\"https:\\\/\\\/dravillanueva.com\\\/medicina-estetica\\\/\"},{\"@type\":\"ListItem\",\"position\":2,\"name\":\"Tratamientos Faciales de Medicina Est\u00e9tica\"}]},{\"@type\":\"WebSite\",\"@id\":\"https:\\\/\\\/dravillanueva.com\\\/medicina-estetica\\\/#website\",\"url\":\"https:\\\/\\\/dravillanueva.com\\\/medicina-estetica\\\/\",\"name\":\"Dravillanueva.com\",\"description\":\"Especialista en Medicina Est\u00e9tica\",\"potentialAction\":[{\"@type\":\"SearchAction\",\"target\":{\"@type\":\"EntryPoint\",\"urlTemplate\":\"https:\\\/\\\/dravillanueva.com\\\/medicina-estetica\\\/?s={search_term_string}\"},\"query-input\":{\"@type\":\"PropertyValueSpecification\",\"valueRequired\":true,\"valueName\":\"search_term_string\"}}],\"inLanguage\":\"es\"}]}<\/script>\n<!-- \/ Yoast SEO plugin. -->","yoast_head_json":{"title":"Tratamientos Faciales de Medicina Est\u00e9tica - Dravillanueva.com","description":"En la consulta de la Dra Villanueva ponemos a su disposici\u00f3n los mejores Tratamientos Faciales de Medicina Est\u00e9tica: toxina botulinica, \u00e1cido hialur\u00f3nico,..","robots":{"index":"index","follow":"follow","max-snippet":"max-snippet:-1","max-image-preview":"max-image-preview:large","max-video-preview":"max-video-preview:-1"},"canonical":"https:\/\/dravillanueva.com\/medicina-estetica\/tratamientos-faciales-de-medicina-estetica\/","og_locale":"es_ES","og_type":"article","og_title":"Tratamientos Faciales de Medicina Est\u00e9tica - Dravillanueva.com","og_description":"En la consulta de la Dra Villanueva ponemos a su disposici\u00f3n los mejores Tratamientos Faciales de Medicina Est\u00e9tica: toxina botulinica, \u00e1cido hialur\u00f3nico,..","og_url":"https:\/\/dravillanueva.com\/medicina-estetica\/tratamientos-faciales-de-medicina-estetica\/","og_site_name":"Dravillanueva.com","article_modified_time":"2025-03-23T08:44:10+00:00","og_image":[{"width":2140,"height":2114,"url":"https:\/\/dravillanueva.com\/medicina-estetica\/wp-content\/uploads\/DraV-Tratamientos-faciales.jpg","type":"image\/jpeg"}],"twitter_card":"summary_large_image","twitter_misc":{"Tiempo de lectura":"1 minuto"},"schema":{"@context":"https:\/\/schema.org","@graph":[{"@type":"WebPage","@id":"https:\/\/dravillanueva.com\/medicina-estetica\/tratamientos-faciales-de-medicina-estetica\/","url":"https:\/\/dravillanueva.com\/medicina-estetica\/tratamientos-faciales-de-medicina-estetica\/","name":"Tratamientos Faciales de Medicina Est\u00e9tica - Dravillanueva.com","isPartOf":{"@id":"https:\/\/dravillanueva.com\/medicina-estetica\/#website"},"primaryImageOfPage":{"@id":"https:\/\/dravillanueva.com\/medicina-estetica\/tratamientos-faciales-de-medicina-estetica\/#primaryimage"},"image":{"@id":"https:\/\/dravillanueva.com\/medicina-estetica\/tratamientos-faciales-de-medicina-estetica\/#primaryimage"},"thumbnailUrl":"https:\/\/dravillanueva.com\/medicina-estetica\/wp-content\/uploads\/DraV-Tratamientos-faciales.jpg","datePublished":"2019-11-06T11:49:27+00:00","dateModified":"2025-03-23T08:44:10+00:00","description":"En la consulta de la Dra Villanueva ponemos a su disposici\u00f3n los mejores Tratamientos Faciales de Medicina Est\u00e9tica: toxina botulinica, \u00e1cido hialur\u00f3nico,..","breadcrumb":{"@id":"https:\/\/dravillanueva.com\/medicina-estetica\/tratamientos-faciales-de-medicina-estetica\/#breadcrumb"},"inLanguage":"es","potentialAction":[{"@type":"ReadAction","target":["https:\/\/dravillanueva.com\/medicina-estetica\/tratamientos-faciales-de-medicina-estetica\/"]}]},{"@type":"ImageObject","inLanguage":"es","@id":"https:\/\/dravillanueva.com\/medicina-estetica\/tratamientos-faciales-de-medicina-estetica\/#primaryimage","url":"https:\/\/dravillanueva.com\/medicina-estetica\/wp-content\/uploads\/DraV-Tratamientos-faciales.jpg","contentUrl":"https:\/\/dravillanueva.com\/medicina-estetica\/wp-content\/uploads\/DraV-Tratamientos-faciales.jpg","width":2140,"height":2114},{"@type":"BreadcrumbList","@id":"https:\/\/dravillanueva.com\/medicina-estetica\/tratamientos-faciales-de-medicina-estetica\/#breadcrumb","itemListElement":[{"@type":"ListItem","position":1,"name":"Portada","item":"https:\/\/dravillanueva.com\/medicina-estetica\/"},{"@type":"ListItem","position":2,"name":"Tratamientos Faciales de Medicina Est\u00e9tica"}]},{"@type":"WebSite","@id":"https:\/\/dravillanueva.com\/medicina-estetica\/#website","url":"https:\/\/dravillanueva.com\/medicina-estetica\/","name":"Dravillanueva.com","description":"Especialista en Medicina Est\u00e9tica","potentialAction":[{"@type":"SearchAction","target":{"@type":"EntryPoint","urlTemplate":"https:\/\/dravillanueva.com\/medicina-estetica\/?s={search_term_string}"},"query-input":{"@type":"PropertyValueSpecification","valueRequired":true,"valueName":"search_term_string"}}],"inLanguage":"es"}]}},"amp_enabled":true,"_links":{"self":[{"href":"https:\/\/dravillanueva.com\/medicina-estetica\/wp-json\/wp\/v2\/pages\/13958","targetHints":{"allow":["GET"]}}],"collection":[{"href":"https:\/\/dravillanueva.com\/medicina-estetica\/wp-json\/wp\/v2\/pages"}],"about":[{"href":"https:\/\/dravillanueva.com\/medicina-estetica\/wp-json\/wp\/v2\/types\/page"}],"author":[{"embeddable":true,"href":"https:\/\/dravillanueva.com\/medicina-estetica\/wp-json\/wp\/v2\/users\/4"}],"replies":[{"embeddable":true,"href":"https:\/\/dravillanueva.com\/medicina-estetica\/wp-json\/wp\/v2\/comments?post=13958"}],"version-history":[{"count":34,"href":"https:\/\/dravillanueva.com\/medicina-estetica\/wp-json\/wp\/v2\/pages\/13958\/revisions"}],"predecessor-version":[{"id":16152,"href":"https:\/\/dravillanueva.com\/medicina-estetica\/wp-json\/wp\/v2\/pages\/13958\/revisions\/16152"}],"wp:featuredmedia":[{"embeddable":true,"href":"https:\/\/dravillanueva.com\/medicina-estetica\/wp-json\/wp\/v2\/media\/14596"}],"wp:attachment":[{"href":"https:\/\/dravillanueva.com\/medicina-estetica\/wp-json\/wp\/v2\/media?parent=13958"}],"curies":[{"name":"wp","href":"https:\/\/api.w.org\/{rel}","templated":true}]}}